{"id":10190,"date":"2019-06-25T12:01:25","date_gmt":"2019-06-25T10:01:25","guid":{"rendered":"https:\/\/www.jacqueslacoste.com\/?page_id=10190"},"modified":"2019-11-26T11:35:38","modified_gmt":"2019-11-26T10:35:38","slug":"volutes-et-coups-de-fouet-column-circa-1900","status":"publish","type":"page","link":"https:\/\/www.jacqueslacoste.com\/en\/ceramics\/volutes-et-coups-de-fouet-column-circa-1900\/","title":{"rendered":"\u00ab Volutes et coups de fouet \u00bb column, circa 1900"},"content":{"rendered":"<p>[vc_row el_id=&#8221;arianne&#8221;][vc_column][vc_column_text]<nav aria-label=\"breadcrumbs\">\n            <div class=\"breadcrumb-container theme1\">\n                <ol>\n                                    <\/ol>\n            <\/div>\n        <\/nav>    <script type=\"application\/ld+json\">\n        {\n            \"@context\": \"http:\/\/schema.org\",\n            \"@type\": \"BreadcrumbList\",\n            \"itemListElement\": [\n                            ]\n        }\n    <\/script>\n   \n    <script>\n            <\/script>\n[\/vc_column_text][\/vc_column][\/vc_row][vc_row el_id=&#8221;single-prod&#8221;][vc_column width=&#8221;1\/2&#8243;][vc_gallery type=&#8221;image_grid&#8221; images=&#8221;8573,8567,8569&#8243; img_size=&#8221;full&#8221;][\/vc_column][vc_column width=&#8221;1\/2&#8243; css=&#8221;.vc_custom_1532640885006{padding-left: 20px !important;}&#8221; el_class=&#8221;product-details&#8221;][vc_column_text]<\/p>\n<h2>ARTHUR CRACO (1869-1955)<\/h2>\n<h3><\/h3>\n<h3><span lang=\"EN-US\">\u00ab Volutes et coups de fouet \u00bb column, circa 1900<\/span><\/h3>\n<p>&nbsp;<\/p>\n<p>In two parts, in stoneware with blue and brown enameled<br \/>\nSigned Ar. Craco<\/p>\n<p>&nbsp;<\/p>\n<p><strong>Dimensions<\/strong> :<br \/>\nTotal height : H 65.3 in.<br \/>\nVase height : 26.7 in.<br \/>\nColumn height : 38.5 in.[\/vc_column_text][vc_column_text]<strong>Bibliography :<br \/>\n<\/strong>Catalogue d\u2019exposition, \u00ab\u00a0Art Nouveau, Belgique\u00a0\u00bb, Palais des Beaux Arts, Bruxelles, du 19 d\u00e9cembre 1980 au 15 f\u00e9vrier 1981, paire de vases au d\u00e9cor et technique identiques.<\/p>\n<p>&nbsp;<\/p>\n<p><em>Reference : ACR001<\/em>[\/vc_column_text][vc_column_text]<\/p>\n<ul class=\"list-inline prod-list\">\n<li><a href=\"mailto:contact@jacqueslacoste.com\">Price upon request<\/a><\/li>\n<li><a href=\"mailto:contact@jacqueslacoste.com\">Share<\/a><\/li>\n<\/ul>\n<p>[\/vc_column_text][vc_btn title=&#8221;BACK&#8221; style=&#8221;classic&#8221; link=&#8221;url:https%3A%2F%2Fwww.jacqueslacoste.com%2Fen%2Fceramics%2F|||&#8221;][\/vc_column][\/vc_row]<\/p>\n","protected":false},"excerpt":{"rendered":"<p>[vc_row el_id=&#8221;arianne&#8221;][vc_column][vc_column_text][\/vc_column_text][\/vc_column][\/vc_row][vc_row el_id=&#8221;single-prod&#8221;][vc_column width=&#8221;1\/2&#8243;][vc_gallery type=&#8221;image_grid&#8221; images=&#8221;8573,8567,8569&#8243; img_size=&#8221;full&#8221;][\/vc_column][vc_column width=&#8221;1\/2&#8243; css=&#8221;.vc_custom_1532640885006{padding-left: 20px !important;}&#8221; el_class=&#8221;product-details&#8221;][vc_column_text] ARTHUR CRACO (1869-1955) \u00ab Volutes et coups de fouet \u00bb column, circa 1900 &nbsp; In two parts, in stoneware with blue and brown enameled Signed Ar. Craco &nbsp; Dimensions : Total height : H 65.3 in. Vase height : 26.7 in. Column height [&#8230;]<\/p>\n<p><a class=\"btn btn-secondary understrap-read-more-link\" href=\"https:\/\/www.jacqueslacoste.com\/en\/ceramics\/volutes-et-coups-de-fouet-column-circa-1900\/\">Read More&#8230;<\/a><\/p>\n","protected":false},"author":1,"featured_media":8572,"parent":3607,"menu_order":0,"comment_status":"closed","ping_status":"closed","template":"","meta":{"inline_featured_image":false,"footnotes":""},"class_list":["post-10190","page","type-page","status-publish","has-post-thumbnail","hentry"],"_links":{"self":[{"href":"https:\/\/www.jacqueslacoste.com\/en\/wp-json\/wp\/v2\/pages\/10190","targetHints":{"allow":["GET"]}}],"collection":[{"href":"https:\/\/www.jacqueslacoste.com\/en\/wp-json\/wp\/v2\/pages"}],"about":[{"href":"https:\/\/www.jacqueslacoste.com\/en\/wp-json\/wp\/v2\/types\/page"}],"author":[{"embeddable":true,"href":"https:\/\/www.jacqueslacoste.com\/en\/wp-json\/wp\/v2\/users\/1"}],"replies":[{"embeddable":true,"href":"https:\/\/www.jacqueslacoste.com\/en\/wp-json\/wp\/v2\/comments?post=10190"}],"version-history":[{"count":1,"href":"https:\/\/www.jacqueslacoste.com\/en\/wp-json\/wp\/v2\/pages\/10190\/revisions"}],"predecessor-version":[{"id":13323,"href":"https:\/\/www.jacqueslacoste.com\/en\/wp-json\/wp\/v2\/pages\/10190\/revisions\/13323"}],"up":[{"embeddable":true,"href":"https:\/\/www.jacqueslacoste.com\/en\/wp-json\/wp\/v2\/pages\/3607"}],"wp:featuredmedia":[{"embeddable":true,"href":"https:\/\/www.jacqueslacoste.com\/en\/wp-json\/wp\/v2\/media\/8572"}],"wp:attachment":[{"href":"https:\/\/www.jacqueslacoste.com\/en\/wp-json\/wp\/v2\/media?parent=10190"}],"curies":[{"name":"wp","href":"https:\/\/api.w.org\/{rel}","templated":true}]}}