{"id":11723,"date":"2019-09-18T14:25:55","date_gmt":"2019-09-18T12:25:55","guid":{"rendered":"https:\/\/www.jacqueslacoste.com\/?page_id=11723"},"modified":"2021-03-25T14:24:44","modified_gmt":"2021-03-25T13:24:44","slug":"maurice-dufrene-chest-of-drawers-circa-1928-1929","status":"publish","type":"page","link":"https:\/\/www.jacqueslacoste.com\/en\/other-creators-1900-1950\/maurice-dufrene-chest-of-drawers-circa-1928-1929\/","title":{"rendered":"Maurice Dufr\u00e8ne, chest of drawers, circa 1928-1929"},"content":{"rendered":"<p>[vc_row el_id=&#8221;arianne&#8221;][vc_column][vc_column_text]<nav aria-label=\"breadcrumbs\">\n            <div class=\"breadcrumb-container theme1\">\n                <ol>\n                                    <\/ol>\n            <\/div>\n        <\/nav>    <script type=\"application\/ld+json\">\n        {\n            \"@context\": \"http:\/\/schema.org\",\n            \"@type\": \"BreadcrumbList\",\n            \"itemListElement\": [\n                            ]\n        }\n    <\/script>\n   \n    <script>\n            <\/script>\n[\/vc_column_text][\/vc_column][\/vc_row][vc_row el_id=&#8221;single-prod&#8221;][vc_column width=&#8221;1\/2&#8243;][vc_gallery type=&#8221;image_grid&#8221; images=&#8221;11718,11720&#8243; img_size=&#8221;full&#8221;][\/vc_column][vc_column width=&#8221;1\/2&#8243; css=&#8221;.vc_custom_1532640885006{padding-left: 20px !important;}&#8221; el_class=&#8221;product-details&#8221;][vc_column_text]<\/p>\n<h2>MAURICE DUFR\u00c8NE (1876-1955)<br \/>\n&amp; edited by la MA\u00ceTRISE<\/h2>\n<h3>Chest of drawers, circa 1928-1929<\/h3>\n<p>In sycamore and rosewood veneer, handles in silvered metal and marble top<\/p>\n<p>&nbsp;<\/p>\n<p><strong>Dimensions<\/strong> :<br \/>\nH 36 x L 49 x D 25 in.<br \/>\nH 91 x L 125 x P 64 cm<\/p>\n<p>&nbsp;<\/p>\n<p><strong><span class=\"Apple-converted-space\">\u00a0<\/span>Bibliography :<\/strong><br \/>\n&#8221; Petits Meubles du Jour &#8221; &#8211; \u00c9ditions Charles Moreau, Paris, vers 1931<br \/>\nMod\u00e8le identique reproduit planche 3<\/p>\n<p>&nbsp;<\/p>\n<p><strong>Historique :<br \/>\n<\/strong>R\u00e9alisation entre 1928 et 1929 en collaboration avec Suzanne Guiguichon<br \/>\n\u00c9dition La Ma\u00eetrise (Ateliers d&#8217;Arts Appliqu\u00e9s des Galeries Lafayette)<br \/>\nMod\u00e8le similaire dans l\u2019ancienne collection de Quasar et Emmanuelle Khahn<\/p>\n<p>&nbsp;<\/p>\n<p><em>Reference : MDUF01<\/em>[\/vc_column_text][vc_column_text]<\/p>\n<ul class=\"list-inline prod-list\">\n<li><a href=\"mailto:contact@jacqueslacoste.com\">Price upon request<\/a><\/li>\n<li><a href=\"mailto:contact@jacqueslacoste.com\">Share<\/a><\/li>\n<\/ul>\n<p>[\/vc_column_text][vc_btn title=&#8221;BACK&#8221; style=&#8221;classic&#8221; link=&#8221;url:https%3A%2F%2Fwww.jacqueslacoste.com%2Fen%2Fautres-createurs-1900-1950%2F|||&#8221;][\/vc_column][\/vc_row]<\/p>\n","protected":false},"excerpt":{"rendered":"<p>[vc_row el_id=&#8221;arianne&#8221;][vc_column][vc_column_text][\/vc_column_text][\/vc_column][\/vc_row][vc_row el_id=&#8221;single-prod&#8221;][vc_column width=&#8221;1\/2&#8243;][vc_gallery type=&#8221;image_grid&#8221; images=&#8221;11718,11720&#8243; img_size=&#8221;full&#8221;][\/vc_column][vc_column width=&#8221;1\/2&#8243; css=&#8221;.vc_custom_1532640885006{padding-left: 20px !important;}&#8221; el_class=&#8221;product-details&#8221;][vc_column_text] MAURICE DUFR\u00c8NE (1876-1955) &amp; edited by la MA\u00ceTRISE Chest of drawers, circa 1928-1929 In sycamore and rosewood veneer, handles in silvered metal and marble top &nbsp; Dimensions : H 36 x L 49 x D 25 in. H 91 x L 125 x [&#8230;]<\/p>\n<p><a class=\"btn btn-secondary understrap-read-more-link\" href=\"https:\/\/www.jacqueslacoste.com\/en\/other-creators-1900-1950\/maurice-dufrene-chest-of-drawers-circa-1928-1929\/\">Read More&#8230;<\/a><\/p>\n","protected":false},"author":1,"featured_media":11717,"parent":3587,"menu_order":0,"comment_status":"closed","ping_status":"closed","template":"","meta":{"inline_featured_image":false,"footnotes":""},"class_list":["post-11723","page","type-page","status-publish","has-post-thumbnail","hentry"],"_links":{"self":[{"href":"https:\/\/www.jacqueslacoste.com\/en\/wp-json\/wp\/v2\/pages\/11723","targetHints":{"allow":["GET"]}}],"collection":[{"href":"https:\/\/www.jacqueslacoste.com\/en\/wp-json\/wp\/v2\/pages"}],"about":[{"href":"https:\/\/www.jacqueslacoste.com\/en\/wp-json\/wp\/v2\/types\/page"}],"author":[{"embeddable":true,"href":"https:\/\/www.jacqueslacoste.com\/en\/wp-json\/wp\/v2\/users\/1"}],"replies":[{"embeddable":true,"href":"https:\/\/www.jacqueslacoste.com\/en\/wp-json\/wp\/v2\/comments?post=11723"}],"version-history":[{"count":3,"href":"https:\/\/www.jacqueslacoste.com\/en\/wp-json\/wp\/v2\/pages\/11723\/revisions"}],"predecessor-version":[{"id":25157,"href":"https:\/\/www.jacqueslacoste.com\/en\/wp-json\/wp\/v2\/pages\/11723\/revisions\/25157"}],"up":[{"embeddable":true,"href":"https:\/\/www.jacqueslacoste.com\/en\/wp-json\/wp\/v2\/pages\/3587"}],"wp:featuredmedia":[{"embeddable":true,"href":"https:\/\/www.jacqueslacoste.com\/en\/wp-json\/wp\/v2\/media\/11717"}],"wp:attachment":[{"href":"https:\/\/www.jacqueslacoste.com\/en\/wp-json\/wp\/v2\/media?parent=11723"}],"curies":[{"name":"wp","href":"https:\/\/api.w.org\/{rel}","templated":true}]}}