{"id":11819,"date":"2019-09-23T15:26:15","date_gmt":"2019-09-23T13:26:15","guid":{"rendered":"https:\/\/www.jacqueslacoste.com\/?page_id=11819"},"modified":"2025-11-20T10:27:51","modified_gmt":"2025-11-20T09:27:51","slug":"louis-sue-et-andre-mare-table-circa-1925","status":"publish","type":"page","link":"https:\/\/www.jacqueslacoste.com\/en\/louis-sue-et-andre-mare\/louis-sue-et-andre-mare-table-circa-1925\/","title":{"rendered":"Louis S\u00fce et Andr\u00e9 Mare, table, circa 1925"},"content":{"rendered":"<p>[vc_row el_id=&#8221;arianne&#8221;][vc_column][vc_column_text]<nav aria-label=\"breadcrumbs\">\n            <div class=\"breadcrumb-container theme1\">\n                <ol>\n                                    <\/ol>\n            <\/div>\n        <\/nav>    <script type=\"application\/ld+json\">\n        {\n            \"@context\": \"http:\/\/schema.org\",\n            \"@type\": \"BreadcrumbList\",\n            \"itemListElement\": [\n                            ]\n        }\n    <\/script>\n   \n    <script>\n            <\/script>\n[\/vc_column_text][\/vc_column][\/vc_row][vc_row el_id=&#8221;single-prod&#8221;][vc_column width=&#8221;1\/2&#8243;][vc_gallery type=&#8221;image_grid&#8221; images=&#8221;11814,11816,75017&#8243; img_size=&#8221;full&#8221;][\/vc_column][vc_column width=&#8221;1\/2&#8243; css=&#8221;.vc_custom_1532640885006{padding-left: 20px !important;}&#8221; el_class=&#8221;product-details&#8221;][vc_column_text]<\/p>\n<h2>LOUIS S\u00dcE (1875-1968) &amp;<br \/>\nANDR\u00c9 MARE (1885-1932)<br \/>\nLA COMPAGNIE DES ARTS FRAN\u00c7AIS<\/h2>\n<h3>Coffee table, circa 1925<\/h3>\n<p>In african red wood<\/p>\n<p>&nbsp;<\/p>\n<p><strong>Dimensions<\/strong> :<br \/>\nH 24 x \u00f8 37,8 in.<br \/>\nH 61 x \u00f8 96 cm<\/p>\n<p>&nbsp;<\/p>\n<p><strong>Bibliography :<\/strong><br \/>\nS\u00fce et Mare et la compagnie des arts fran\u00e7ais, Florence Camard, Paris, Les\u00a0\u00c9ditions de l&#8217;Amateur, 1993, variante du mod\u00e8le p. 279<\/p>\n<p>&nbsp;<\/p>\n<p><em>Ref :\u00a0SEM011<\/em>[\/vc_column_text][vc_column_text]<\/p>\n<ul class=\"list-inline prod-list\">\n<li><a href=\"mailto:contact@jacqueslacoste.com\">Price upon request<\/a><\/li>\n<li><a href=\"mailto:contact@jacqueslacoste.com\">Share<\/a><\/li>\n<\/ul>\n<p>[\/vc_column_text][vc_btn title=&#8221;BACK&#8221; style=&#8221;classic&#8221; link=&#8221;url:%2F%2Fwww.jacqueslacoste.com%2Fen%2Fautres-createurs-1900-1950%2F|||&#8221;][\/vc_column][\/vc_row]<\/p>\n","protected":false},"excerpt":{"rendered":"<p>[vc_row el_id=&#8221;arianne&#8221;][vc_column][vc_column_text][\/vc_column_text][\/vc_column][\/vc_row][vc_row el_id=&#8221;single-prod&#8221;][vc_column width=&#8221;1\/2&#8243;][vc_gallery type=&#8221;image_grid&#8221; images=&#8221;11814,11816,75017&#8243; img_size=&#8221;full&#8221;][\/vc_column][vc_column width=&#8221;1\/2&#8243; css=&#8221;.vc_custom_1532640885006{padding-left: 20px !important;}&#8221; el_class=&#8221;product-details&#8221;][vc_column_text] LOUIS S\u00dcE (1875-1968) &amp; ANDR\u00c9 MARE (1885-1932) LA COMPAGNIE DES ARTS FRAN\u00c7AIS Coffee table, circa 1925 In african red wood &nbsp; Dimensions : H 24 x \u00f8 37,8 in. H 61 x \u00f8 96 cm &nbsp; Bibliography : S\u00fce et Mare et la [&#8230;]<\/p>\n<p><a class=\"btn btn-secondary understrap-read-more-link\" href=\"https:\/\/www.jacqueslacoste.com\/en\/louis-sue-et-andre-mare\/louis-sue-et-andre-mare-table-circa-1925\/\">Read More&#8230;<\/a><\/p>\n","protected":false},"author":1,"featured_media":11813,"parent":74415,"menu_order":0,"comment_status":"closed","ping_status":"closed","template":"","meta":{"inline_featured_image":false,"footnotes":""},"class_list":["post-11819","page","type-page","status-publish","has-post-thumbnail","hentry"],"_links":{"self":[{"href":"https:\/\/www.jacqueslacoste.com\/en\/wp-json\/wp\/v2\/pages\/11819","targetHints":{"allow":["GET"]}}],"collection":[{"href":"https:\/\/www.jacqueslacoste.com\/en\/wp-json\/wp\/v2\/pages"}],"about":[{"href":"https:\/\/www.jacqueslacoste.com\/en\/wp-json\/wp\/v2\/types\/page"}],"author":[{"embeddable":true,"href":"https:\/\/www.jacqueslacoste.com\/en\/wp-json\/wp\/v2\/users\/1"}],"replies":[{"embeddable":true,"href":"https:\/\/www.jacqueslacoste.com\/en\/wp-json\/wp\/v2\/comments?post=11819"}],"version-history":[{"count":6,"href":"https:\/\/www.jacqueslacoste.com\/en\/wp-json\/wp\/v2\/pages\/11819\/revisions"}],"predecessor-version":[{"id":75019,"href":"https:\/\/www.jacqueslacoste.com\/en\/wp-json\/wp\/v2\/pages\/11819\/revisions\/75019"}],"up":[{"embeddable":true,"href":"https:\/\/www.jacqueslacoste.com\/en\/wp-json\/wp\/v2\/pages\/74415"}],"wp:featuredmedia":[{"embeddable":true,"href":"https:\/\/www.jacqueslacoste.com\/en\/wp-json\/wp\/v2\/media\/11813"}],"wp:attachment":[{"href":"https:\/\/www.jacqueslacoste.com\/en\/wp-json\/wp\/v2\/media?parent=11819"}],"curies":[{"name":"wp","href":"https:\/\/api.w.org\/{rel}","templated":true}]}}