{"id":11993,"date":"2019-09-24T16:43:32","date_gmt":"2019-09-24T14:43:32","guid":{"rendered":"https:\/\/www.jacqueslacoste.com\/?page_id=11993"},"modified":"2024-10-04T12:15:05","modified_gmt":"2024-10-04T10:15:05","slug":"maurice-lafaille-sculpture-circa-1950","status":"publish","type":"page","link":"https:\/\/www.jacqueslacoste.com\/en\/other-creators-1900-1950\/maurice-lafaille-sculpture-circa-1950\/","title":{"rendered":"Lucien Lafaye, sculpture, circa 1950"},"content":{"rendered":"<p>[vc_row el_id=&#8221;arianne&#8221;][vc_column][vc_column_text]<nav aria-label=\"breadcrumbs\">\n            <div class=\"breadcrumb-container theme1\">\n                <ol>\n                                    <\/ol>\n            <\/div>\n        <\/nav>    <script type=\"application\/ld+json\">\n        {\n            \"@context\": \"http:\/\/schema.org\",\n            \"@type\": \"BreadcrumbList\",\n            \"itemListElement\": [\n                            ]\n        }\n    <\/script>\n   \n    <script>\n            <\/script>\n[\/vc_column_text][\/vc_column][\/vc_row][vc_row el_id=&#8221;single-prod&#8221;][vc_column width=&#8221;1\/2&#8243;][vc_gallery type=&#8221;image_grid&#8221; images=&#8221;11990&#8243; img_size=&#8221;full&#8221;][\/vc_column][vc_column width=&#8221;1\/2&#8243; css=&#8221;.vc_custom_1532640885006{padding-left: 20px !important;}&#8221; el_class=&#8221;product-details&#8221;][vc_column_text]<\/p>\n<h2>LUCIEN LAFAYE (1896-1975)<\/h2>\n<h3>Sculpture, circa 1950<\/h3>\n<p>Sculpture of a feminine face in molded glass on a wood base<\/p>\n<p>&nbsp;<\/p>\n<p><strong>Dimensions<\/strong>\u00a0<strong>sans le socle :<\/strong><br \/>\nH 14 x L 8 x D 6 in.<br \/>\nH 36 x L 20,5 x P 15 cm<\/p>\n<p>&nbsp;<\/p>\n<p><strong>Note :<\/strong><br \/>\nUn mod\u00e8le identique est conserv\u00e9 dans les collections du Mus\u00e9e des\u00a0Arts D\u00e9coratifs \u00e0 Paris sous le num\u00e9ro d\u2019inventaire 51116<\/p>\n<p>&nbsp;<\/p>\n<p><em>Ref :\u00a0LLA003<\/em>[\/vc_column_text][vc_column_text]<\/p>\n<ul class=\"list-inline prod-list\">\n<li><a href=\"mailto:contact@jacqueslacoste.com\">Price upon request<\/a><\/li>\n<li><a href=\"mailto:contact@jacqueslacoste.com\">Share<\/a><\/li>\n<\/ul>\n<p>[\/vc_column_text][vc_btn title=&#8221;BACK&#8221; style=&#8221;classic&#8221; link=&#8221;url:https%3A%2F%2Fwww.jacqueslacoste.com%2Fen%2Fautres-createurs-1900-1950%2F|||&#8221;][\/vc_column][\/vc_row]<\/p>\n","protected":false},"excerpt":{"rendered":"<p>[vc_row el_id=&#8221;arianne&#8221;][vc_column][vc_column_text][\/vc_column_text][\/vc_column][\/vc_row][vc_row el_id=&#8221;single-prod&#8221;][vc_column width=&#8221;1\/2&#8243;][vc_gallery type=&#8221;image_grid&#8221; images=&#8221;11990&#8243; img_size=&#8221;full&#8221;][\/vc_column][vc_column width=&#8221;1\/2&#8243; css=&#8221;.vc_custom_1532640885006{padding-left: 20px !important;}&#8221; el_class=&#8221;product-details&#8221;][vc_column_text] LUCIEN LAFAYE (1896-1975) Sculpture, circa 1950 Sculpture of a feminine face in molded glass on a wood base &nbsp; Dimensions\u00a0sans le socle : H 14 x L 8 x D 6 in. H 36 x L 20,5 x P 15 cm &nbsp; Note [&#8230;]<\/p>\n<p><a class=\"btn btn-secondary understrap-read-more-link\" href=\"https:\/\/www.jacqueslacoste.com\/en\/other-creators-1900-1950\/maurice-lafaille-sculpture-circa-1950\/\">Read More&#8230;<\/a><\/p>\n","protected":false},"author":1,"featured_media":11989,"parent":3587,"menu_order":0,"comment_status":"closed","ping_status":"closed","template":"","meta":{"inline_featured_image":false,"footnotes":""},"class_list":["post-11993","page","type-page","status-publish","has-post-thumbnail","hentry"],"_links":{"self":[{"href":"https:\/\/www.jacqueslacoste.com\/en\/wp-json\/wp\/v2\/pages\/11993","targetHints":{"allow":["GET"]}}],"collection":[{"href":"https:\/\/www.jacqueslacoste.com\/en\/wp-json\/wp\/v2\/pages"}],"about":[{"href":"https:\/\/www.jacqueslacoste.com\/en\/wp-json\/wp\/v2\/types\/page"}],"author":[{"embeddable":true,"href":"https:\/\/www.jacqueslacoste.com\/en\/wp-json\/wp\/v2\/users\/1"}],"replies":[{"embeddable":true,"href":"https:\/\/www.jacqueslacoste.com\/en\/wp-json\/wp\/v2\/comments?post=11993"}],"version-history":[{"count":9,"href":"https:\/\/www.jacqueslacoste.com\/en\/wp-json\/wp\/v2\/pages\/11993\/revisions"}],"predecessor-version":[{"id":59555,"href":"https:\/\/www.jacqueslacoste.com\/en\/wp-json\/wp\/v2\/pages\/11993\/revisions\/59555"}],"up":[{"embeddable":true,"href":"https:\/\/www.jacqueslacoste.com\/en\/wp-json\/wp\/v2\/pages\/3587"}],"wp:featuredmedia":[{"embeddable":true,"href":"https:\/\/www.jacqueslacoste.com\/en\/wp-json\/wp\/v2\/media\/11989"}],"wp:attachment":[{"href":"https:\/\/www.jacqueslacoste.com\/en\/wp-json\/wp\/v2\/media?parent=11993"}],"curies":[{"name":"wp","href":"https:\/\/api.w.org\/{rel}","templated":true}]}}