{"id":13912,"date":"2020-01-28T17:42:43","date_gmt":"2020-01-28T16:42:43","guid":{"rendered":"https:\/\/www.jacqueslacoste.com\/?page_id=13912"},"modified":"2021-03-03T16:14:52","modified_gmt":"2021-03-03T15:14:52","slug":"jean-royere-desk-and-bridge-armchair-circa-1956","status":"publish","type":"page","link":"https:\/\/www.jacqueslacoste.com\/en\/jean-royere\/jean-royere-desk-and-bridge-armchair-circa-1956\/","title":{"rendered":"Jean Roy\u00e8re, desk, circa 1956"},"content":{"rendered":"<p>[vc_row el_id=&#8221;arianne&#8221;][vc_column][vc_column_text]<nav aria-label=\"breadcrumbs\">\n            <div class=\"breadcrumb-container theme1\">\n                <ol>\n                                    <\/ol>\n            <\/div>\n        <\/nav>    <script type=\"application\/ld+json\">\n        {\n            \"@context\": \"http:\/\/schema.org\",\n            \"@type\": \"BreadcrumbList\",\n            \"itemListElement\": [\n                            ]\n        }\n    <\/script>\n   \n    <script>\n            <\/script>\n[\/vc_column_text][\/vc_column][\/vc_row][vc_row el_id=&#8221;single-prod&#8221;][vc_column width=&#8221;1\/2&#8243;][vc_gallery type=&#8221;image_grid&#8221; images=&#8221;13909&#8243; img_size=&#8221;full&#8221;][\/vc_column][vc_column width=&#8221;1\/2&#8243; css=&#8221;.vc_custom_1532640885006{padding-left: 20px !important;}&#8221; el_class=&#8221;product-details&#8221;][vc_column_text]<\/p>\n<h2>JEAN ROY\u00c8RE (1902-1981)<\/h2>\n<h3>Desk, circa 1956<\/h3>\n<p>Desk model \u201c Trap\u00e8ze \u201d in oak and brass handles<\/p>\n<p>&nbsp;<\/p>\n<p><strong>Dimensions<\/strong> :<br \/>\nH 30 x L 55 x D 28 in.<br \/>\nH 75,8 x L 140,5 x P 70 cm<\/p>\n<p>&nbsp;<\/p>\n<p><strong>Provenance :<\/strong><br \/>\nAchat \u00e0 la famille du premier propri\u00e9taire M. Fouad Rizk, Beyrouth Liban<\/p>\n<p>&nbsp;<\/p>\n<p><strong>Documentation :<\/strong><br \/>\nArchives Jean Roy\u00e8re, Galerie Jacques Lacoste &amp; galerie Patrick Seguin, plan sans num\u00e9ro pour une variante du mod\u00e8le\u00a0de bureau, circa 1950.<\/p>\n<p>Archives Jean Roy\u00e8re \u2013 Galerie Jacques Lacoste &amp; galerie Patrick Seguin, plan d\u2019ex\u00e9cution N\u00b0 2.865 pour mod\u00e8le de\u00a0fauteuil similaire, circa 1948.<\/p>\n<p>&nbsp;<\/p>\n<p><em>Ref : JR239<\/em>[\/vc_column_text][vc_column_text]<\/p>\n<ul class=\"list-inline prod-list\">\n<li><a href=\"\/\/www.jacqueslacoste.com\/en\/jean-royere-biography\/\" target=\"_blank\" rel=\"noopener noreferrer\">Biography<\/a><\/li>\n<li><a href=\"\/\/www.jacqueslacoste.com\/en\/our-archives\/\" target=\"_blank\" rel=\"noopener noreferrer\">Archives<\/a><\/li>\n<li><a href=\"mailto:contact@jacqueslacoste.com?subject= Price upon request : Jean Roy\u00e8re - Jean Roy\u00e8re, desk, circa 1956 &body=https:www.jacqueslacoste.com\/en\/jean-royere\/jean-royere-desk-and-bridge-armchair-circa-1956\/\">Price upon request<\/a><\/li>\n<li><a href=\"mailto:?subject=Jean Roy\u00e8re - Jean Roy\u00e8re, desk, circa 1956 &body=https:\/\/www.jacqueslacoste.com\/en\/jean-royere\/jean-royere-desk-and-bridge-armchair-circa-1956\/\">SHARE<\/a><\/li>\n<\/ul>\n<p>[\/vc_column_text][vc_btn title=&#8221;BACK&#8221; style=&#8221;classic&#8221; link=&#8221;url:https%3A%2F%2Fwww.jacqueslacoste.com%2Fen%2Fjean-royere%2F|||&#8221;][vc_raw_html]JTNDZGl2JTIwY2xhc3MlM0QlMjJidG4tcmVkJTIyJTNFJTNDYSUyMGNsYXNzJTNEJTIydmNfZ2VuZXJhbCUyMHZjX2J0bjMlMjB2Y19idG4zLXNpemUtbWQlMjB2Y19idG4zLXNoYXBlLXNxdWFyZSUyMHZjX2J0bjMtc3R5bGUtY3VzdG9tJTIyJTIwaHJlZiUzRCUyMmh0dHBzJTNBJTJGJTJGd3d3LmphY3F1ZXNsYWNvc3RlLmNvbSUyRmVuJTJGZXhwb3NpdGlvbiUyRmxleHBvc2l0aW9uJTJGJTIyJTIwdGl0bGUlM0QlMjJMJUUyJTgwJTk5ZXhwb3NpdGlvbiUyMiUzRUJhY2slMjB0byUyMHRoZSUyMGV4aGliaXRpb24lM0MlMkZhJTNFJTNDJTJGZGl2JTNF[\/vc_raw_html][\/vc_column][\/vc_row]<\/p>\n","protected":false},"excerpt":{"rendered":"<p>[vc_row el_id=&#8221;arianne&#8221;][vc_column][vc_column_text][\/vc_column_text][\/vc_column][\/vc_row][vc_row el_id=&#8221;single-prod&#8221;][vc_column width=&#8221;1\/2&#8243;][vc_gallery type=&#8221;image_grid&#8221; images=&#8221;13909&#8243; img_size=&#8221;full&#8221;][\/vc_column][vc_column width=&#8221;1\/2&#8243; css=&#8221;.vc_custom_1532640885006{padding-left: 20px !important;}&#8221; el_class=&#8221;product-details&#8221;][vc_column_text] JEAN ROY\u00c8RE (1902-1981) Desk, circa 1956 Desk model \u201c Trap\u00e8ze \u201d in oak and brass handles &nbsp; Dimensions : H 30 x L 55 x D 28 in. H 75,8 x L 140,5 x P 70 cm &nbsp; Provenance : Achat \u00e0 la [&#8230;]<\/p>\n<p><a class=\"btn btn-secondary understrap-read-more-link\" href=\"https:\/\/www.jacqueslacoste.com\/en\/jean-royere\/jean-royere-desk-and-bridge-armchair-circa-1956\/\">Read More&#8230;<\/a><\/p>\n","protected":false},"author":1,"featured_media":15980,"parent":3616,"menu_order":0,"comment_status":"closed","ping_status":"closed","template":"","meta":{"inline_featured_image":false,"footnotes":""},"class_list":["post-13912","page","type-page","status-publish","has-post-thumbnail","hentry"],"_links":{"self":[{"href":"https:\/\/www.jacqueslacoste.com\/en\/wp-json\/wp\/v2\/pages\/13912","targetHints":{"allow":["GET"]}}],"collection":[{"href":"https:\/\/www.jacqueslacoste.com\/en\/wp-json\/wp\/v2\/pages"}],"about":[{"href":"https:\/\/www.jacqueslacoste.com\/en\/wp-json\/wp\/v2\/types\/page"}],"author":[{"embeddable":true,"href":"https:\/\/www.jacqueslacoste.com\/en\/wp-json\/wp\/v2\/users\/1"}],"replies":[{"embeddable":true,"href":"https:\/\/www.jacqueslacoste.com\/en\/wp-json\/wp\/v2\/comments?post=13912"}],"version-history":[{"count":7,"href":"https:\/\/www.jacqueslacoste.com\/en\/wp-json\/wp\/v2\/pages\/13912\/revisions"}],"predecessor-version":[{"id":24205,"href":"https:\/\/www.jacqueslacoste.com\/en\/wp-json\/wp\/v2\/pages\/13912\/revisions\/24205"}],"up":[{"embeddable":true,"href":"https:\/\/www.jacqueslacoste.com\/en\/wp-json\/wp\/v2\/pages\/3616"}],"wp:featuredmedia":[{"embeddable":true,"href":"https:\/\/www.jacqueslacoste.com\/en\/wp-json\/wp\/v2\/media\/15980"}],"wp:attachment":[{"href":"https:\/\/www.jacqueslacoste.com\/en\/wp-json\/wp\/v2\/media?parent=13912"}],"curies":[{"name":"wp","href":"https:\/\/api.w.org\/{rel}","templated":true}]}}