{"id":14201,"date":"2020-02-05T15:26:52","date_gmt":"2020-02-05T14:26:52","guid":{"rendered":"https:\/\/www.jacqueslacoste.com\/?page_id=14201"},"modified":"2020-07-29T16:56:50","modified_gmt":"2020-07-29T14:56:50","slug":"jean-royere-december-2012","status":"publish","type":"page","link":"https:\/\/www.jacqueslacoste.com\/en\/publications\/jean-royere-december-2012\/","title":{"rendered":"Jean Roy\u00e8re, December 2012"},"content":{"rendered":"<p>[vc_row el_id=&#8221;arianne&#8221;][vc_column][vc_column_text]<nav aria-label=\"breadcrumbs\">\n            <div class=\"breadcrumb-container theme1\">\n                <ol>\n                                    <\/ol>\n            <\/div>\n        <\/nav>    <script type=\"application\/ld+json\">\n        {\n            \"@context\": \"http:\/\/schema.org\",\n            \"@type\": \"BreadcrumbList\",\n            \"itemListElement\": [\n                            ]\n        }\n    <\/script>\n   \n    <script>\n            <\/script>\n[\/vc_column_text][\/vc_column][\/vc_row][vc_row el_id=&#8221;single-prod&#8221;][vc_column width=&#8221;1\/2&#8243;][vc_single_image image=&#8221;4816&#8243; img_size=&#8221;full&#8221;][\/vc_column][vc_column width=&#8221;1\/2&#8243; el_class=&#8221;product-details&#8221;][vc_column_text css=&#8221;.vc_custom_1596034607571{margin-bottom: 15px !important;}&#8221;]<\/p>\n<h2>JEAN ROY\u00c8RE<\/h2>\n<h3>PUBLISHED DECEMBER 2012<\/h3>\n<p style=\"text-align: justify;\">In 2008, the galeries Jacques Lacoste and Patrick Seguin organised a large exhbition dedicated to the work of Jean Roy\u00e8re at the Sonnabend Gallery in New York.<\/p>\n<p style=\"text-align: justify;\">A reference work, this two-volume monograph approaches Jean Roy\u00e8re\u2019s work from a new angle, highlighting a singular and innovative universe whose dynamics are based on absolute creative freedom.<\/p>\n<p style=\"text-align: justify;\">Presented in a boxed set, the 676 page book is composed of two volumes.<\/p>\n<p>&nbsp;<\/p>\n<p style=\"text-align: justify;\"><span style=\"text-decoration: underline;\">Volume 1 (303 pages) :<\/span><\/p>\n<p style=\"text-align: justify;\">Introduced by prefaces by Jacques Lacoste and Patrick Seguin, this volume contains three interviews with Lorenz Ba\u00fcmer, B\u00e9atrice Salmon and Christian Lacroix, conducted by Fran\u00e7oise-Claire Prodhon (art historian and journalist) and is followed by a chapter retracing the Jean Roy\u00e8re exhbition at the Sonnabend Gallery, New York, in 2008. Roy\u00e8re\u2019s work is then approached through four major themes inspired by his creations\u00a0: the Plant, the Animal, the Imaginary and Line and Drawing. Each of these four themes, introduced by a text by Fran\u00e7oise-Claire Prodhon, is richly illustrated with archival and contemporary images.<\/p>\n<p>&nbsp;<\/p>\n<p style=\"text-align: justify;\"><span style=\"text-decoration: underline;\">Volume 2 (373 pages) :<\/span><\/p>\n<p style=\"text-align: justify;\">Opening with an interview of Jean Roy\u00e8re with Pascal Renous in 1963, this second volume contains an important lexicon, \u00ab\u00a0Le R\u00e9pertoire de Jean Roy\u00e8re\u00a0\u00bb, which includes 380 pieces of furniture and creations, referenced and illustrated, as well as their different variants. Following this repertoire, a \u00ab\u00a0Cahier de Dessins et trac\u00e9s\u00a0\u00bb reproduces for the first time 156 original drawings by Jean Roy\u00e8re.<\/p>\n<p>[\/vc_column_text][vc_column_text]<\/p>\n<ul class=\"list-inline prod-list\">\n<li><a href=\"mailto:?subject=Publications - Jean Roy\u00e8re, December 2012 &body=https:\/\/www.jacqueslacoste.com\/en\/publications\/jean-royere-december-2012\/\">SHARE<\/a><\/li>\n<\/ul>\n<p>[\/vc_column_text][vc_btn title=&#8221;BACK&#8221; style=&#8221;classic&#8221; link=&#8221;url:https%3A%2F%2Fwww.jacqueslacoste.com%2Fen%2Fpublications%2F|||&#8221;][\/vc_column][\/vc_row]<\/p>\n","protected":false},"excerpt":{"rendered":"<p>[vc_row el_id=&#8221;arianne&#8221;][vc_column][vc_column_text][\/vc_column_text][\/vc_column][\/vc_row][vc_row el_id=&#8221;single-prod&#8221;][vc_column width=&#8221;1\/2&#8243;][vc_single_image image=&#8221;4816&#8243; img_size=&#8221;full&#8221;][\/vc_column][vc_column width=&#8221;1\/2&#8243; el_class=&#8221;product-details&#8221;][vc_column_text css=&#8221;.vc_custom_1596034607571{margin-bottom: 15px !important;}&#8221;] JEAN ROY\u00c8RE PUBLISHED DECEMBER 2012 In 2008, the galeries Jacques Lacoste and Patrick Seguin organised a large exhbition dedicated to the work of Jean Roy\u00e8re at the Sonnabend Gallery in New York. A reference work, this two-volume monograph approaches Jean Roy\u00e8re\u2019s work from a [&#8230;]<\/p>\n<p><a class=\"btn btn-secondary understrap-read-more-link\" href=\"https:\/\/www.jacqueslacoste.com\/en\/publications\/jean-royere-december-2012\/\">Read More&#8230;<\/a><\/p>\n","protected":false},"author":1,"featured_media":0,"parent":3620,"menu_order":0,"comment_status":"closed","ping_status":"closed","template":"","meta":{"inline_featured_image":false,"footnotes":""},"class_list":["post-14201","page","type-page","status-publish","hentry"],"_links":{"self":[{"href":"https:\/\/www.jacqueslacoste.com\/en\/wp-json\/wp\/v2\/pages\/14201","targetHints":{"allow":["GET"]}}],"collection":[{"href":"https:\/\/www.jacqueslacoste.com\/en\/wp-json\/wp\/v2\/pages"}],"about":[{"href":"https:\/\/www.jacqueslacoste.com\/en\/wp-json\/wp\/v2\/types\/page"}],"author":[{"embeddable":true,"href":"https:\/\/www.jacqueslacoste.com\/en\/wp-json\/wp\/v2\/users\/1"}],"replies":[{"embeddable":true,"href":"https:\/\/www.jacqueslacoste.com\/en\/wp-json\/wp\/v2\/comments?post=14201"}],"version-history":[{"count":2,"href":"https:\/\/www.jacqueslacoste.com\/en\/wp-json\/wp\/v2\/pages\/14201\/revisions"}],"predecessor-version":[{"id":18129,"href":"https:\/\/www.jacqueslacoste.com\/en\/wp-json\/wp\/v2\/pages\/14201\/revisions\/18129"}],"up":[{"embeddable":true,"href":"https:\/\/www.jacqueslacoste.com\/en\/wp-json\/wp\/v2\/pages\/3620"}],"wp:attachment":[{"href":"https:\/\/www.jacqueslacoste.com\/en\/wp-json\/wp\/v2\/media?parent=14201"}],"curies":[{"name":"wp","href":"https:\/\/api.w.org\/{rel}","templated":true}]}}