{"id":14217,"date":"2020-02-05T16:30:43","date_gmt":"2020-02-05T15:30:43","guid":{"rendered":"https:\/\/www.jacqueslacoste.com\/?page_id=14217"},"modified":"2020-02-25T16:13:31","modified_gmt":"2020-02-25T15:13:31","slug":"opening-of-a-new-gallery-space-19-avenue-matignon","status":"publish","type":"page","link":"https:\/\/www.jacqueslacoste.com\/en\/exhibitions\/opening-of-a-new-gallery-space-19-avenue-matignon\/","title":{"rendered":"Opening of a new gallery space, 19 avenue Matignon"},"content":{"rendered":"<p>[vc_row el_id=&#8221;arianne&#8221;][vc_column][vc_column_text]<nav aria-label=\"breadcrumbs\">\n            <div class=\"breadcrumb-container theme1\">\n                <ol>\n                                    <\/ol>\n            <\/div>\n        <\/nav>    <script type=\"application\/ld+json\">\n        {\n            \"@context\": \"http:\/\/schema.org\",\n            \"@type\": \"BreadcrumbList\",\n            \"itemListElement\": [\n                            ]\n        }\n    <\/script>\n   \n    <script>\n            <\/script>\n[\/vc_column_text][\/vc_column][\/vc_row][vc_row el_id=&#8221;single-prod&#8221;][vc_column width=&#8221;1\/2&#8243;][vc_gallery type=&#8221;image_grid&#8221; images=&#8221;7137,7135,7139,7141,7143,7145,7147,7149,7151,7153,7155,7157,7159,7161,7163&#8243; img_size=&#8221;full&#8221;][\/vc_column][vc_column width=&#8221;1\/2&#8243; el_class=&#8221;product-details&#8221;][vc_column_text]<\/p>\n<h2>OPENING OF A NEW GALLERY SPACE<\/h2>\n<h3>19, avenue Matignon Paris 8 &#8211;\u00a0January 2019<\/h3>\n<p>[\/vc_column_text][vc_column_text]<\/p>\n<p style=\"text-align: justify;\">Galerie Jacques Lacoste opened its second venue, located 19 avenue Matignon, on the Right bank.<\/p>\n<p style=\"text-align: justify;\">This quintessentially Parisian avenue, a few meters away from the Elys\u00e9e Palace, is central in a neighbourhood which brings together auction houses, art galleries and luxury hotels. Jacques Lacoste was keen to settle in this bustling area, while maintaining his original gallery located on the Left bank,<span class=\"Apple-converted-space\">\u00a0 <\/span>12 rue de Seine in the Saint-Germain-des-Pr\u00e8s area.<\/p>\n<p style=\"text-align: justify;\">The new venue, consisting in a 500-square-meters showroom on three levels, includes \u201cPeriod rooms\u201d and temporary exhibitions, keeping up with the approach developed by Jacques Lacoste over the years on the gallery\u2019s booths at major fairs<span class=\"Apple-converted-space\">\u00a0 <\/span>such as the Paris Biennale, PAD Paris, PAD London or Design Miami\/Basel. These international events were the perfect opportunity to unveil exceptional items such as the Books Room and other furniture designed by Diego Giacometti for Marc Barbezat (Design Miami\/ Basel 2016), an extraordinary table together with a set of Art Nouveau pieces by Hector Guimard (PAD Paris 2017), a rare 1920s set by S\u00fce and Mare (PAD Paris 2018), or 1930s Modernist furniture (Design Miami\/Basel 2018).<\/p>\n<p style=\"text-align: justify;\">This contextualised approach enables viewers to see coherent sets of furniture and decorative objects. It thus contributes to illustrating important periods in decorative arts history, from the early days of Art Nouveau to the 1950s-60s, exemplified by iconic pieces by the greatest names of the 20th century.<\/p>\n<p style=\"text-align: justify;\">Galerie Jacques Lacoste made its name with Jean Roy\u00e8re: the gallery keeps part of the archives and greatly participated in rekindling interest in the designer, alongside with other talents, such as Max Ingrand, Alexandre Noll and Serge Mouille. Jacques Lacoste also intends to highlight the work of designers who contributed to the history of architecture, furniture and the decorative arts, whether famous members of the Union des Artistes Modernes (UAM) such as Robert Mallet-Stevens, Ren\u00e9 Herbst, Pierre Chareau, Jean Prouv\u00e9; or celebrated interior designers from the 1930s such as Jean-Michel Frank, Jacques Emile Ruhlmann or Paul Dupr\u00e9 Lafon.<\/p>\n<p style=\"text-align: justify;\">The gallery promotes the best of 20th-century design, and contributes to the literature on the subject, by publishing monographs and yearly catalogues.<span class=\"Apple-converted-space\">\u00a0<\/span><\/p>\n<p>&nbsp;<\/p>\n<p>[\/vc_column_text][vc_btn title=&#8221;BACK&#8221; style=&#8221;classic&#8221; link=&#8221;url:https%3A%2F%2Fwww.jacqueslacoste.com%2Fen%2Fexhibitions%2F|||&#8221;][\/vc_column][\/vc_row][vc_row][vc_column][vc_column_text]<\/p>\n<p>[\/vc_column_text][\/vc_column][\/vc_row]<\/p>\n","protected":false},"excerpt":{"rendered":"<p>[vc_row el_id=&#8221;arianne&#8221;][vc_column][vc_column_text][\/vc_column_text][\/vc_column][\/vc_row][vc_row el_id=&#8221;single-prod&#8221;][vc_column width=&#8221;1\/2&#8243;][vc_gallery type=&#8221;image_grid&#8221; images=&#8221;7137,7135,7139,7141,7143,7145,7147,7149,7151,7153,7155,7157,7159,7161,7163&#8243; img_size=&#8221;full&#8221;][\/vc_column][vc_column width=&#8221;1\/2&#8243; el_class=&#8221;product-details&#8221;][vc_column_text] OPENING OF A NEW GALLERY SPACE 19, avenue Matignon Paris 8 &#8211;\u00a0January 2019 [\/vc_column_text][vc_column_text] Galerie Jacques Lacoste opened its second venue, located 19 avenue Matignon, on the Right bank. This quintessentially Parisian avenue, a few meters away from the Elys\u00e9e Palace, is central in a neighbourhood [&#8230;]<\/p>\n<p><a class=\"btn btn-secondary understrap-read-more-link\" href=\"https:\/\/www.jacqueslacoste.com\/en\/exhibitions\/opening-of-a-new-gallery-space-19-avenue-matignon\/\">Read More&#8230;<\/a><\/p>\n","protected":false},"author":1,"featured_media":0,"parent":3327,"menu_order":0,"comment_status":"closed","ping_status":"closed","template":"","meta":{"inline_featured_image":false,"footnotes":""},"class_list":["post-14217","page","type-page","status-publish","hentry"],"_links":{"self":[{"href":"https:\/\/www.jacqueslacoste.com\/en\/wp-json\/wp\/v2\/pages\/14217","targetHints":{"allow":["GET"]}}],"collection":[{"href":"https:\/\/www.jacqueslacoste.com\/en\/wp-json\/wp\/v2\/pages"}],"about":[{"href":"https:\/\/www.jacqueslacoste.com\/en\/wp-json\/wp\/v2\/types\/page"}],"author":[{"embeddable":true,"href":"https:\/\/www.jacqueslacoste.com\/en\/wp-json\/wp\/v2\/users\/1"}],"replies":[{"embeddable":true,"href":"https:\/\/www.jacqueslacoste.com\/en\/wp-json\/wp\/v2\/comments?post=14217"}],"version-history":[{"count":1,"href":"https:\/\/www.jacqueslacoste.com\/en\/wp-json\/wp\/v2\/pages\/14217\/revisions"}],"predecessor-version":[{"id":14218,"href":"https:\/\/www.jacqueslacoste.com\/en\/wp-json\/wp\/v2\/pages\/14217\/revisions\/14218"}],"up":[{"embeddable":true,"href":"https:\/\/www.jacqueslacoste.com\/en\/wp-json\/wp\/v2\/pages\/3327"}],"wp:attachment":[{"href":"https:\/\/www.jacqueslacoste.com\/en\/wp-json\/wp\/v2\/media?parent=14217"}],"curies":[{"name":"wp","href":"https:\/\/api.w.org\/{rel}","templated":true}]}}