{"id":14224,"date":"2020-02-05T16:41:37","date_gmt":"2020-02-05T15:41:37","guid":{"rendered":"https:\/\/www.jacqueslacoste.com\/?page_id=14224"},"modified":"2020-07-22T17:07:48","modified_gmt":"2020-07-22T15:07:48","slug":"design-miami-basel-2018","status":"publish","type":"page","link":"https:\/\/www.jacqueslacoste.com\/en\/exhibitions\/design-miami-basel-2018\/","title":{"rendered":"Design Miami\/Basel 2018"},"content":{"rendered":"<p>[vc_row el_id=&#8221;arianne&#8221;][vc_column][vc_column_text]<nav aria-label=\"breadcrumbs\">\n            <div class=\"breadcrumb-container theme1\">\n                <ol>\n                                    <\/ol>\n            <\/div>\n        <\/nav>    <script type=\"application\/ld+json\">\n        {\n            \"@context\": \"http:\/\/schema.org\",\n            \"@type\": \"BreadcrumbList\",\n            \"itemListElement\": [\n                            ]\n        }\n    <\/script>\n   \n    <script>\n            <\/script>\n[\/vc_column_text][\/vc_column][\/vc_row][vc_row el_id=&#8221;single-prod&#8221;][vc_column width=&#8221;1\/2&#8243;][vc_gallery type=&#8221;image_grid&#8221; images=&#8221;3028,3029,3030,3031,3032,3033,3034,3035,3036,3037,3038,3039,3040,3041,3042,3043,3044,3045&#8243; img_size=&#8221;full&#8221;][\/vc_column][vc_column width=&#8221;1\/2&#8243; el_class=&#8221;product-details&#8221;][vc_column_text]<\/p>\n<h2>Design Miami\/Basel<\/h2>\n<h3>June 2018 | Basel, Switzerland<\/h3>\n<p style=\"text-align: justify;\"><span style=\"text-decoration: underline;\"><br \/>\nDesigners exhibited :<\/span><\/p>\n<p>Jacques Andr\u00e9 et Jean Prouv\u00e9<br class=\"\" \/>Pierre Chareau \u00a0<br class=\"\" \/>\u00c9tienne Cournault<br class=\"\" \/>H\u00e9l\u00e8ne Henry<br class=\"\" \/>Ren\u00e9 Herbst \u00a0<br class=\"\" \/>Le Corbusier &#8211;\u00a0Charlotte Perriand &#8211;\u00a0Pierre Jeanneret\u00a0<br class=\"\" \/>Andr\u00e9 Lur\u00e7at et Jean Lur\u00e7at<br class=\"\" \/>Robert Mallet-Stevens<br class=\"\" \/>Jean Roy\u00e8re[\/vc_column_text][vc_column_text]<\/p>\n<ul class=\"list-inline prod-list\">\n<li><a  class=\"_3d-flip-book  fb3d-link-lightbox-mode\" data-id=\"7104\" data-mode=\"link-lightbox\" data-title=\"false\" data-template=\"short-white-book-view\" data-lightbox=\"dark\" data-urlparam=\"fb3d-page\" data-page-n=\"0\" data-pdf=\"\" data-tax=\"null\" data-thumbnail=\"\" data-cols=\"3\" data-book-template=\"default\" data-trigger=\"\">Consult<\/a><script type=\"text\/javascript\">window.FB3D_CLIENT_DATA = window.FB3D_CLIENT_DATA || [];FB3D_CLIENT_DATA.push('eyJwb3N0cyI6eyI3MTA0Ijp7IklEIjo3MTA0LCJ0aXRsZSI6IkRlc2lnbiBNaWFtaVwvQmFzZWwgMjAxOCIsInR5cGUiOiJwZGYiLCJyZWFkeV9mdW5jdGlvbiI6IiIsImJvb2tfc3R5bGUiOiJ2b2x1bWUiLCJib29rX3RlbXBsYXRlIjoibm9uZSIsIm91dGxpbmUiOltdLCJkYXRhIjp7InBvc3RfSUQiOiI3MTA1IiwiZ3VpZCI6Imh0dHBzOlwvXC93d3cuamFjcXVlc2xhY29zdGUuY29tXC93cC1jb250ZW50XC91cGxvYWRzXC8yMDE5XC8wMlwvY2F0YWxvZ3VlLWJhbGUtMjAxOC1iZC5wZGYiLCJwZGZfcGFnZXMiOiI0MCIsInBhZ2VzX2N1c3RvbWl6YXRpb24iOiJub25lIn0sInRodW1ibmFpbCI6eyJkYXRhIjp7InBvc3RfSUQiOiIwIn0sInR5cGUiOiJhdXRvIn0sInByb3BzIjp7ImhlaWdodCI6ImF1dG8iLCJ3aWR0aCI6ImF1dG8iLCJncmF2aXR5IjoiYXV0byIsImNhY2hlZFBhZ2VzIjoiYXV0byIsInJlbmRlckluYWN0aXZlUGFnZXMiOiJhdXRvIiwicmVuZGVySW5hY3RpdmVQYWdlc09uTW9iaWxlIjoiYXV0byIsInJlbmRlcldoaWxlRmxpcHBpbmciOiJhdXRvIiwicGFnZXNGb3JQcmVkaWN0aW5nIjoiYXV0byIsInByZWxvYWRQYWdlcyI6ImF1dG8iLCJydGwiOiJhdXRvIiwic2hlZXQiOnsic3RhcnRWZWxvY2l0eSI6ImF1dG8iLCJjb3JuZXJEZXZpYXRpb24iOiJhdXRvIiwiZmxleGliaWxpdHkiOiJhdXRvIiwiZmxleGlibGVDb3JuZXIiOiJhdXRvIiwiYmVuZGluZyI6ImF1dG8iLCJ3YXZlIjoiYXV0byIsIndpZHRoVGV4ZWxzIjoiYXV0byIsImhlaWdodFRleGVscyI6ImF1dG8iLCJjb2xvciI6ImF1dG8ifSwiY292ZXIiOnsic3RhcnRWZWxvY2l0eSI6ImF1dG8iLCJmbGV4aWJpbGl0eSI6ImF1dG8iLCJmbGV4aWJsZUNvcm5lciI6ImF1dG8iLCJiZW5kaW5nIjoiYXV0byIsIndhdmUiOiJhdXRvIiwid2lkdGhUZXhlbHMiOiJhdXRvIiwiaGVpZ2h0VGV4ZWxzIjoiYXV0byIsImNvbG9yIjoiYXV0byIsImJpbmRlclRleHR1cmUiOiJhdXRvIiwiZGVwdGgiOiJhdXRvIiwicGFkZGluZyI6ImF1dG8iLCJtYXNzIjoiYXV0byJ9LCJwYWdlIjp7InN0YXJ0VmVsb2NpdHkiOiJhdXRvIiwiZmxleGliaWxpdHkiOiJhdXRvIiwiZmxleGlibGVDb3JuZXIiOiJhdXRvIiwiYmVuZGluZyI6ImF1dG8iLCJ3YXZlIjoiYXV0byIsIndpZHRoVGV4ZWxzIjoiYXV0byIsImhlaWdodFRleGVscyI6ImF1dG8iLCJjb2xvciI6ImF1dG8iLCJkZXB0aCI6ImF1dG8iLCJtYXNzIjoiYXV0byJ9fSwiY29udHJvbFByb3BzIjp7ImFjdGlvbnMiOnsiY21kU2F2ZSI6eyJlbmFibGVkIjoiYXV0byJ9LCJjbWRQcmludCI6eyJlbmFibGVkIjoiYXV0byJ9LCJjbWRTaW5nbGVQYWdlIjp7ImVuYWJsZWQiOiJhdXRvIiwiYWN0aXZlIjoiYXV0byJ9fX0sImF1dG9UaHVtYm5haWwiOm51bGwsInBvc3RfbmFtZSI6ImRlc2lnbi1taWFtaS1iYXNlbC0yMDE4IiwicG9zdF90eXBlIjoiM2QtZmxpcC1ib29rIn19LCJwYWdlcyI6W10sImZpcnN0UGFnZXMiOltdfQ==');window.FB3D_CLIENT_LOCALE && FB3D_CLIENT_LOCALE.render && FB3D_CLIENT_LOCALE.render();<\/script><\/li>\n<li><a href=\"mailto:?subject=Exhibitions - Design Miami\/Basel 2018 &body=https:\/\/www.jacqueslacoste.com\/en\/exhibitions\/design-miami-basel-2018\/\">SHARE<\/a><\/li>\n<\/ul>\n<p>[\/vc_column_text][vc_btn title=&#8221;BACK&#8221; style=&#8221;classic&#8221; link=&#8221;url:https%3A%2F%2Fwww.jacqueslacoste.com%2Fen%2Fexhibitions%2F|||&#8221;][\/vc_column][\/vc_row]<\/p>\n","protected":false},"excerpt":{"rendered":"<p>[vc_row el_id=&#8221;arianne&#8221;][vc_column][vc_column_text][\/vc_column_text][\/vc_column][\/vc_row][vc_row el_id=&#8221;single-prod&#8221;][vc_column width=&#8221;1\/2&#8243;][vc_gallery type=&#8221;image_grid&#8221; images=&#8221;3028,3029,3030,3031,3032,3033,3034,3035,3036,3037,3038,3039,3040,3041,3042,3043,3044,3045&#8243; img_size=&#8221;full&#8221;][\/vc_column][vc_column width=&#8221;1\/2&#8243; el_class=&#8221;product-details&#8221;][vc_column_text] Design Miami\/Basel June 2018 | Basel, Switzerland Designers exhibited : Jacques Andr\u00e9 et Jean Prouv\u00e9Pierre Chareau \u00a0\u00c9tienne CournaultH\u00e9l\u00e8ne HenryRen\u00e9 Herbst \u00a0Le Corbusier &#8211;\u00a0Charlotte Perriand &#8211;\u00a0Pierre Jeanneret\u00a0Andr\u00e9 Lur\u00e7at et Jean Lur\u00e7atRobert Mallet-StevensJean Roy\u00e8re[\/vc_column_text][vc_column_text] [\/vc_column_text][vc_btn title=&#8221;BACK&#8221; style=&#8221;classic&#8221; link=&#8221;url:https%3A%2F%2Fwww.jacqueslacoste.com%2Fen%2Fexhibitions%2F|||&#8221;][\/vc_column][\/vc_row] [&#8230;]<\/p>\n<p><a class=\"btn btn-secondary understrap-read-more-link\" href=\"https:\/\/www.jacqueslacoste.com\/en\/exhibitions\/design-miami-basel-2018\/\">Read More&#8230;<\/a><\/p>\n","protected":false},"author":1,"featured_media":0,"parent":3327,"menu_order":0,"comment_status":"closed","ping_status":"closed","template":"","meta":{"inline_featured_image":false,"footnotes":""},"class_list":["post-14224","page","type-page","status-publish","hentry"],"_links":{"self":[{"href":"https:\/\/www.jacqueslacoste.com\/en\/wp-json\/wp\/v2\/pages\/14224","targetHints":{"allow":["GET"]}}],"collection":[{"href":"https:\/\/www.jacqueslacoste.com\/en\/wp-json\/wp\/v2\/pages"}],"about":[{"href":"https:\/\/www.jacqueslacoste.com\/en\/wp-json\/wp\/v2\/types\/page"}],"author":[{"embeddable":true,"href":"https:\/\/www.jacqueslacoste.com\/en\/wp-json\/wp\/v2\/users\/1"}],"replies":[{"embeddable":true,"href":"https:\/\/www.jacqueslacoste.com\/en\/wp-json\/wp\/v2\/comments?post=14224"}],"version-history":[{"count":2,"href":"https:\/\/www.jacqueslacoste.com\/en\/wp-json\/wp\/v2\/pages\/14224\/revisions"}],"predecessor-version":[{"id":18039,"href":"https:\/\/www.jacqueslacoste.com\/en\/wp-json\/wp\/v2\/pages\/14224\/revisions\/18039"}],"up":[{"embeddable":true,"href":"https:\/\/www.jacqueslacoste.com\/en\/wp-json\/wp\/v2\/pages\/3327"}],"wp:attachment":[{"href":"https:\/\/www.jacqueslacoste.com\/en\/wp-json\/wp\/v2\/media?parent=14224"}],"curies":[{"name":"wp","href":"https:\/\/api.w.org\/{rel}","templated":true}]}}