{"id":14889,"date":"2020-02-25T16:41:39","date_gmt":"2020-02-25T15:41:39","guid":{"rendered":"https:\/\/www.jacqueslacoste.com\/?page_id=14889"},"modified":"2021-03-26T15:15:31","modified_gmt":"2021-03-26T14:15:31","slug":"mallet-stevens-storage-cabinet-circa-1930","status":"publish","type":"page","link":"https:\/\/www.jacqueslacoste.com\/en\/other-creators-1900-1950\/mallet-stevens-storage-cabinet-circa-1930\/","title":{"rendered":"Mallet-Stevens, storage cabinet, circa 1930"},"content":{"rendered":"<p>[vc_row el_id=&#8221;arianne&#8221;][vc_column][vc_column_text]<nav aria-label=\"breadcrumbs\">\n            <div class=\"breadcrumb-container theme1\">\n                <ol>\n                                    <\/ol>\n            <\/div>\n        <\/nav>    <script type=\"application\/ld+json\">\n        {\n            \"@context\": \"http:\/\/schema.org\",\n            \"@type\": \"BreadcrumbList\",\n            \"itemListElement\": [\n                            ]\n        }\n    <\/script>\n   \n    <script>\n            <\/script>\n[\/vc_column_text][\/vc_column][\/vc_row][vc_row el_id=&#8221;single-prod&#8221;][vc_column width=&#8221;1\/2&#8243;][vc_gallery type=&#8221;image_grid&#8221; images=&#8221;7729&#8243; img_size=&#8221;full&#8221;][\/vc_column][vc_column width=&#8221;1\/2&#8243; css=&#8221;.vc_custom_1532640885006{padding-left: 20px !important;}&#8221; el_class=&#8221;product-details&#8221;][vc_column_text]<\/p>\n<h2>ROBERT\u00a0MALLET-STEVENS<br \/>\n(1886-1945)<\/h2>\n<h3>Storage cabinet, circa 1930<\/h3>\n<p>In rosewood and nickel-plated metal<\/p>\n<p>&nbsp;<\/p>\n<p><strong>Dimensions<\/strong> :<br \/>\nH 42,9 x W 42,9 x D 11,8 in.<br \/>\nH 109 x L 93,5 x P 30 cm<\/p>\n<div class=\"wpb_text_column wpb_content_element \">\n<div class=\"wpb_wrapper\"><\/div>\n<\/div>\n<p>&nbsp;<\/p>\n<p><strong>Provenance :<\/strong><br \/>\nPrivate collection from Robert Mallet-Stevens\u2019 family.<br \/>\nFurniture\u00a0commissioned by his niece for her wedding in 1930.[\/vc_column_text][vc_column_text]<strong>Provenance\u00a0: <\/strong><br \/>\nCollection priv\u00e9e provenant de la famille de Robert Mallet-Stevens\u00a0: mobilier command\u00e9 par sa ni\u00e8ce \u00e0 l\u2019occasion de son mariage en 1930<\/p>\n<p>&nbsp;<\/p>\n<p><em>Ref : RMS007<\/em>[\/vc_column_text][vc_column_text]<\/p>\n<ul class=\"list-inline prod-list\">\n<li><a href=\"mailto:contact@jacqueslacoste.com\">Price upon request<\/a><\/li>\n<li><a href=\"mailto:contact@jacqueslacoste.com\">Share<\/a><\/li>\n<\/ul>\n<p>[\/vc_column_text][vc_btn title=&#8221;BACK&#8221; style=&#8221;classic&#8221; link=&#8221;url:https%3A%2F%2Fwww.jacqueslacoste.com%2Fen%2Fautres-createurs-1900-1950%2F|||&#8221;][\/vc_column][\/vc_row]<\/p>\n","protected":false},"excerpt":{"rendered":"<p>[vc_row el_id=&#8221;arianne&#8221;][vc_column][vc_column_text][\/vc_column_text][\/vc_column][\/vc_row][vc_row el_id=&#8221;single-prod&#8221;][vc_column width=&#8221;1\/2&#8243;][vc_gallery type=&#8221;image_grid&#8221; images=&#8221;7729&#8243; img_size=&#8221;full&#8221;][\/vc_column][vc_column width=&#8221;1\/2&#8243; css=&#8221;.vc_custom_1532640885006{padding-left: 20px !important;}&#8221; el_class=&#8221;product-details&#8221;][vc_column_text] ROBERT\u00a0MALLET-STEVENS (1886-1945) Storage cabinet, circa 1930 In rosewood and nickel-plated metal &nbsp; Dimensions : H 42,9 x W 42,9 x D 11,8 in. H 109 x L 93,5 x P 30 cm &nbsp; Provenance : Private collection from Robert Mallet-Stevens\u2019 family. Furniture\u00a0commissioned by [&#8230;]<\/p>\n<p><a class=\"btn btn-secondary understrap-read-more-link\" href=\"https:\/\/www.jacqueslacoste.com\/en\/other-creators-1900-1950\/mallet-stevens-storage-cabinet-circa-1930\/\">Read More&#8230;<\/a><\/p>\n","protected":false},"author":1,"featured_media":8244,"parent":3587,"menu_order":0,"comment_status":"closed","ping_status":"closed","template":"","meta":{"inline_featured_image":false,"footnotes":""},"class_list":["post-14889","page","type-page","status-publish","has-post-thumbnail","hentry"],"_links":{"self":[{"href":"https:\/\/www.jacqueslacoste.com\/en\/wp-json\/wp\/v2\/pages\/14889","targetHints":{"allow":["GET"]}}],"collection":[{"href":"https:\/\/www.jacqueslacoste.com\/en\/wp-json\/wp\/v2\/pages"}],"about":[{"href":"https:\/\/www.jacqueslacoste.com\/en\/wp-json\/wp\/v2\/types\/page"}],"author":[{"embeddable":true,"href":"https:\/\/www.jacqueslacoste.com\/en\/wp-json\/wp\/v2\/users\/1"}],"replies":[{"embeddable":true,"href":"https:\/\/www.jacqueslacoste.com\/en\/wp-json\/wp\/v2\/comments?post=14889"}],"version-history":[{"count":3,"href":"https:\/\/www.jacqueslacoste.com\/en\/wp-json\/wp\/v2\/pages\/14889\/revisions"}],"predecessor-version":[{"id":25298,"href":"https:\/\/www.jacqueslacoste.com\/en\/wp-json\/wp\/v2\/pages\/14889\/revisions\/25298"}],"up":[{"embeddable":true,"href":"https:\/\/www.jacqueslacoste.com\/en\/wp-json\/wp\/v2\/pages\/3587"}],"wp:featuredmedia":[{"embeddable":true,"href":"https:\/\/www.jacqueslacoste.com\/en\/wp-json\/wp\/v2\/media\/8244"}],"wp:attachment":[{"href":"https:\/\/www.jacqueslacoste.com\/en\/wp-json\/wp\/v2\/media?parent=14889"}],"curies":[{"name":"wp","href":"https:\/\/api.w.org\/{rel}","templated":true}]}}