{"id":14998,"date":"2020-03-02T15:55:50","date_gmt":"2020-03-02T14:55:50","guid":{"rendered":"https:\/\/www.jacqueslacoste.com\/?page_id=14998"},"modified":"2021-03-03T16:02:01","modified_gmt":"2021-03-03T15:02:01","slug":"jean-royere-chair-circa-1960","status":"publish","type":"page","link":"https:\/\/www.jacqueslacoste.com\/en\/jean-royere\/jean-royere-chair-circa-1960\/","title":{"rendered":"Jean Roy\u00e8re, chair, circa 1960"},"content":{"rendered":"<p>[vc_row el_id=&#8221;arianne&#8221;][vc_column][vc_column_text]<nav aria-label=\"breadcrumbs\">\n            <div class=\"breadcrumb-container theme1\">\n                <ol>\n                                    <\/ol>\n            <\/div>\n        <\/nav>    <script type=\"application\/ld+json\">\n        {\n            \"@context\": \"http:\/\/schema.org\",\n            \"@type\": \"BreadcrumbList\",\n            \"itemListElement\": [\n                            ]\n        }\n    <\/script>\n   \n    <script>\n            <\/script>\n[\/vc_column_text][\/vc_column][\/vc_row][vc_row el_id=&#8221;single-prod&#8221;][vc_column width=&#8221;1\/2&#8243;][vc_gallery type=&#8221;image_grid&#8221; images=&#8221;20582&#8243; img_size=&#8221;full&#8221;][\/vc_column][vc_column width=&#8221;1\/2&#8243; css=&#8221;.vc_custom_1532640885006{padding-left: 20px !important;}&#8221; el_class=&#8221;product-details&#8221;][vc_column_text]<\/p>\n<h2>JEAN ROY\u00c8RE (1902-1981)<\/h2>\n<h3>Chair, circa 1960<\/h3>\n<p>In ashwood and fabric<\/p>\n<p>&nbsp;<\/p>\n<p><strong>Dimensions<\/strong> :<br \/>\nH 33 x L 18 x D 21 in.<br \/>\nH 85 x L 46 x P 54 cm<\/p>\n<p>&nbsp;<\/p>\n<p><strong>Provenance :<\/strong><br \/>\nOran Prefecture, Algeria<\/p>\n<p>&nbsp;<\/p>\n<p><strong>Documentation :<\/strong><br \/>\nJean Roy\u00e8re Archives, Mus\u00e9e des Arts D\u00e9coratifs, overall plan N\u00b011.311 for the amphitheatre of the Pr\u00e9fecture d&#8217;Oran with similar models of chairs, circa 1960<\/p>\n<p>&nbsp;<\/p>\n<p><em>Ref : JR286<\/em>[\/vc_column_text][vc_column_text]<\/p>\n<ul class=\"list-inline prod-list\">\n<li><a href=\"\/\/www.jacqueslacoste.com\/en\/jean-royere-biography\/\" target=\"_blank\" rel=\"noopener noreferrer\">Biography<\/a><\/li>\n<li><a href=\"\/\/www.jacqueslacoste.com\/en\/our-archives\/\" target=\"_blank\" rel=\"noopener noreferrer\">Archives<\/a><\/li>\n<li><a href=\"mailto:contact@jacqueslacoste.com?subject= Price upon request : Jean Roy\u00e8re - Jean Roy\u00e8re, chair, circa 1960 &body=https:www.jacqueslacoste.com\/en\/jean-royere\/jean-royere-chair-circa-1960\/\">Price upon request<\/a><\/li>\n<li><a href=\"mailto:?subject=Jean Roy\u00e8re - Jean Roy\u00e8re, chair, circa 1960 &body=https:\/\/www.jacqueslacoste.com\/en\/jean-royere\/jean-royere-chair-circa-1960\/\">SHARE<\/a><\/li>\n<\/ul>\n<p>[\/vc_column_text][vc_btn title=&#8221;BACK&#8221; style=&#8221;classic&#8221; link=&#8221;url:https%3A%2F%2Fwww.jacqueslacoste.com%2Fen%2Fjean-royere%2F|||&#8221;][vc_raw_html]JTNDZGl2JTIwY2xhc3MlM0QlMjJidG4tcmVkJTIyJTNFJTNDYSUyMGNsYXNzJTNEJTIydmNfZ2VuZXJhbCUyMHZjX2J0bjMlMjB2Y19idG4zLXNpemUtbWQlMjB2Y19idG4zLXNoYXBlLXNxdWFyZSUyMHZjX2J0bjMtc3R5bGUtY3VzdG9tJTIyJTIwaHJlZiUzRCUyMmh0dHBzJTNBJTJGJTJGd3d3LmphY3F1ZXNsYWNvc3RlLmNvbSUyRmVuJTJGZXhwb3NpdGlvbiUyRmxleHBvc2l0aW9uJTJGJTIyJTIwdGl0bGUlM0QlMjJMJUUyJTgwJTk5ZXhwb3NpdGlvbiUyMiUzRUJhY2slMjB0byUyMHRoZSUyMGV4aGliaXRpb24lM0MlMkZhJTNFJTNDJTJGZGl2JTNF[\/vc_raw_html][\/vc_column][\/vc_row]<\/p>\n","protected":false},"excerpt":{"rendered":"<p>[vc_row el_id=&#8221;arianne&#8221;][vc_column][vc_column_text][\/vc_column_text][\/vc_column][\/vc_row][vc_row el_id=&#8221;single-prod&#8221;][vc_column width=&#8221;1\/2&#8243;][vc_gallery type=&#8221;image_grid&#8221; images=&#8221;20582&#8243; img_size=&#8221;full&#8221;][\/vc_column][vc_column width=&#8221;1\/2&#8243; css=&#8221;.vc_custom_1532640885006{padding-left: 20px !important;}&#8221; el_class=&#8221;product-details&#8221;][vc_column_text] JEAN ROY\u00c8RE (1902-1981) Chair, circa 1960 In ashwood and fabric &nbsp; Dimensions : H 33 x L 18 x D 21 in. H 85 x L 46 x P 54 cm &nbsp; Provenance : Oran Prefecture, Algeria &nbsp; Documentation : Jean Roy\u00e8re Archives, [&#8230;]<\/p>\n<p><a class=\"btn btn-secondary understrap-read-more-link\" href=\"https:\/\/www.jacqueslacoste.com\/en\/jean-royere\/jean-royere-chair-circa-1960\/\">Read More&#8230;<\/a><\/p>\n","protected":false},"author":1,"featured_media":20580,"parent":3616,"menu_order":0,"comment_status":"closed","ping_status":"closed","template":"","meta":{"inline_featured_image":false,"footnotes":""},"class_list":["post-14998","page","type-page","status-publish","has-post-thumbnail","hentry"],"_links":{"self":[{"href":"https:\/\/www.jacqueslacoste.com\/en\/wp-json\/wp\/v2\/pages\/14998","targetHints":{"allow":["GET"]}}],"collection":[{"href":"https:\/\/www.jacqueslacoste.com\/en\/wp-json\/wp\/v2\/pages"}],"about":[{"href":"https:\/\/www.jacqueslacoste.com\/en\/wp-json\/wp\/v2\/types\/page"}],"author":[{"embeddable":true,"href":"https:\/\/www.jacqueslacoste.com\/en\/wp-json\/wp\/v2\/users\/1"}],"replies":[{"embeddable":true,"href":"https:\/\/www.jacqueslacoste.com\/en\/wp-json\/wp\/v2\/comments?post=14998"}],"version-history":[{"count":5,"href":"https:\/\/www.jacqueslacoste.com\/en\/wp-json\/wp\/v2\/pages\/14998\/revisions"}],"predecessor-version":[{"id":24195,"href":"https:\/\/www.jacqueslacoste.com\/en\/wp-json\/wp\/v2\/pages\/14998\/revisions\/24195"}],"up":[{"embeddable":true,"href":"https:\/\/www.jacqueslacoste.com\/en\/wp-json\/wp\/v2\/pages\/3616"}],"wp:featuredmedia":[{"embeddable":true,"href":"https:\/\/www.jacqueslacoste.com\/en\/wp-json\/wp\/v2\/media\/20580"}],"wp:attachment":[{"href":"https:\/\/www.jacqueslacoste.com\/en\/wp-json\/wp\/v2\/media?parent=14998"}],"curies":[{"name":"wp","href":"https:\/\/api.w.org\/{rel}","templated":true}]}}