{"id":15185,"date":"2020-03-04T11:25:14","date_gmt":"2020-03-04T10:25:14","guid":{"rendered":"https:\/\/www.jacqueslacoste.com\/?page_id=15185"},"modified":"2020-03-04T15:56:14","modified_gmt":"2020-03-04T14:56:14","slug":"eileen-gray-sofa-circa-1923","status":"publish","type":"page","link":"https:\/\/www.jacqueslacoste.com\/en\/other-creators-1900-1950\/eileen-gray-sofa-circa-1923\/","title":{"rendered":"Eileen Gray, sofa, circa 1923"},"content":{"rendered":"<p>[vc_row el_id=&#8221;arianne&#8221;][vc_column][vc_column_text]<nav aria-label=\"breadcrumbs\">\n            <div class=\"breadcrumb-container theme1\">\n                <ol>\n                                    <\/ol>\n            <\/div>\n        <\/nav>    <script type=\"application\/ld+json\">\n        {\n            \"@context\": \"http:\/\/schema.org\",\n            \"@type\": \"BreadcrumbList\",\n            \"itemListElement\": [\n                            ]\n        }\n    <\/script>\n   \n    <script>\n            <\/script>\n[\/vc_column_text][\/vc_column][\/vc_row][vc_row el_id=&#8221;single-prod&#8221;][vc_column width=&#8221;1\/2&#8243;][vc_gallery type=&#8221;image_grid&#8221; images=&#8221;15168,15170,15172,15174,15176,15178&#8243; img_size=&#8221;full&#8221;][\/vc_column][vc_column width=&#8221;1\/2&#8243; css=&#8221;.vc_custom_1532640885006{padding-left: 20px !important;}&#8221; el_class=&#8221;product-details&#8221;][vc_column_text]<\/p>\n<h2>EILEEN GRAY (1878-1976)<\/h2>\n<h3>Sofa, circa 1923<\/h3>\n<p>Sofa made of two cubes in orange lacquered wood and black canvas seat<\/p>\n<p>&nbsp;<\/p>\n<p><strong>Dimensions<\/strong> :<br \/>\nSofa :\u00a0H 31 x L 102 x D 35 in.<br \/>\nBlocs :\u00a0H 21 x L 16 x D 35 in.<\/p>\n<p>&nbsp;<\/p>\n<p>&nbsp;<\/p>\n<p><strong>Provenance :<\/strong><br \/>\nMr. and Mrs. William F. Dunn Collection, San Francisco<br \/>\nIn the family by descent<br \/>\nChristie&#8217;s, New York, Important 20th Century Decorative Art &amp; Design, December 17, 2011, lot 241<\/p>\n<p>&nbsp;<\/p>\n<p>&nbsp;<\/p>\n<p><strong>Documentation :<\/strong><br \/>\nAlbum of Eileen Gray, Mus\u00e9e National D&#8217;Ireland &#8211; Ireland National Museum of Art , clich\u00e9 of the sofa at Jean D\u00e9sert gallery<\/p>\n<p>&nbsp;<\/p>\n<p>&nbsp;<\/p>\n<p><strong>Bibliographie :<\/strong><br \/>\nEileen Gray &#8211; Architect designer, Peter Adam, London, Thames &amp; Hudson, 1987, sofa reproduced p. 104 and similar model reproduced p. 301<br \/>\nEileen Gray, Clo\u00e9 Pitiot, Centre Pompidou, 2013, p.80 , similar model reproduced<\/p>\n<p>&nbsp;<\/p>\n<p>&nbsp;<\/p>\n<p><em><span class=\"Apple-converted-space\">\u00a0<\/span>Ref : GRA01<\/em>[\/vc_column_text][vc_column_text]<\/p>\n<ul class=\"list-inline prod-list\">\n<li><a href=\"mailto:contact@jacqueslacoste.com\">Price upon request<\/a><\/li>\n<li><a href=\"mailto:contact@jacqueslacoste.com\">Share<\/a><\/li>\n<\/ul>\n<p>[\/vc_column_text][vc_btn title=&#8221;BACK&#8221; style=&#8221;classic&#8221; link=&#8221;url:https%3A%2F%2Fwww.jacqueslacoste.com%2Fen%2Fautres-createurs-1900-1950%2F|||&#8221;][\/vc_column][\/vc_row]<\/p>\n","protected":false},"excerpt":{"rendered":"<p>[vc_row el_id=&#8221;arianne&#8221;][vc_column][vc_column_text][\/vc_column_text][\/vc_column][\/vc_row][vc_row el_id=&#8221;single-prod&#8221;][vc_column width=&#8221;1\/2&#8243;][vc_gallery type=&#8221;image_grid&#8221; images=&#8221;15168,15170,15172,15174,15176,15178&#8243; img_size=&#8221;full&#8221;][\/vc_column][vc_column width=&#8221;1\/2&#8243; css=&#8221;.vc_custom_1532640885006{padding-left: 20px !important;}&#8221; el_class=&#8221;product-details&#8221;][vc_column_text] EILEEN GRAY (1878-1976) Sofa, circa 1923 Sofa made of two cubes in orange lacquered wood and black canvas seat &nbsp; Dimensions : Sofa :\u00a0H 31 x L 102 x D 35 in. Blocs :\u00a0H 21 x L 16 x D 35 in. &nbsp; [&#8230;]<\/p>\n<p><a class=\"btn btn-secondary understrap-read-more-link\" href=\"https:\/\/www.jacqueslacoste.com\/en\/other-creators-1900-1950\/eileen-gray-sofa-circa-1923\/\">Read More&#8230;<\/a><\/p>\n","protected":false},"author":1,"featured_media":0,"parent":3587,"menu_order":0,"comment_status":"closed","ping_status":"closed","template":"","meta":{"inline_featured_image":false,"footnotes":""},"class_list":["post-15185","page","type-page","status-publish","hentry"],"_links":{"self":[{"href":"https:\/\/www.jacqueslacoste.com\/en\/wp-json\/wp\/v2\/pages\/15185","targetHints":{"allow":["GET"]}}],"collection":[{"href":"https:\/\/www.jacqueslacoste.com\/en\/wp-json\/wp\/v2\/pages"}],"about":[{"href":"https:\/\/www.jacqueslacoste.com\/en\/wp-json\/wp\/v2\/types\/page"}],"author":[{"embeddable":true,"href":"https:\/\/www.jacqueslacoste.com\/en\/wp-json\/wp\/v2\/users\/1"}],"replies":[{"embeddable":true,"href":"https:\/\/www.jacqueslacoste.com\/en\/wp-json\/wp\/v2\/comments?post=15185"}],"version-history":[{"count":1,"href":"https:\/\/www.jacqueslacoste.com\/en\/wp-json\/wp\/v2\/pages\/15185\/revisions"}],"predecessor-version":[{"id":15186,"href":"https:\/\/www.jacqueslacoste.com\/en\/wp-json\/wp\/v2\/pages\/15185\/revisions\/15186"}],"up":[{"embeddable":true,"href":"https:\/\/www.jacqueslacoste.com\/en\/wp-json\/wp\/v2\/pages\/3587"}],"wp:attachment":[{"href":"https:\/\/www.jacqueslacoste.com\/en\/wp-json\/wp\/v2\/media?parent=15185"}],"curies":[{"name":"wp","href":"https:\/\/api.w.org\/{rel}","templated":true}]}}