{"id":17443,"date":"2020-06-30T14:17:21","date_gmt":"2020-06-30T12:17:21","guid":{"rendered":"https:\/\/www.jacqueslacoste.com\/?page_id=17443"},"modified":"2021-03-24T17:21:04","modified_gmt":"2021-03-24T16:21:04","slug":"rene-herbst-chandelier-circa-1929","status":"publish","type":"page","link":"https:\/\/www.jacqueslacoste.com\/en\/other-creators-1900-1950\/rene-herbst-chandelier-circa-1929\/","title":{"rendered":"Ren\u00e9 Herbst, chandelier, circa 1929"},"content":{"rendered":"<p>[vc_row el_id=&#8221;arianne&#8221;][vc_column][vc_column_text]<nav aria-label=\"breadcrumbs\">\n            <div class=\"breadcrumb-container theme1\">\n                <ol>\n                                    <\/ol>\n            <\/div>\n        <\/nav>    <script type=\"application\/ld+json\">\n        {\n            \"@context\": \"http:\/\/schema.org\",\n            \"@type\": \"BreadcrumbList\",\n            \"itemListElement\": [\n                            ]\n        }\n    <\/script>\n   \n    <script>\n            <\/script>\n[\/vc_column_text][\/vc_column][\/vc_row][vc_row el_id=&#8221;single-prod&#8221;][vc_column width=&#8221;1\/2&#8243;][vc_gallery type=&#8221;image_grid&#8221; images=&#8221;17431&#8243; img_size=&#8221;full&#8221;][\/vc_column][vc_column width=&#8221;1\/2&#8243; css=&#8221;.vc_custom_1532640885006{padding-left: 20px !important;}&#8221; el_class=&#8221;product-details&#8221;][vc_column_text]<\/p>\n<h2>REN\u00c9 HERBST (1891-1982)<\/h2>\n<h3>Chandelier, circa 1929<\/h3>\n<p>In chrome plated metal<\/p>\n<p>&nbsp;<\/p>\n<p><strong>Dimensions<\/strong> :<br \/>\nH 21 x \u00f8 14 in.<br \/>\nH 53 x \u00f8 35 cm<\/p>\n<p>&nbsp;<\/p>\n<p><strong>Bibliography :<\/strong><br \/>\nRen\u00e9 Herbst, Solange Goguel, Les \u00c9ditions du Regard, Paris, 1990, mod\u00e8le\u00a0reproduit page 349.<\/p>\n<p>&nbsp;<\/p>\n<p><em>Ref : RH007<\/em>[\/vc_column_text][vc_column_text]<\/p>\n<ul class=\"list-inline prod-list\">\n<li><a href=\"mailto:contact@jacqueslacoste.com?subject= Price upon request : Other creators, 1900-1950 - Ren\u00e9 Herbst, chandelier, circa 1929 &body=https:www.jacqueslacoste.com\/en\/other-creators-1900-1950\/rene-herbst-chandelier-circa-1929\/\">Price upon request<\/a><\/li>\n<li><a href=\"mailto:?subject=Other creators, 1900-1950 - Ren\u00e9 Herbst, chandelier, circa 1929 &body=https:\/\/www.jacqueslacoste.com\/en\/other-creators-1900-1950\/rene-herbst-chandelier-circa-1929\/\">SHARE<\/a><\/li>\n<\/ul>\n<p>[\/vc_column_text][vc_btn title=&#8221;BACK&#8221; style=&#8221;classic&#8221; link=&#8221;url:https%3A%2F%2Fwww.jacqueslacoste.com%2Fen%2Fautres-createurs-1900-1950%2F|||&#8221;][\/vc_column][\/vc_row]<\/p>\n","protected":false},"excerpt":{"rendered":"<p>[vc_row el_id=&#8221;arianne&#8221;][vc_column][vc_column_text][\/vc_column_text][\/vc_column][\/vc_row][vc_row el_id=&#8221;single-prod&#8221;][vc_column width=&#8221;1\/2&#8243;][vc_gallery type=&#8221;image_grid&#8221; images=&#8221;17431&#8243; img_size=&#8221;full&#8221;][\/vc_column][vc_column width=&#8221;1\/2&#8243; css=&#8221;.vc_custom_1532640885006{padding-left: 20px !important;}&#8221; el_class=&#8221;product-details&#8221;][vc_column_text] REN\u00c9 HERBST (1891-1982) Chandelier, circa 1929 In chrome plated metal &nbsp; Dimensions : H 21 x \u00f8 14 in. H 53 x \u00f8 35 cm &nbsp; Bibliography : Ren\u00e9 Herbst, Solange Goguel, Les \u00c9ditions du Regard, Paris, 1990, mod\u00e8le\u00a0reproduit page 349. &nbsp; Ref [&#8230;]<\/p>\n<p><a class=\"btn btn-secondary understrap-read-more-link\" href=\"https:\/\/www.jacqueslacoste.com\/en\/other-creators-1900-1950\/rene-herbst-chandelier-circa-1929\/\">Read More&#8230;<\/a><\/p>\n","protected":false},"author":1,"featured_media":17430,"parent":3587,"menu_order":0,"comment_status":"closed","ping_status":"closed","template":"","meta":{"inline_featured_image":false,"footnotes":""},"class_list":["post-17443","page","type-page","status-publish","has-post-thumbnail","hentry"],"_links":{"self":[{"href":"https:\/\/www.jacqueslacoste.com\/en\/wp-json\/wp\/v2\/pages\/17443","targetHints":{"allow":["GET"]}}],"collection":[{"href":"https:\/\/www.jacqueslacoste.com\/en\/wp-json\/wp\/v2\/pages"}],"about":[{"href":"https:\/\/www.jacqueslacoste.com\/en\/wp-json\/wp\/v2\/types\/page"}],"author":[{"embeddable":true,"href":"https:\/\/www.jacqueslacoste.com\/en\/wp-json\/wp\/v2\/users\/1"}],"replies":[{"embeddable":true,"href":"https:\/\/www.jacqueslacoste.com\/en\/wp-json\/wp\/v2\/comments?post=17443"}],"version-history":[{"count":2,"href":"https:\/\/www.jacqueslacoste.com\/en\/wp-json\/wp\/v2\/pages\/17443\/revisions"}],"predecessor-version":[{"id":25120,"href":"https:\/\/www.jacqueslacoste.com\/en\/wp-json\/wp\/v2\/pages\/17443\/revisions\/25120"}],"up":[{"embeddable":true,"href":"https:\/\/www.jacqueslacoste.com\/en\/wp-json\/wp\/v2\/pages\/3587"}],"wp:featuredmedia":[{"embeddable":true,"href":"https:\/\/www.jacqueslacoste.com\/en\/wp-json\/wp\/v2\/media\/17430"}],"wp:attachment":[{"href":"https:\/\/www.jacqueslacoste.com\/en\/wp-json\/wp\/v2\/media?parent=17443"}],"curies":[{"name":"wp","href":"https:\/\/api.w.org\/{rel}","templated":true}]}}