{"id":17667,"date":"2020-07-09T11:05:50","date_gmt":"2020-07-09T09:05:50","guid":{"rendered":"https:\/\/www.jacqueslacoste.com\/?page_id=17667"},"modified":"2021-02-15T17:20:19","modified_gmt":"2021-02-15T16:20:19","slug":"jean-royere-bouquet-wall-light-circa-1950","status":"publish","type":"page","link":"https:\/\/www.jacqueslacoste.com\/en\/jean-royere-max-ingrand-serge-mouille-alexandre-noll-charlotte-perriand-jean-prouve\/sold-objects\/jean-royere-bouquet-wall-light-circa-1950\/","title":{"rendered":"Jean Roy\u00e8re, &#8220;Bouquet&#8221; wall light, circa 1950"},"content":{"rendered":"<p>[vc_row el_id=&#8221;arianne&#8221;][vc_column][vc_column_text]<nav aria-label=\"breadcrumbs\">\n            <div class=\"breadcrumb-container theme1\">\n                <ol>\n                                    <\/ol>\n            <\/div>\n        <\/nav>    <script type=\"application\/ld+json\">\n        {\n            \"@context\": \"http:\/\/schema.org\",\n            \"@type\": \"BreadcrumbList\",\n            \"itemListElement\": [\n                            ]\n        }\n    <\/script>\n   \n    <script>\n            <\/script>\n[\/vc_column_text][\/vc_column][\/vc_row][vc_row el_id=&#8221;single-prod&#8221;][vc_column width=&#8221;1\/2&#8243;][vc_gallery type=&#8221;image_grid&#8221; images=&#8221;8509&#8243; img_size=&#8221;full&#8221;][\/vc_column][vc_column width=&#8221;1\/2&#8243; css=&#8221;.vc_custom_1532640885006{padding-left: 20px !important;}&#8221; el_class=&#8221;product-details&#8221;][vc_column_text]<\/p>\n<h2>JEAN ROY\u00c8RE<\/h2>\n<h3>&#8220;Bouquet&#8221; wall light, circa 1950<\/h3>\n<p>Ten-branched \u00ab Bouquet \u00bb wall light in gold patinated metal<\/p>\n<p>&nbsp;<\/p>\n<p><strong>Dimensions<\/strong>\u00a0<strong>avec abats-jour :<br \/>\n<\/strong>H 30 x W 42 x D 22 in.[\/vc_column_text][vc_column_text]Model presented for the first time at the Salon des Artistes D\u00e9corateurs in 1939[\/vc_column_text][vc_column_text]<strong>Documentation<\/strong> :<\/p>\n<p>Archives Jean Roy\u00e8re \u2013 galerie Jacques Lacoste \/ galerie Patrick Seguin,<br \/>\nAlbum 1, cliqu\u00e9 429 d\u2019une applique \u00ab\u00a0Bouquet\u00a0\u00bb \u00e0 dix bras de lumi\u00e8re<\/p>\n<p>Archives Jean Roy\u00e8re \u2013 galerie Jacques Lacoste \/ galerie Patrick Seguin,<br \/>\nAlbum 1, cliqu\u00e9 449\u00a0 vue d\u2019une applique \u00ab\u00a0Bouquet\u00a0\u00bb \u00e0 dix bras de lumi\u00e8re au Salon des Artistes D\u00e9corateurs de 1939<\/p>\n<p>Archives Jean Roy\u00e8re \u2013 galerie Jacques Lacoste \/ galerie Patrick Seguin,<br \/>\nplan d\u2019ex\u00e9cution pour une applique \u00ab\u00a0Bouquet\u00a0\u00bb \u00e0 dix bras de lumi\u00e8re \u2013 mod\u00e8le similaire pour Monsieur D.<\/p>\n<p>&nbsp;<\/p>\n<p><em>Ref : JR251<\/em>[\/vc_column_text][vc_btn title=&#8221;SOLD&#8221; style=&#8221;custom&#8221; custom_background=&#8221;#9a0a25&#8243; custom_text=&#8221;#ffffff&#8221; shape=&#8221;square&#8221; align=&#8221;left&#8221;][vc_column_text]<\/p>\n<ul class=\"list-inline prod-list\">\n<li><a href=\"https:\/\/www.jacqueslacoste.com\/en\/jean-royere-biography\/\" target=\"_blank\" rel=\"noopener noreferrer\">Biography<\/a><\/li>\n<li><a href=\"\/\/www.jacqueslacoste.com\/en\/our-archives\/\" target=\"_blank\" rel=\"noopener noreferrer\">Archives<\/a><\/li>\n<li><a href=\"mailto:?subject=Sold objects - Jean Roy\u00e8re, &#8220;Bouquet&#8221; wall light, circa 1950 &body=https:\/\/www.jacqueslacoste.com\/en\/jean-royere-max-ingrand-serge-mouille-alexandre-noll-charlotte-perriand-jean-prouve\/sold-objects\/jean-royere-bouquet-wall-light-circa-1950\/\">SHARE<\/a><\/li>\n<\/ul>\n<p>[\/vc_column_text][vc_btn title=&#8221;BACK&#8221; style=&#8221;classic&#8221; link=&#8221;url:https%3A%2F%2Fwww.jacqueslacoste.com%2Fen%2Fjean-royere-max-ingrand-serge-mouille-alexandre-noll-charlotte-perriand-jean-prouve%2Fsold-objects%2F|||&#8221;][\/vc_column][\/vc_row]<\/p>\n","protected":false},"excerpt":{"rendered":"<p>[vc_row el_id=&#8221;arianne&#8221;][vc_column][vc_column_text][\/vc_column_text][\/vc_column][\/vc_row][vc_row el_id=&#8221;single-prod&#8221;][vc_column width=&#8221;1\/2&#8243;][vc_gallery type=&#8221;image_grid&#8221; images=&#8221;8509&#8243; img_size=&#8221;full&#8221;][\/vc_column][vc_column width=&#8221;1\/2&#8243; css=&#8221;.vc_custom_1532640885006{padding-left: 20px !important;}&#8221; el_class=&#8221;product-details&#8221;][vc_column_text] JEAN ROY\u00c8RE &#8220;Bouquet&#8221; wall light, circa 1950 Ten-branched \u00ab Bouquet \u00bb wall light in gold patinated metal &nbsp; Dimensions\u00a0avec abats-jour : H 30 x W 42 x D 22 in.[\/vc_column_text][vc_column_text]Model presented for the first time at the Salon des Artistes D\u00e9corateurs in 1939[\/vc_column_text][vc_column_text]Documentation [&#8230;]<\/p>\n<p><a class=\"btn btn-secondary understrap-read-more-link\" href=\"https:\/\/www.jacqueslacoste.com\/en\/jean-royere-max-ingrand-serge-mouille-alexandre-noll-charlotte-perriand-jean-prouve\/sold-objects\/jean-royere-bouquet-wall-light-circa-1950\/\">Read More&#8230;<\/a><\/p>\n","protected":false},"author":1,"featured_media":0,"parent":9432,"menu_order":0,"comment_status":"closed","ping_status":"closed","template":"","meta":{"inline_featured_image":false,"footnotes":""},"class_list":["post-17667","page","type-page","status-publish","hentry"],"_links":{"self":[{"href":"https:\/\/www.jacqueslacoste.com\/en\/wp-json\/wp\/v2\/pages\/17667","targetHints":{"allow":["GET"]}}],"collection":[{"href":"https:\/\/www.jacqueslacoste.com\/en\/wp-json\/wp\/v2\/pages"}],"about":[{"href":"https:\/\/www.jacqueslacoste.com\/en\/wp-json\/wp\/v2\/types\/page"}],"author":[{"embeddable":true,"href":"https:\/\/www.jacqueslacoste.com\/en\/wp-json\/wp\/v2\/users\/1"}],"replies":[{"embeddable":true,"href":"https:\/\/www.jacqueslacoste.com\/en\/wp-json\/wp\/v2\/comments?post=17667"}],"version-history":[{"count":4,"href":"https:\/\/www.jacqueslacoste.com\/en\/wp-json\/wp\/v2\/pages\/17667\/revisions"}],"predecessor-version":[{"id":23297,"href":"https:\/\/www.jacqueslacoste.com\/en\/wp-json\/wp\/v2\/pages\/17667\/revisions\/23297"}],"up":[{"embeddable":true,"href":"https:\/\/www.jacqueslacoste.com\/en\/wp-json\/wp\/v2\/pages\/9432"}],"wp:attachment":[{"href":"https:\/\/www.jacqueslacoste.com\/en\/wp-json\/wp\/v2\/media?parent=17667"}],"curies":[{"name":"wp","href":"https:\/\/api.w.org\/{rel}","templated":true}]}}