{"id":20098,"date":"2020-11-13T17:13:10","date_gmt":"2020-11-13T16:13:10","guid":{"rendered":"https:\/\/www.jacqueslacoste.com\/?page_id=20098"},"modified":"2021-02-15T17:19:21","modified_gmt":"2021-02-15T16:19:21","slug":"jean-royere-hirondelle-wall-lights-circa-1962","status":"publish","type":"page","link":"https:\/\/www.jacqueslacoste.com\/en\/jean-royere-max-ingrand-serge-mouille-alexandre-noll-charlotte-perriand-jean-prouve\/sold-objects\/jean-royere-hirondelle-wall-lights-circa-1962\/","title":{"rendered":"Jean Roy\u00e8re, &#8220;Hirondelle&#8221; wall lights, circa 1962"},"content":{"rendered":"<p>[vc_row el_id=&#8221;arianne&#8221;][vc_column][vc_column_text]<nav aria-label=\"breadcrumbs\">\n            <div class=\"breadcrumb-container theme1\">\n                <ol>\n                                    <\/ol>\n            <\/div>\n        <\/nav>    <script type=\"application\/ld+json\">\n        {\n            \"@context\": \"http:\/\/schema.org\",\n            \"@type\": \"BreadcrumbList\",\n            \"itemListElement\": [\n                            ]\n        }\n    <\/script>\n   \n    <script>\n            <\/script>\n[\/vc_column_text][\/vc_column][\/vc_row][vc_row el_id=&#8221;single-prod&#8221;][vc_column width=&#8221;1\/2&#8243;][vc_gallery type=&#8221;image_grid&#8221; images=&#8221;20090&#8243; img_size=&#8221;full&#8221;][\/vc_column][vc_column width=&#8221;1\/2&#8243; css=&#8221;.vc_custom_1532640885006{padding-left: 20px !important;}&#8221; el_class=&#8221;product-details&#8221;][vc_column_text]<\/p>\n<h2>JEAN ROY\u00c8RE (1902-1981)<\/h2>\n<h3>Set of three-arms &#8220;Hirondelle&#8221; wall lights,<br \/>\ncirca 1962<\/h3>\n<div class=\"page\" title=\"Page 1\">\n<div class=\"layoutArea\">\n<div class=\"column\">\n<div class=\"page\" title=\"Page 1\">\n<div class=\"layoutArea\">\n<div class=\"column\">\n<p>In Burgundy and black painted metal, paper shades<\/p>\n<\/div>\n<\/div>\n<\/div>\n<\/div>\n<\/div>\n<\/div>\n<p>&nbsp;<\/p>\n<p><strong>Dimensions<\/strong> :<br \/>\nH 24 x W 17 x D 12 in.<\/p>\n<p>&nbsp;<\/p>\n<p><strong>Provenance :<br \/>\n<\/strong>Monsieur Devouge, Neuilly-sur-Seine, command\u00e9es directement aupr\u00e8s de l\u2019artiste en 1962.<\/p>\n<div class=\"page\" title=\"Page 1\">\n<div class=\"layoutArea\">\n<div class=\"column\">\n<p>&nbsp;<\/p>\n<p><strong>Documentation :<\/strong><br \/>\nArchives Jean Roy\u00e8re, Mus\u00e9e des Arts D\u00e9coratifs, album blanc N\u00b07, clich\u00e9 N\u00b01980, deux des appliques reproduites chez M. Devouge<\/p>\n<p>&nbsp;<\/p>\n<div class=\"page\" title=\"Page 1\">\n<div class=\"layoutArea\">\n<div class=\"column\">\n<p><strong>Bibliography :<\/strong><br \/>\nMobilier et D\u00e9coration N\u00b01, Janvier 1964, deux des appliques reproduites in situ p. 21.<br \/>\nJean Roy\u00e8re, Galerie Jacques Lacoste &amp; Galerie Patrick Seguin, Vol. II, mod\u00e8le similaire reproduit p. 32.<br \/>\nJean Roy\u00e8re, Pierre-Emmanuel Martin-Vivier, Editions Norma, 2002, deux des appliques reproduites in situ p. 192.Jean Roy\u00e8re, Pierre-Emmanuel Martin-Vivier, Editions Norma, 2017, deux des appliques reproduites p. 198.<\/p>\n<\/div>\n<\/div>\n<\/div>\n<\/div>\n<\/div>\n<\/div>\n<p>&nbsp;<\/p>\n<p>&nbsp;<\/p>\n<p><em>Ref : JR305<\/em>[\/vc_column_text][vc_btn title=&#8221;SOLD&#8221; style=&#8221;custom&#8221; custom_background=&#8221;#9a0a25&#8243; custom_text=&#8221;#ffffff&#8221; shape=&#8221;square&#8221; align=&#8221;left&#8221; link=&#8221;|||&#8221; el_class=&#8221;Btn-red&#8221;][vc_column_text]<\/p>\n<ul class=\"list-inline prod-list\">\n<li><a href=\"https:\/\/www.jacqueslacoste.com\/en\/jean-royere-biography\/\" target=\"_blank\" rel=\"noopener noreferrer\">Biography<\/a><\/li>\n<li><a href=\"\/\/www.jacqueslacoste.com\/en\/our-archives\/\" target=\"_blank\" rel=\"noopener noreferrer\">Archives<\/a><\/li>\n<li><a href=\"mailto:?subject=Sold objects - Jean Roy\u00e8re, &#8220;Hirondelle&#8221; wall lights, circa 1962 &body=https:\/\/www.jacqueslacoste.com\/en\/jean-royere-max-ingrand-serge-mouille-alexandre-noll-charlotte-perriand-jean-prouve\/sold-objects\/jean-royere-hirondelle-wall-lights-circa-1962\/\">SHARE<\/a><\/li>\n<\/ul>\n<p>[\/vc_column_text][vc_btn title=&#8221;BACK&#8221; style=&#8221;classic&#8221; link=&#8221;url:https%3A%2F%2Fwww.jacqueslacoste.com%2Fen%2Fjean-royere-max-ingrand-serge-mouille-alexandre-noll-charlotte-perriand-jean-prouve%2Fsold-objects%2F|||&#8221;][\/vc_column][\/vc_row]<\/p>\n","protected":false},"excerpt":{"rendered":"<p>[vc_row el_id=&#8221;arianne&#8221;][vc_column][vc_column_text][\/vc_column_text][\/vc_column][\/vc_row][vc_row el_id=&#8221;single-prod&#8221;][vc_column width=&#8221;1\/2&#8243;][vc_gallery type=&#8221;image_grid&#8221; images=&#8221;20090&#8243; img_size=&#8221;full&#8221;][\/vc_column][vc_column width=&#8221;1\/2&#8243; css=&#8221;.vc_custom_1532640885006{padding-left: 20px !important;}&#8221; el_class=&#8221;product-details&#8221;][vc_column_text] JEAN ROY\u00c8RE (1902-1981) Set of three-arms &#8220;Hirondelle&#8221; wall lights, circa 1962 In Burgundy and black painted metal, paper shades &nbsp; Dimensions : H 24 x W 17 x D 12 in. &nbsp; Provenance : Monsieur Devouge, Neuilly-sur-Seine, command\u00e9es directement aupr\u00e8s de l\u2019artiste en [&#8230;]<\/p>\n<p><a class=\"btn btn-secondary understrap-read-more-link\" href=\"https:\/\/www.jacqueslacoste.com\/en\/jean-royere-max-ingrand-serge-mouille-alexandre-noll-charlotte-perriand-jean-prouve\/sold-objects\/jean-royere-hirondelle-wall-lights-circa-1962\/\">Read More&#8230;<\/a><\/p>\n","protected":false},"author":1,"featured_media":20093,"parent":9432,"menu_order":0,"comment_status":"closed","ping_status":"closed","template":"","meta":{"inline_featured_image":false,"footnotes":""},"class_list":["post-20098","page","type-page","status-publish","has-post-thumbnail","hentry"],"_links":{"self":[{"href":"https:\/\/www.jacqueslacoste.com\/en\/wp-json\/wp\/v2\/pages\/20098","targetHints":{"allow":["GET"]}}],"collection":[{"href":"https:\/\/www.jacqueslacoste.com\/en\/wp-json\/wp\/v2\/pages"}],"about":[{"href":"https:\/\/www.jacqueslacoste.com\/en\/wp-json\/wp\/v2\/types\/page"}],"author":[{"embeddable":true,"href":"https:\/\/www.jacqueslacoste.com\/en\/wp-json\/wp\/v2\/users\/1"}],"replies":[{"embeddable":true,"href":"https:\/\/www.jacqueslacoste.com\/en\/wp-json\/wp\/v2\/comments?post=20098"}],"version-history":[{"count":7,"href":"https:\/\/www.jacqueslacoste.com\/en\/wp-json\/wp\/v2\/pages\/20098\/revisions"}],"predecessor-version":[{"id":23300,"href":"https:\/\/www.jacqueslacoste.com\/en\/wp-json\/wp\/v2\/pages\/20098\/revisions\/23300"}],"up":[{"embeddable":true,"href":"https:\/\/www.jacqueslacoste.com\/en\/wp-json\/wp\/v2\/pages\/9432"}],"wp:featuredmedia":[{"embeddable":true,"href":"https:\/\/www.jacqueslacoste.com\/en\/wp-json\/wp\/v2\/media\/20093"}],"wp:attachment":[{"href":"https:\/\/www.jacqueslacoste.com\/en\/wp-json\/wp\/v2\/media?parent=20098"}],"curies":[{"name":"wp","href":"https:\/\/api.w.org\/{rel}","templated":true}]}}