{"id":21087,"date":"2020-12-07T17:58:27","date_gmt":"2020-12-07T16:58:27","guid":{"rendered":"https:\/\/www.jacqueslacoste.com\/?page_id=21087"},"modified":"2021-06-10T11:35:45","modified_gmt":"2021-06-10T09:35:45","slug":"jean-royere-pair-of-low-chairs-1936","status":"publish","type":"page","link":"https:\/\/www.jacqueslacoste.com\/en\/jean-royere-max-ingrand-serge-mouille-alexandre-noll-charlotte-perriand-jean-prouve\/sold-objects\/jean-royere-pair-of-low-chairs-1936\/","title":{"rendered":"Jean Roy\u00e8re, pair of low chairs, 1936"},"content":{"rendered":"<p>[vc_row el_id=&#8221;arianne&#8221;][vc_column][vc_column_text]<nav aria-label=\"breadcrumbs\">\n            <div class=\"breadcrumb-container theme1\">\n                <ol>\n                                    <\/ol>\n            <\/div>\n        <\/nav>    <script type=\"application\/ld+json\">\n        {\n            \"@context\": \"http:\/\/schema.org\",\n            \"@type\": \"BreadcrumbList\",\n            \"itemListElement\": [\n                            ]\n        }\n    <\/script>\n   \n    <script>\n            <\/script>\n[\/vc_column_text][\/vc_column][\/vc_row][vc_row el_id=&#8221;single-prod&#8221;][vc_column width=&#8221;1\/2&#8243;][vc_gallery type=&#8221;image_grid&#8221; images=&#8221;21078,21080&#8243; img_size=&#8221;full&#8221;][\/vc_column][vc_column width=&#8221;1\/2&#8243; css=&#8221;.vc_custom_1532640885006{padding-left: 20px !important;}&#8221; el_class=&#8221;product-details&#8221;][vc_column_text]<\/p>\n<h2>JEAN ROY\u00c8RE (1902-1981)<\/h2>\n<h3>Pair of low chairs, 1936<\/h3>\n<div class=\"page\" title=\"Page 1\">\n<div class=\"layoutArea\">\n<div class=\"column\">\n<div class=\"page\" title=\"Page 1\">\n<div class=\"layoutArea\">\n<div class=\"column\">\n<p>In herrywood and fabric, \u00ab Gouff\u00e9, \u00e0 Paris \u00bb label under the seat<\/p>\n<\/div>\n<\/div>\n<\/div>\n<\/div>\n<\/div>\n<\/div>\n<p>&nbsp;<\/p>\n<p><strong>Dimensions<\/strong> :<br \/>\nH 25 x W 16 x D 29 in.<br \/>\nH 63 x L 40,5 x P 73 cm<\/p>\n<p>&nbsp;<\/p>\n<p><strong>Provenance :<br \/>\n<\/strong>Bought to the family of the first owner M. G.<\/p>\n<p>&nbsp;<\/p>\n<p><strong>Documentation :<br \/>\n<\/strong>Archives Jean Roy\u00e8re, Mus\u00e9e des Arts D\u00e9coratifs, plan d\u2019ex\u00e9cution N\u00b0 1.171 pour ces chauffeuses, 1936<br \/>\nArchives Jean Roy\u00e8re, Galerie Jacques Lacoste, clich\u00e9s N\u00b0218 et 220 pour ces chauffeuses in situ chez M. G., 1936 Archives Jean Roy\u00e8re, Galerie Jacques Lacoste, bleu d\u2019atelier N\u00b0XIV 38<\/p>\n<p>&nbsp;<\/p>\n<p><em>Ref : JR318<\/em>[\/vc_column_text][vc_btn title=&#8221;SOLD&#8221; style=&#8221;custom&#8221; custom_background=&#8221;#9a0a25&#8243; custom_text=&#8221;#ffffff&#8221; link=&#8221;|||&#8221;][vc_column_text]<\/p>\n<ul class=\"list-inline prod-list\">\n<li><a href=\"https:\/\/www.jacqueslacoste.com\/en\/jean-royere-biography\/\" target=\"_blank\" rel=\"noopener noreferrer\">Biography<\/a><\/li>\n<li><a href=\"\/\/www.jacqueslacoste.com\/en\/our-archives\/\" target=\"_blank\" rel=\"noopener noreferrer\">Archives<\/a><\/li>\n<li><a href=\"mailto:?subject=Sold objects - Jean Roy\u00e8re, pair of low chairs, 1936 &body=https:\/\/www.jacqueslacoste.com\/en\/jean-royere-max-ingrand-serge-mouille-alexandre-noll-charlotte-perriand-jean-prouve\/sold-objects\/jean-royere-pair-of-low-chairs-1936\/\">SHARE<\/a><\/li>\n<\/ul>\n<p>[\/vc_column_text][vc_btn title=&#8221;BACK&#8221; style=&#8221;classic&#8221; link=&#8221;url:https%3A%2F%2Fwww.jacqueslacoste.com%2Fen%2Fjean-royere-max-ingrand-serge-mouille-alexandre-noll-charlotte-perriand-jean-prouve%2Fsold-objects%2F|||&#8221;][\/vc_column][\/vc_row]<\/p>\n","protected":false},"excerpt":{"rendered":"<p>[vc_row el_id=&#8221;arianne&#8221;][vc_column][vc_column_text][\/vc_column_text][\/vc_column][\/vc_row][vc_row el_id=&#8221;single-prod&#8221;][vc_column width=&#8221;1\/2&#8243;][vc_gallery type=&#8221;image_grid&#8221; images=&#8221;21078,21080&#8243; img_size=&#8221;full&#8221;][\/vc_column][vc_column width=&#8221;1\/2&#8243; css=&#8221;.vc_custom_1532640885006{padding-left: 20px !important;}&#8221; el_class=&#8221;product-details&#8221;][vc_column_text] JEAN ROY\u00c8RE (1902-1981) Pair of low chairs, 1936 In herrywood and fabric, \u00ab Gouff\u00e9, \u00e0 Paris \u00bb label under the seat &nbsp; Dimensions : H 25 x W 16 x D 29 in. H 63 x L 40,5 x P 73 cm &nbsp; [&#8230;]<\/p>\n<p><a class=\"btn btn-secondary understrap-read-more-link\" href=\"https:\/\/www.jacqueslacoste.com\/en\/jean-royere-max-ingrand-serge-mouille-alexandre-noll-charlotte-perriand-jean-prouve\/sold-objects\/jean-royere-pair-of-low-chairs-1936\/\">Read More&#8230;<\/a><\/p>\n","protected":false},"author":1,"featured_media":21083,"parent":9432,"menu_order":0,"comment_status":"closed","ping_status":"closed","template":"","meta":{"inline_featured_image":false,"footnotes":""},"class_list":["post-21087","page","type-page","status-publish","has-post-thumbnail","hentry"],"_links":{"self":[{"href":"https:\/\/www.jacqueslacoste.com\/en\/wp-json\/wp\/v2\/pages\/21087","targetHints":{"allow":["GET"]}}],"collection":[{"href":"https:\/\/www.jacqueslacoste.com\/en\/wp-json\/wp\/v2\/pages"}],"about":[{"href":"https:\/\/www.jacqueslacoste.com\/en\/wp-json\/wp\/v2\/types\/page"}],"author":[{"embeddable":true,"href":"https:\/\/www.jacqueslacoste.com\/en\/wp-json\/wp\/v2\/users\/1"}],"replies":[{"embeddable":true,"href":"https:\/\/www.jacqueslacoste.com\/en\/wp-json\/wp\/v2\/comments?post=21087"}],"version-history":[{"count":7,"href":"https:\/\/www.jacqueslacoste.com\/en\/wp-json\/wp\/v2\/pages\/21087\/revisions"}],"predecessor-version":[{"id":27396,"href":"https:\/\/www.jacqueslacoste.com\/en\/wp-json\/wp\/v2\/pages\/21087\/revisions\/27396"}],"up":[{"embeddable":true,"href":"https:\/\/www.jacqueslacoste.com\/en\/wp-json\/wp\/v2\/pages\/9432"}],"wp:featuredmedia":[{"embeddable":true,"href":"https:\/\/www.jacqueslacoste.com\/en\/wp-json\/wp\/v2\/media\/21083"}],"wp:attachment":[{"href":"https:\/\/www.jacqueslacoste.com\/en\/wp-json\/wp\/v2\/media?parent=21087"}],"curies":[{"name":"wp","href":"https:\/\/api.w.org\/{rel}","templated":true}]}}