{"id":27023,"date":"2021-05-26T22:54:04","date_gmt":"2021-05-26T20:54:04","guid":{"rendered":"https:\/\/www.jacqueslacoste.com\/?page_id=27023"},"modified":"2021-09-15T11:34:20","modified_gmt":"2021-09-15T09:34:20","slug":"icones-1950-exhibition-from-26-may-to-24-july-2021","status":"publish","type":"page","link":"https:\/\/www.jacqueslacoste.com\/en\/icones-1950-exhibition-from-26-may-to-24-july-2021\/","title":{"rendered":"Ic\u00f4nes 1950, exhibition from 26 may to 24 july 2021"},"content":{"rendered":"<p>[vc_row el_id=&#8221;arianne&#8221;][vc_column][vc_column_text]<nav aria-label=\"breadcrumbs\">\n            <div class=\"breadcrumb-container theme1\">\n                <ol>\n                                    <\/ol>\n            <\/div>\n        <\/nav>    <script type=\"application\/ld+json\">\n        {\n            \"@context\": \"http:\/\/schema.org\",\n            \"@type\": \"BreadcrumbList\",\n            \"itemListElement\": [\n                            ]\n        }\n    <\/script>\n   \n    <script>\n            <\/script>\n[\/vc_column_text][\/vc_column][\/vc_row][vc_row el_id=&#8221;single-prod&#8221;][vc_column width=&#8221;1\/2&#8243;][vc_video link=&#8221; https:\/\/www.youtube.com\/watch?v=ifBJ0gUjDso&#8221;][vc_gallery type=&#8221;image_grid&#8221; images=&#8221;27003,27007,27013,27019,27011,27015,27017,27005,27617,27009,26997,27001,26993,26977,26971,26975,26991,26973,26983,26999,26985,26987,26989,26981,26979&#8243; img_size=&#8221;full&#8221;][\/vc_column][vc_column width=&#8221;1\/2&#8243; el_class=&#8221;product-details&#8221;][vc_column_text]<\/p>\n<h2>Ic\u00f4nes 1950<\/h2>\n<h3>Exhibition from 26 may to 24 july 2021<br \/>\n19 avenue Matignon &#8211; 75008 Paris<\/h3>\n<p>&nbsp;<\/p>\n<div class=\"\" style=\"text-align: justify;\"><span class=\"\" style=\"font-family: helvetica, arial, sans-serif; font-size: 10pt;\">P\u00e9riode d\u00e9terminante dans l\u2019histoire des arts d\u00e9coratifs fran\u00e7ais du XX<sup>e<\/sup> si\u00e8cle, les ann\u00e9es 1950 se caract\u00e9risent par une cr\u00e9ativit\u00e9 foisonnante : Max Ingrand, Georges Jouve, Mathieu Mat\u00e9got, Serge Mouille, Alexandre Noll, Charlotte Perriand, Jean Prouv\u00e9, Jean Roy\u00e8re vont cr\u00e9er quelques unes des pi\u00e8ces les plus embl\u00e9matiques de l\u2019\u00e9poque et tracer les contours d\u2019un renouvellement des formes.\u00a0<\/span><\/div>\n<div class=\"\" style=\"text-align: justify;\"><span class=\"\" style=\"font-family: helvetica, arial, sans-serif; font-size: 10pt;\">Les premi\u00e8res ann\u00e9es de la d\u00e9cennie sont marqu\u00e9es par les imp\u00e9ratifs de la reconstruction. Tout juste sortie de la guerre, la soci\u00e9t\u00e9 dont les modes de vie sont en pleine mutation aspire \u00e0 la modernit\u00e9 et au confort pour le plus grand nombre.<\/span><\/div>\n<div class=\"\" style=\"text-align: justify;\"><span class=\"\" style=\"font-family: helvetica, arial, sans-serif; font-size: 10pt;\">Les cr\u00e9ateurs s\u2019attachent \u00e0 apporter des r\u00e9ponses pragmatiques aux besoins et d\u00e9sirs formul\u00e9s sans jamais renoncer \u00e0 l\u2019id\u00e9al du \u201cbeau dans l\u2019utile\u201d. Cet id\u00e9al exigeant transpara\u00eet dans toutes les productions de l\u2019\u00e9poque : de la pi\u00e8ce unique au mobilier con\u00e7u pour les collectivit\u00e9s. Alors que la fabrication en s\u00e9rie susceptible de r\u00e9pondre aux attentes d\u2019une client\u00e8le \u00e9largie commence \u00e0 s\u2019imposer, certains cr\u00e9ateurs perp\u00e9tuent un savoir-faire artisanal h\u00e9rit\u00e9 des si\u00e8cles pr\u00e9c\u00e9dents.<\/span><\/div>\n<div class=\"\" style=\"text-align: justify;\"><span class=\"\" style=\"font-family: helvetica, arial, sans-serif; font-size: 10pt;\">Les diff\u00e9rents salons (salon d\u2019Automne, salon des artistes d\u00e9corateurs, salon des arts m\u00e9nagers), comme les expositions internationales ou celles organis\u00e9es par les galeries assurent aux cr\u00e9ateurs visibilit\u00e9 et notori\u00e9t\u00e9 et contribuent \u00e0 la diffusion d\u2019un nouvel art de vivre.\u00a0<\/span><\/div>\n<div class=\"\" style=\"text-align: justify;\"><span class=\"\" style=\"font-family: helvetica, arial, sans-serif; font-size: 10pt;\">La p\u00e9riode se caract\u00e9rise \u00e9galement par une certaine porosit\u00e9 entre les arts, les formes libres et organiques embl\u00e9matiques du mobilier des ann\u00e9es 1950 font \u00e9cho aux \u0153uvres de Jean Arp, Alexandre Calder, Fernand L\u00e9ger ou Yves Tanguy&#8230;\u00a0\u00a0\u00a0<\/span><\/div>\n<div class=\"\" style=\"text-align: justify;\"><span style=\"font-family: helvetica, arial, sans-serif; font-size: 10pt;\"><span class=\"\">La plupart des grandes signatures de l\u2019apr\u00e8s-guerre (notamment Charlotte Perriand, Jean Roy\u00e8re, Jean Prouv\u00e9, Alexandre Noll,\u00a0<\/span><span class=\"\">Max Ingrand, Mathieu Mat\u00e9got ) ont d\u00e9but\u00e9 dans le courant des ann\u00e9es 1920-1930, la paix retrouv\u00e9e leur permet de poursuivre et d\u00e9velopper une r\u00e9flexion initi\u00e9e avant le conflit. C\u2019est ainsi que resurgit et s\u2019impose une pens\u00e9e d\u2019avant-garde port\u00e9e par l\u2019enthousiasme des trente glorieuses.\u00a0\u00a0<\/span><\/span><\/div>\n<div class=\"\" style=\"text-align: justify;\"><span style=\"font-family: helvetica, arial, sans-serif; font-size: 10pt;\"><span class=\"\">Le courant moderniste des ann\u00e9es 1920-30 a ouvert le design et les arts d\u00e9coratifs \u00e0 des mat\u00e9riaux industriels (verre, m\u00e9tal), les ann\u00e9es 1950 \u00e9largissent ce r\u00e9pertoire en renouant avec des mat\u00e9riaux naturels\u00a0<\/span><span class=\"\">(paille, rotin) et des essences de bois moins pr\u00e9cieuses.\u00a0<\/span><\/span><\/div>\n<div class=\"\" style=\"text-align: justify;\"><span class=\"\" style=\"font-family: helvetica, arial, sans-serif; font-size: 10pt;\">Le go\u00fbt pour ces mat\u00e9riaux va de pair avec une red\u00e9couverte du mobilier montagnard ou r\u00e9gional qui traduit un d\u00e9sir de simplicit\u00e9 et d\u2019authenticit\u00e9 qui s\u2019exprimait d\u00e9j\u00e0 avant-guerre dans le mobilier et les am\u00e9nagements de Charlotte Perriand. Jean Prouv\u00e9 prolonge sa r\u00e9flexion sur le m\u00e9tal pli\u00e9 (principalement l\u2019aluminium) qu\u2019il utilise aussi bien pour l\u2019architecture que pour le mobilier. Jean Roy\u00e8re perp\u00e9tue la tradition des grands ensembliers d\u00e9corateurs en l\u2019adaptant \u00e0 son \u00e9poque, cr\u00e9ant quelques uns de ses mod\u00e8les de luminaires et de meubles les plus iconiques.\u00a0<\/span><\/div>\n<div class=\"\" style=\"text-align: justify;\"><span class=\"\" style=\"font-family: helvetica, arial, sans-serif; font-size: 10pt;\">L\u2019\u00e9poque est \u00e0 l\u2019exp\u00e9rimentation, \u00e0 l\u2019expression de sensibilit\u00e9s individuelles : c\u2019est ainsi qu\u2019Alexandre Noll, Mathieu Mat\u00e9got, Max Ingrand, Georges Jouve, Serge Mouille vont d\u00e9velopper chacun dans leur domaine une d\u00e9marche singuli\u00e8re qui questionne et renouvelle tout un r\u00e9pertoire de formes et de pratiques qu\u2019il s\u2019agisse du travail du bois, du m\u00e9tal, du verre, de la c\u00e9ramique ou de la conception du luminaire\u2026<\/span><\/div>\n<div class=\"\" style=\"text-align: justify;\"><span class=\"\" style=\"font-family: helvetica, arial, sans-serif; font-size: 10pt;\">La plus grande diversit\u00e9 r\u00e8gne dans les modes d\u2019expressions et les partis-pris, de sorte que l\u2019on ne peut pas \u00e9voquer les ann\u00e9es 1950 \u00e0 travers le prisme d\u2019un style unique. Plus justement, \u00e0 travers ces parcours cr\u00e9atifs singuliers se dessinent certaines sensibilit\u00e9s ou pr\u00e9occupations communes.<\/span><\/div>\n<div style=\"text-align: justify;\"><\/div>\n<div class=\"\" style=\"text-align: justify;\"><span style=\"font-family: helvetica, arial, sans-serif; font-size: 10pt;\"><em><span class=\"\">Fran\u00e7oise Claire Prodhon<\/span><\/em><\/span><\/div>\n<p>[\/vc_column_text][vc_btn title=&#8221;BACK&#8221; style=&#8221;classic&#8221; link=&#8221;url:https%3A%2F%2Fwww.jacqueslacoste.com%2Fen%2Fexhibitions%2F|||&#8221;][\/vc_column][\/vc_row]<\/p>\n","protected":false},"excerpt":{"rendered":"<p>[vc_row el_id=&#8221;arianne&#8221;][vc_column][vc_column_text][\/vc_column_text][\/vc_column][\/vc_row][vc_row el_id=&#8221;single-prod&#8221;][vc_column width=&#8221;1\/2&#8243;][vc_video link=&#8221; https:\/\/www.youtube.com\/watch?v=ifBJ0gUjDso&#8221;][vc_gallery type=&#8221;image_grid&#8221; images=&#8221;27003,27007,27013,27019,27011,27015,27017,27005,27617,27009,26997,27001,26993,26977,26971,26975,26991,26973,26983,26999,26985,26987,26989,26981,26979&#8243; img_size=&#8221;full&#8221;][\/vc_column][vc_column width=&#8221;1\/2&#8243; el_class=&#8221;product-details&#8221;][vc_column_text] Ic\u00f4nes 1950 Exhibition from 26 may to 24 july 2021 19 avenue Matignon &#8211; 75008 Paris &nbsp; P\u00e9riode d\u00e9terminante dans l\u2019histoire des arts d\u00e9coratifs fran\u00e7ais du XXe si\u00e8cle, les ann\u00e9es 1950 se caract\u00e9risent par une cr\u00e9ativit\u00e9 foisonnante : Max Ingrand, Georges Jouve, Mathieu Mat\u00e9got, [&#8230;]<\/p>\n<p><a class=\"btn btn-secondary understrap-read-more-link\" href=\"https:\/\/www.jacqueslacoste.com\/en\/icones-1950-exhibition-from-26-may-to-24-july-2021\/\">Read More&#8230;<\/a><\/p>\n","protected":false},"author":3,"featured_media":0,"parent":0,"menu_order":0,"comment_status":"closed","ping_status":"closed","template":"","meta":{"inline_featured_image":false,"footnotes":""},"class_list":["post-27023","page","type-page","status-publish","hentry"],"_links":{"self":[{"href":"https:\/\/www.jacqueslacoste.com\/en\/wp-json\/wp\/v2\/pages\/27023","targetHints":{"allow":["GET"]}}],"collection":[{"href":"https:\/\/www.jacqueslacoste.com\/en\/wp-json\/wp\/v2\/pages"}],"about":[{"href":"https:\/\/www.jacqueslacoste.com\/en\/wp-json\/wp\/v2\/types\/page"}],"author":[{"embeddable":true,"href":"https:\/\/www.jacqueslacoste.com\/en\/wp-json\/wp\/v2\/users\/3"}],"replies":[{"embeddable":true,"href":"https:\/\/www.jacqueslacoste.com\/en\/wp-json\/wp\/v2\/comments?post=27023"}],"version-history":[{"count":10,"href":"https:\/\/www.jacqueslacoste.com\/en\/wp-json\/wp\/v2\/pages\/27023\/revisions"}],"predecessor-version":[{"id":28419,"href":"https:\/\/www.jacqueslacoste.com\/en\/wp-json\/wp\/v2\/pages\/27023\/revisions\/28419"}],"wp:attachment":[{"href":"https:\/\/www.jacqueslacoste.com\/en\/wp-json\/wp\/v2\/media?parent=27023"}],"curies":[{"name":"wp","href":"https:\/\/api.w.org\/{rel}","templated":true}]}}