{"id":28086,"date":"2021-07-30T15:56:08","date_gmt":"2021-07-30T13:56:08","guid":{"rendered":"https:\/\/www.jacqueslacoste.com\/jean-royere\/jean-royere-chaise-visiteur-du-soir-circa-1955\/"},"modified":"2022-05-24T16:30:21","modified_gmt":"2022-05-24T14:30:21","slug":"jean-royere-chaise-visiteur-du-soir-circa-1955","status":"publish","type":"page","link":"https:\/\/www.jacqueslacoste.com\/en\/jean-royere-max-ingrand-serge-mouille-alexandre-noll-charlotte-perriand-jean-prouve\/sold-objects\/jean-royere-chaise-visiteur-du-soir-circa-1955\/","title":{"rendered":"Jean Roy\u00e8re, Chaise Visiteur du Soir, circa 1955"},"content":{"rendered":"<p>[vc_row el_id=&#8221;arianne&#8221;][vc_column][vc_column_text]<nav aria-label=\"breadcrumbs\">\n            <div class=\"breadcrumb-container theme1\">\n                <ol>\n                                    <\/ol>\n            <\/div>\n        <\/nav>    <script type=\"application\/ld+json\">\n        {\n            \"@context\": \"http:\/\/schema.org\",\n            \"@type\": \"BreadcrumbList\",\n            \"itemListElement\": [\n                            ]\n        }\n    <\/script>\n   \n    <script>\n            <\/script>\n[\/vc_column_text][\/vc_column][\/vc_row][vc_row el_id=&#8221;single-prod&#8221;][vc_column width=&#8221;1\/2&#8243;][vc_gallery type=&#8221;image_grid&#8221; images=&#8221;28082,28076&#8243; img_size=&#8221;full&#8221;][\/vc_column][vc_column width=&#8221;1\/2&#8243; css=&#8221;.vc_custom_1532640885006{padding-left: 20px !important;}&#8221; el_class=&#8221;product-details&#8221;][vc_column_text]<\/p>\n<div class=\"page\" title=\"Page 1\">\n<div class=\"layoutArea\">\n<div class=\"column\">\n<h2>Jean Roy\u00e8re (1902-1981)<\/h2>\n<div class=\"page\" title=\"Page 1\">\n<div class=\"layoutArea\">\n<div class=\"column\">\n<h3><em>Visiteur du Soir<\/em> chair, circa 1955<\/h3>\n<\/div>\n<\/div>\n<\/div>\n<div class=\"page\" title=\"Page 1\">\n<div class=\"layoutArea\">\n<div class=\"column\">\n<p>in oak and velvet<\/p>\n<\/div>\n<\/div>\n<\/div>\n<p>&nbsp;<\/p>\n<p><strong>Dimensions:<br \/>\n<\/strong>H 41 x W 20 x D 22 in.<br \/>\nSeating height : 17 in.<\/p>\n<p>&nbsp;<\/p>\n<p><strong>Documentation :<\/strong><br \/>\nArchives Jean Roy\u00e8re, Galerie Jacques Lacoste &amp; Galerie Patrick Seguin, Clich\u00e9 N\u00b0 1486 pour des mod\u00e8les similaires, circa 1955.<br \/>\nArchives Jean Roy\u00e8re, Mus\u00e9e des Arts D\u00e9coratifs, plan d\u2019ex\u00e9cution<br \/>\nN\u00b0 5.566 pour un mod\u00e8le similaire, circa 1955.<br \/>\nArchives Jean Roy\u00e8re, Mus\u00e9e des Arts D\u00e9coratifs, calque sans num\u00e9ro, circa 1955.<br \/>\nArchives Jean Roy\u00e8re, Mus\u00e9e des Arts D\u00e9coratifs, Diapositive en couleur pour un mod\u00e8le similaire chez M. Adham, circa 1955.<\/p>\n<p>&nbsp;<\/p>\n<p><em>R\u00e9f : JR355<\/em><\/p>\n<\/div>\n<\/div>\n<\/div>\n<p>[\/vc_column_text][vc_btn title=&#8221;SOLD&#8221; style=&#8221;custom&#8221; custom_background=&#8221;#9a0a25&#8243; custom_text=&#8221;#ffffff&#8221; shape=&#8221;square&#8221; link=&#8221;|||&#8221;][vc_column_text]<\/p>\n<ul class=\"list-inline prod-list\">\n<li><a href=\"mailto:?subject=Sold objects - Jean Roy\u00e8re, Chaise Visiteur du Soir, circa 1955 &body=https:\/\/www.jacqueslacoste.com\/en\/jean-royere-max-ingrand-serge-mouille-alexandre-noll-charlotte-perriand-jean-prouve\/sold-objects\/jean-royere-chaise-visiteur-du-soir-circa-1955\/\">SHARE<\/a><\/li>\n<\/ul>\n<p>[\/vc_column_text][vc_btn title=&#8221;BACK&#8221; style=&#8221;classic&#8221; link=&#8221;url:https%3A%2F%2Fwww.jacqueslacoste.com%2Fen%2Fjean-royere%2F|||&#8221;][\/vc_column][\/vc_row]<\/p>\n","protected":false},"excerpt":{"rendered":"<p>[vc_row el_id=&#8221;arianne&#8221;][vc_column][vc_column_text][\/vc_column_text][\/vc_column][\/vc_row][vc_row el_id=&#8221;single-prod&#8221;][vc_column width=&#8221;1\/2&#8243;][vc_gallery type=&#8221;image_grid&#8221; images=&#8221;28082,28076&#8243; img_size=&#8221;full&#8221;][\/vc_column][vc_column width=&#8221;1\/2&#8243; css=&#8221;.vc_custom_1532640885006{padding-left: 20px !important;}&#8221; el_class=&#8221;product-details&#8221;][vc_column_text] Jean Roy\u00e8re (1902-1981) Visiteur du Soir chair, circa 1955 in oak and velvet &nbsp; Dimensions: H 41 x W 20 x D 22 in. Seating height : 17 in. &nbsp; Documentation : Archives Jean Roy\u00e8re, Galerie Jacques Lacoste &amp; Galerie Patrick Seguin, Clich\u00e9 [&#8230;]<\/p>\n<p><a class=\"btn btn-secondary understrap-read-more-link\" href=\"https:\/\/www.jacqueslacoste.com\/en\/jean-royere-max-ingrand-serge-mouille-alexandre-noll-charlotte-perriand-jean-prouve\/sold-objects\/jean-royere-chaise-visiteur-du-soir-circa-1955\/\">Read More&#8230;<\/a><\/p>\n","protected":false},"author":3,"featured_media":0,"parent":9432,"menu_order":0,"comment_status":"closed","ping_status":"closed","template":"","meta":{"inline_featured_image":false,"footnotes":""},"class_list":["post-28086","page","type-page","status-publish","hentry"],"_links":{"self":[{"href":"https:\/\/www.jacqueslacoste.com\/en\/wp-json\/wp\/v2\/pages\/28086","targetHints":{"allow":["GET"]}}],"collection":[{"href":"https:\/\/www.jacqueslacoste.com\/en\/wp-json\/wp\/v2\/pages"}],"about":[{"href":"https:\/\/www.jacqueslacoste.com\/en\/wp-json\/wp\/v2\/types\/page"}],"author":[{"embeddable":true,"href":"https:\/\/www.jacqueslacoste.com\/en\/wp-json\/wp\/v2\/users\/3"}],"replies":[{"embeddable":true,"href":"https:\/\/www.jacqueslacoste.com\/en\/wp-json\/wp\/v2\/comments?post=28086"}],"version-history":[{"count":5,"href":"https:\/\/www.jacqueslacoste.com\/en\/wp-json\/wp\/v2\/pages\/28086\/revisions"}],"predecessor-version":[{"id":34067,"href":"https:\/\/www.jacqueslacoste.com\/en\/wp-json\/wp\/v2\/pages\/28086\/revisions\/34067"}],"up":[{"embeddable":true,"href":"https:\/\/www.jacqueslacoste.com\/en\/wp-json\/wp\/v2\/pages\/9432"}],"wp:attachment":[{"href":"https:\/\/www.jacqueslacoste.com\/en\/wp-json\/wp\/v2\/media?parent=28086"}],"curies":[{"name":"wp","href":"https:\/\/api.w.org\/{rel}","templated":true}]}}