{"id":30192,"date":"2021-11-10T12:55:07","date_gmt":"2021-11-10T11:55:07","guid":{"rendered":"https:\/\/www.jacqueslacoste.com\/?page_id=30192"},"modified":"2021-11-10T12:55:07","modified_gmt":"2021-11-10T11:55:07","slug":"maria-helena-vieira-da-silva-oil-1969","status":"publish","type":"page","link":"https:\/\/www.jacqueslacoste.com\/en\/other-creators-1900-1950\/maria-helena-vieira-da-silva-oil-1969\/","title":{"rendered":"Maria-H\u00e9l\u00e9na Vieira Da Silva, oil, 1969"},"content":{"rendered":"<p>[vc_row el_id=&#8221;arianne&#8221;][vc_column][vc_column_text]<nav aria-label=\"breadcrumbs\">\n            <div class=\"breadcrumb-container theme1\">\n                <ol>\n                                    <\/ol>\n            <\/div>\n        <\/nav>    <script type=\"application\/ld+json\">\n        {\n            \"@context\": \"http:\/\/schema.org\",\n            \"@type\": \"BreadcrumbList\",\n            \"itemListElement\": [\n                            ]\n        }\n    <\/script>\n   \n    <script>\n            <\/script>\n[\/vc_column_text][\/vc_column][\/vc_row][vc_row el_id=&#8221;single-prod&#8221;][vc_column width=&#8221;1\/2&#8243;][vc_gallery type=&#8221;image_grid&#8221; images=&#8221;30187&#8243; img_size=&#8221;full&#8221;][\/vc_column][vc_column width=&#8221;1\/2&#8243; css=&#8221;.vc_custom_1532640885006{padding-left: 20px !important;}&#8221; el_class=&#8221;product-details&#8221;][vc_column_text]<\/p>\n<h2>MARIA-H\u00c9L\u00c9NA VIEIRA DA SILVA (1908-1992)<\/h2>\n<h3>Les Irr\u00e9solutions R\u00e9solues VIII, 1969<\/h3>\n<p>Oil and charcoal on kraft paper mounted on canvas,\u00a0signed \u201cVieira da Silva\u201d on bottom right.<\/p>\n<p>&nbsp;<\/p>\n<p><strong>Dimensions<\/strong> :<br \/>\nH 32 x W 39 in. \/\u00a0H 81,5 x L 100 cm<\/p>\n<p>&nbsp;<\/p>\n<p><strong>Exhibition :<\/strong><br \/>\nVieira Da Silva, Les Irr\u00e9solutions R\u00e9solues, Galerie Jeanne Bucher, Paris, Octobre-Novembre 1969<\/p>\n<p>&nbsp;<\/p>\n<p><strong>Provenance :<br \/>\n<\/strong>Galerie Jeanne Bucher, Paris<br \/>\nCollection Annie et Jean Dalsace<\/p>\n<p><span class=\"Apple-converted-space\">\u00a0<\/span><\/p>\n<p><strong>Bibliography :<\/strong><br \/>\nVieira da Silva, catalogue raisonn\u00e9, G. Weelen et J.-F. Jaeger, Gen\u00e8ve, 1994, p. 473, illustr\u00e9 sous le\u00a0num\u00e9ro 2309.<\/p>\n<p>&nbsp;<\/p>\n<p><em>Ref : VIE001<\/em>[\/vc_column_text][vc_column_text]<\/p>\n<ul class=\"list-inline prod-list\">\n<li><a href=\"mailto:contact@jacqueslacoste.com?subject= Price upon request : Other creators, 1900-1950 - Maria-H\u00e9l\u00e9na Vieira Da Silva, oil, 1969 &body=https:www.jacqueslacoste.com\/en\/other-creators-1900-1950\/maria-helena-vieira-da-silva-oil-1969\/\">Price upon request<\/a><\/li>\n<li><a href=\"mailto:?subject=Other creators, 1900-1950 - Maria-H\u00e9l\u00e9na Vieira Da Silva, oil, 1969 &body=https:\/\/www.jacqueslacoste.com\/en\/other-creators-1900-1950\/maria-helena-vieira-da-silva-oil-1969\/\">SHARE<\/a><\/li>\n<\/ul>\n<p>[\/vc_column_text][vc_btn title=&#8221;BACK&#8221; style=&#8221;classic&#8221; link=&#8221;url:https%3A%2F%2Fwww.jacqueslacoste.com%2Fen%2Fautres-createurs-1900-1950%2F|||&#8221;][\/vc_column][\/vc_row]<\/p>\n","protected":false},"excerpt":{"rendered":"<p>[vc_row el_id=&#8221;arianne&#8221;][vc_column][vc_column_text][\/vc_column_text][\/vc_column][\/vc_row][vc_row el_id=&#8221;single-prod&#8221;][vc_column width=&#8221;1\/2&#8243;][vc_gallery type=&#8221;image_grid&#8221; images=&#8221;30187&#8243; img_size=&#8221;full&#8221;][\/vc_column][vc_column width=&#8221;1\/2&#8243; css=&#8221;.vc_custom_1532640885006{padding-left: 20px !important;}&#8221; el_class=&#8221;product-details&#8221;][vc_column_text] MARIA-H\u00c9L\u00c9NA VIEIRA DA SILVA (1908-1992) Les Irr\u00e9solutions R\u00e9solues VIII, 1969 Oil and charcoal on kraft paper mounted on canvas,\u00a0signed \u201cVieira da Silva\u201d on bottom right. &nbsp; Dimensions : H 32 x W 39 in. \/\u00a0H 81,5 x L 100 cm &nbsp; Exhibition : [&#8230;]<\/p>\n<p><a class=\"btn btn-secondary understrap-read-more-link\" href=\"https:\/\/www.jacqueslacoste.com\/en\/other-creators-1900-1950\/maria-helena-vieira-da-silva-oil-1969\/\">Read More&#8230;<\/a><\/p>\n","protected":false},"author":2,"featured_media":30190,"parent":3587,"menu_order":0,"comment_status":"closed","ping_status":"closed","template":"","meta":{"inline_featured_image":false,"footnotes":""},"class_list":["post-30192","page","type-page","status-publish","has-post-thumbnail","hentry"],"_links":{"self":[{"href":"https:\/\/www.jacqueslacoste.com\/en\/wp-json\/wp\/v2\/pages\/30192","targetHints":{"allow":["GET"]}}],"collection":[{"href":"https:\/\/www.jacqueslacoste.com\/en\/wp-json\/wp\/v2\/pages"}],"about":[{"href":"https:\/\/www.jacqueslacoste.com\/en\/wp-json\/wp\/v2\/types\/page"}],"author":[{"embeddable":true,"href":"https:\/\/www.jacqueslacoste.com\/en\/wp-json\/wp\/v2\/users\/2"}],"replies":[{"embeddable":true,"href":"https:\/\/www.jacqueslacoste.com\/en\/wp-json\/wp\/v2\/comments?post=30192"}],"version-history":[{"count":1,"href":"https:\/\/www.jacqueslacoste.com\/en\/wp-json\/wp\/v2\/pages\/30192\/revisions"}],"predecessor-version":[{"id":30195,"href":"https:\/\/www.jacqueslacoste.com\/en\/wp-json\/wp\/v2\/pages\/30192\/revisions\/30195"}],"up":[{"embeddable":true,"href":"https:\/\/www.jacqueslacoste.com\/en\/wp-json\/wp\/v2\/pages\/3587"}],"wp:featuredmedia":[{"embeddable":true,"href":"https:\/\/www.jacqueslacoste.com\/en\/wp-json\/wp\/v2\/media\/30190"}],"wp:attachment":[{"href":"https:\/\/www.jacqueslacoste.com\/en\/wp-json\/wp\/v2\/media?parent=30192"}],"curies":[{"name":"wp","href":"https:\/\/api.w.org\/{rel}","templated":true}]}}