{"id":32502,"date":"2022-02-28T16:29:13","date_gmt":"2022-02-28T15:29:13","guid":{"rendered":"https:\/\/www.jacqueslacoste.com\/?page_id=32502"},"modified":"2022-10-31T10:24:16","modified_gmt":"2022-10-31T09:24:16","slug":"jean-michel-atlan-untitled-circa-1945","status":"publish","type":"page","link":"https:\/\/www.jacqueslacoste.com\/en\/other-creators-1900-1950\/jean-michel-atlan-untitled-circa-1945\/","title":{"rendered":"Jean-Michel Atlan, untitled, circa 1945"},"content":{"rendered":"<p>[vc_row el_id=&#8221;arianne&#8221;][vc_column][vc_column_text]<nav aria-label=\"breadcrumbs\">\n            <div class=\"breadcrumb-container theme1\">\n                <ol>\n                                    <\/ol>\n            <\/div>\n        <\/nav>    <script type=\"application\/ld+json\">\n        {\n            \"@context\": \"http:\/\/schema.org\",\n            \"@type\": \"BreadcrumbList\",\n            \"itemListElement\": [\n                            ]\n        }\n    <\/script>\n   \n    <script>\n            <\/script>\n[\/vc_column_text][\/vc_column][\/vc_row][vc_row el_id=&#8221;single-prod&#8221;][vc_column width=&#8221;1\/2&#8243;][vc_gallery type=&#8221;image_grid&#8221; images=&#8221;36705&#8243; img_size=&#8221;full&#8221;][\/vc_column][vc_column width=&#8221;1\/2&#8243; css=&#8221;.vc_custom_1532640885006{padding-left: 20px !important;}&#8221; el_class=&#8221;product-details&#8221;][vc_column_text]<\/p>\n<h2>JEAN-MICHEL ATLAN (1913-1960)<\/h2>\n<h3>Untitled, circa 1945<\/h3>\n<p>Pastel and watercolor on paper, signed \u00ab Atlan \u00bb on bottom right<\/p>\n<p>&nbsp;<\/p>\n<p><strong>Dimensions<\/strong> :<br \/>\nH 6,5 x W 8,3 in. \/\u00a0H 16,5 x L 21 cm<\/p>\n<p>&nbsp;<\/p>\n<p><strong>Exposition :<\/strong><br \/>\nR\u00e9trospective Atlan, premi\u00e8re p\u00e9riode 1940-1954, Nantes, mus\u00e9e des Beaux-Arts, 1986.<\/p>\n<p>&nbsp;<\/p>\n<p><strong>Provenance :<\/strong><br \/>\nAtelier de l\u2019artiste<br \/>\nCollection Camille Atlan et Jacques Polieri<br \/>\nDans la famille par descendance<\/p>\n<p>&nbsp;<\/p>\n<p><em>Ref : ATL001<\/em>[\/vc_column_text][vc_column_text]<\/p>\n<ul class=\"list-inline prod-list\">\n<li><a href=\"mailto:contact@jacqueslacoste.com?subject= Price upon request : Other creators, 1900-1950 - Jean-Michel Atlan, untitled, circa 1945 &body=https:www.jacqueslacoste.com\/en\/other-creators-1900-1950\/jean-michel-atlan-untitled-circa-1945\/\">Price upon request<\/a><\/li>\n<li><a href=\"mailto:?subject=Other creators, 1900-1950 - Jean-Michel Atlan, untitled, circa 1945 &body=https:\/\/www.jacqueslacoste.com\/en\/other-creators-1900-1950\/jean-michel-atlan-untitled-circa-1945\/\">SHARE<\/a><\/li>\n<\/ul>\n<p>[\/vc_column_text][vc_btn title=&#8221;BACK&#8221; style=&#8221;classic&#8221; link=&#8221;url:https%3A%2F%2Fwww.jacqueslacoste.com%2Fen%2Fautres-createurs-1900-1950%2F|||&#8221;][\/vc_column][\/vc_row]<\/p>\n","protected":false},"excerpt":{"rendered":"<p>[vc_row el_id=&#8221;arianne&#8221;][vc_column][vc_column_text][\/vc_column_text][\/vc_column][\/vc_row][vc_row el_id=&#8221;single-prod&#8221;][vc_column width=&#8221;1\/2&#8243;][vc_gallery type=&#8221;image_grid&#8221; images=&#8221;36705&#8243; img_size=&#8221;full&#8221;][\/vc_column][vc_column width=&#8221;1\/2&#8243; css=&#8221;.vc_custom_1532640885006{padding-left: 20px !important;}&#8221; el_class=&#8221;product-details&#8221;][vc_column_text] JEAN-MICHEL ATLAN (1913-1960) Untitled, circa 1945 Pastel and watercolor on paper, signed \u00ab Atlan \u00bb on bottom right &nbsp; Dimensions : H 6,5 x W 8,3 in. \/\u00a0H 16,5 x L 21 cm &nbsp; Exposition : R\u00e9trospective Atlan, premi\u00e8re p\u00e9riode 1940-1954, Nantes, mus\u00e9e [&#8230;]<\/p>\n<p><a class=\"btn btn-secondary understrap-read-more-link\" href=\"https:\/\/www.jacqueslacoste.com\/en\/other-creators-1900-1950\/jean-michel-atlan-untitled-circa-1945\/\">Read More&#8230;<\/a><\/p>\n","protected":false},"author":2,"featured_media":36703,"parent":3587,"menu_order":0,"comment_status":"closed","ping_status":"closed","template":"","meta":{"inline_featured_image":false,"footnotes":""},"class_list":["post-32502","page","type-page","status-publish","has-post-thumbnail","hentry"],"_links":{"self":[{"href":"https:\/\/www.jacqueslacoste.com\/en\/wp-json\/wp\/v2\/pages\/32502","targetHints":{"allow":["GET"]}}],"collection":[{"href":"https:\/\/www.jacqueslacoste.com\/en\/wp-json\/wp\/v2\/pages"}],"about":[{"href":"https:\/\/www.jacqueslacoste.com\/en\/wp-json\/wp\/v2\/types\/page"}],"author":[{"embeddable":true,"href":"https:\/\/www.jacqueslacoste.com\/en\/wp-json\/wp\/v2\/users\/2"}],"replies":[{"embeddable":true,"href":"https:\/\/www.jacqueslacoste.com\/en\/wp-json\/wp\/v2\/comments?post=32502"}],"version-history":[{"count":3,"href":"https:\/\/www.jacqueslacoste.com\/en\/wp-json\/wp\/v2\/pages\/32502\/revisions"}],"predecessor-version":[{"id":36709,"href":"https:\/\/www.jacqueslacoste.com\/en\/wp-json\/wp\/v2\/pages\/32502\/revisions\/36709"}],"up":[{"embeddable":true,"href":"https:\/\/www.jacqueslacoste.com\/en\/wp-json\/wp\/v2\/pages\/3587"}],"wp:featuredmedia":[{"embeddable":true,"href":"https:\/\/www.jacqueslacoste.com\/en\/wp-json\/wp\/v2\/media\/36703"}],"wp:attachment":[{"href":"https:\/\/www.jacqueslacoste.com\/en\/wp-json\/wp\/v2\/media?parent=32502"}],"curies":[{"name":"wp","href":"https:\/\/api.w.org\/{rel}","templated":true}]}}