{"id":35654,"date":"2022-09-07T11:42:11","date_gmt":"2022-09-07T09:42:11","guid":{"rendered":"https:\/\/www.jacqueslacoste.com\/?page_id=35654"},"modified":"2025-12-22T15:29:15","modified_gmt":"2025-12-22T14:29:15","slug":"diego-giacometti-victoire-de-samothrace-circa-1969","status":"publish","type":"page","link":"https:\/\/www.jacqueslacoste.com\/en\/diego-giacometti-victoire-de-samothrace-circa-1969\/","title":{"rendered":"Diego Giacometti, &#8220;Victoire de Samothrace&#8221;, circa 1969"},"content":{"rendered":"<p>[vc_row el_id=&#8221;arianne&#8221;][vc_column][vc_column_text]<nav aria-label=\"breadcrumbs\">\n            <div class=\"breadcrumb-container theme1\">\n                <ol>\n                                    <\/ol>\n            <\/div>\n        <\/nav>    <script type=\"application\/ld+json\">\n        {\n            \"@context\": \"http:\/\/schema.org\",\n            \"@type\": \"BreadcrumbList\",\n            \"itemListElement\": [\n                            ]\n        }\n    <\/script>\n   \n    <script>\n            <\/script>\n[\/vc_column_text][\/vc_column][\/vc_row][vc_row el_id=&#8221;single-prod&#8221;][vc_column width=&#8221;1\/2&#8243;][vc_gallery type=&#8221;image_grid&#8221; images=&#8221;76536&#8243; img_size=&#8221;full&#8221;][\/vc_column][vc_column width=&#8221;1\/2&#8243; css=&#8221;.vc_custom_1532640885006{padding-left: 20px !important;}&#8221; el_class=&#8221;product-details&#8221;][vc_column_text]<\/p>\n<h2>DIEGO GIACOMETTI<\/h2>\n<h3>&#8220;Victoire de Samothrace&#8221;, circa 1969<\/h3>\n<p>Draped model, in gilt patinated bronze\u00a0on a black marble base (non original)<\/p>\n<p>&nbsp;<\/p>\n<p><strong>Dimensions hors socle<\/strong> :<br \/>\nH 9,8 x W 2,4 x D 3,1 in.<br \/>\nH 25 x L 6 x P 8 cm<\/p>\n<p>&nbsp;<\/p>\n<p><strong>Provenance :<br \/>\n<\/strong>Marc Barbezat, \u00e9diteur (\u00e9ditions de l\u2019arbal\u00e8te).<br \/>\nEntre 1966 et 1969 Marc Barbezat, \u00e9diteur, commande \u00e0 Diego Giacometti une\u00a0exceptionnelle chambre \u00e0 livres ainsi que du mobilier et des luminaires en bronze\u00a0pour son appartement sur l\u2019\u00eele Saint-Louis am\u00e9nag\u00e9 par l\u2019architecte Pierre Barbe.<\/p>\n<p>&nbsp;<\/p>\n<p><em>Ref : DG023<\/em>[\/vc_column_text][vc_column_text]<\/p>\n<ul class=\"list-inline prod-list\">\n<li><a href=\"mailto:contact@jacqueslacoste.com?subject= Price upon request : Diego Giacometti, &#8220;Victoire de Samothrace&#8221;, circa 1969 - Diego Giacometti, &#8220;Victoire de Samothrace&#8221;, circa 1969 &body=https:www.jacqueslacoste.com\/en\/diego-giacometti-victoire-de-samothrace-circa-1969\/\">Price upon request<\/a><\/li>\n<li><a href=\"mailto:?subject=Diego Giacometti, &#8220;Victoire de Samothrace&#8221;, circa 1969 - Diego Giacometti, &#8220;Victoire de Samothrace&#8221;, circa 1969 &body=https:\/\/www.jacqueslacoste.com\/en\/diego-giacometti-victoire-de-samothrace-circa-1969\/\">SHARE<\/a><\/li>\n<\/ul>\n<p>[\/vc_column_text][vc_btn title=&#8221;BACK&#8221; style=&#8221;classic&#8221; link=&#8221;url:https%3A%2F%2Fwww.jacqueslacoste.com%2Fen%2Fgiacometti%2F|||&#8221;][\/vc_column][\/vc_row]<\/p>\n","protected":false},"excerpt":{"rendered":"<p>[vc_row el_id=&#8221;arianne&#8221;][vc_column][vc_column_text][\/vc_column_text][\/vc_column][\/vc_row][vc_row el_id=&#8221;single-prod&#8221;][vc_column width=&#8221;1\/2&#8243;][vc_gallery type=&#8221;image_grid&#8221; images=&#8221;76536&#8243; img_size=&#8221;full&#8221;][\/vc_column][vc_column width=&#8221;1\/2&#8243; css=&#8221;.vc_custom_1532640885006{padding-left: 20px !important;}&#8221; el_class=&#8221;product-details&#8221;][vc_column_text] DIEGO GIACOMETTI &#8220;Victoire de Samothrace&#8221;, circa 1969 Draped model, in gilt patinated bronze\u00a0on a black marble base (non original) &nbsp; Dimensions hors socle : H 9,8 x W 2,4 x D 3,1 in. H 25 x L 6 x P 8 cm &nbsp; [&#8230;]<\/p>\n<p><a class=\"btn btn-secondary understrap-read-more-link\" href=\"https:\/\/www.jacqueslacoste.com\/en\/diego-giacometti-victoire-de-samothrace-circa-1969\/\">Read More&#8230;<\/a><\/p>\n","protected":false},"author":2,"featured_media":76538,"parent":0,"menu_order":0,"comment_status":"closed","ping_status":"closed","template":"","meta":{"inline_featured_image":false,"footnotes":""},"class_list":["post-35654","page","type-page","status-publish","has-post-thumbnail","hentry"],"_links":{"self":[{"href":"https:\/\/www.jacqueslacoste.com\/en\/wp-json\/wp\/v2\/pages\/35654","targetHints":{"allow":["GET"]}}],"collection":[{"href":"https:\/\/www.jacqueslacoste.com\/en\/wp-json\/wp\/v2\/pages"}],"about":[{"href":"https:\/\/www.jacqueslacoste.com\/en\/wp-json\/wp\/v2\/types\/page"}],"author":[{"embeddable":true,"href":"https:\/\/www.jacqueslacoste.com\/en\/wp-json\/wp\/v2\/users\/2"}],"replies":[{"embeddable":true,"href":"https:\/\/www.jacqueslacoste.com\/en\/wp-json\/wp\/v2\/comments?post=35654"}],"version-history":[{"count":2,"href":"https:\/\/www.jacqueslacoste.com\/en\/wp-json\/wp\/v2\/pages\/35654\/revisions"}],"predecessor-version":[{"id":76541,"href":"https:\/\/www.jacqueslacoste.com\/en\/wp-json\/wp\/v2\/pages\/35654\/revisions\/76541"}],"wp:featuredmedia":[{"embeddable":true,"href":"https:\/\/www.jacqueslacoste.com\/en\/wp-json\/wp\/v2\/media\/76538"}],"wp:attachment":[{"href":"https:\/\/www.jacqueslacoste.com\/en\/wp-json\/wp\/v2\/media?parent=35654"}],"curies":[{"name":"wp","href":"https:\/\/api.w.org\/{rel}","templated":true}]}}