{"id":41149,"date":"2023-04-13T12:08:30","date_gmt":"2023-04-13T10:08:30","guid":{"rendered":"https:\/\/www.jacqueslacoste.com\/?page_id=41149"},"modified":"2023-04-13T12:08:30","modified_gmt":"2023-04-13T10:08:30","slug":"trapeze-dining-table-circa-1937","status":"publish","type":"page","link":"https:\/\/www.jacqueslacoste.com\/en\/jean-royere\/trapeze-dining-table-circa-1937\/","title":{"rendered":"Trap\u00e8ze dining table, circa 1937"},"content":{"rendered":"<p>[vc_row el_id=&#8221;arianne&#8221;][vc_column][vc_column_text]<nav aria-label=\"breadcrumbs\">\n            <div class=\"breadcrumb-container theme1\">\n                <ol>\n                                    <\/ol>\n            <\/div>\n        <\/nav>    <script type=\"application\/ld+json\">\n        {\n            \"@context\": \"http:\/\/schema.org\",\n            \"@type\": \"BreadcrumbList\",\n            \"itemListElement\": [\n                            ]\n        }\n    <\/script>\n   \n    <script>\n            <\/script>\n[\/vc_column_text][\/vc_column][\/vc_row][vc_row el_id=&#8221;single-prod&#8221;][vc_column width=&#8221;1\/2&#8243;][vc_gallery type=&#8221;image_grid&#8221; images=&#8221;41138,41136,41142&#8243; img_size=&#8221;full&#8221;][\/vc_column][vc_column width=&#8221;1\/2&#8243; css=&#8221;.vc_custom_1532640885006{padding-left: 20px !important;}&#8221; el_class=&#8221;product-details&#8221;][vc_column_text]<\/p>\n<h2>JEAN ROY\u00c8RE (1902-1981)<\/h2>\n<h3>&#8220;Trap\u00e8ze&#8221; dining table, circa 1937<\/h3>\n<div class=\"page\" title=\"Page 1\">\n<div class=\"layoutArea\">\n<div class=\"column\">\n<div><span lang=\"EN-US\">In oak,<br \/>\nGouff\u00e9 metal label under the top.<\/span><\/div>\n<\/div>\n<\/div>\n<\/div>\n<p>&nbsp;<\/p>\n<p><strong>Dimensions<\/strong> :<br \/>\nH 73 x L 145 x P 87,5 cm<br \/>\n<span lang=\"EN-US\">H 29 x W 57 x D 34 in. <\/span><\/p>\n<p>&nbsp;<\/p>\n<p><strong>Documentation :<br \/>\n<\/strong>Archives Jean Roy\u00e8re, Galerie Jacques Lacoste &amp; Galerie Patrick Seguin, Bleu N\u00b0 XIX-11 pour un mod\u00e8le similaire.<br \/>\nArchives Jean Roy\u00e8re, Galerie Jacques Lacoste &amp; Galerie Patrick Seguin, Clich\u00e9s N\u00b0 298 et 321et 357 pour un mod\u00e8le similaire.<\/p>\n<p>&nbsp;<\/p>\n<p style=\"font-weight: 400;\"><em>R\u00e9f\u00a0: JR411<\/em><\/p>\n<p>[\/vc_column_text][vc_column_text]<\/p>\n<ul class=\"list-inline prod-list\">\n<li><a href=\"\/\/www.jacqueslacoste.com\/jean-royere\/biographie-de-jean-royere\/\" target=\"_blank\" rel=\"noopener noreferrer\">Biographie<\/a><\/li>\n<li><a href=\"\/\/www.jacqueslacoste.com\/jean-royere\/nos-archives-2\/\" target=\"_blank\" rel=\"noopener noreferrer\">Archives<\/a><\/li>\n<li><a href=\"mailto:contact@jacqueslacoste.com?subject= Price upon request : Jean Roy\u00e8re - Trap\u00e8ze dining table, circa 1937 &body=https:www.jacqueslacoste.com\/en\/jean-royere\/trapeze-dining-table-circa-1937\/\">Price upon request<\/a><\/li>\n<li><a href=\"mailto:?subject=Jean Roy\u00e8re - Trap\u00e8ze dining table, circa 1937 &body=https:\/\/www.jacqueslacoste.com\/en\/jean-royere\/trapeze-dining-table-circa-1937\/\">SHARE<\/a><\/li>\n<\/ul>\n<p>[\/vc_column_text][vc_btn title=&#8221;BACK&#8221; style=&#8221;classic&#8221; link=&#8221;url:https%3A%2F%2Fwww.jacqueslacoste.com%2Fen%2Fjean-royere%2F|||&#8221;][\/vc_column][\/vc_row]<\/p>\n","protected":false},"excerpt":{"rendered":"<p>[vc_row el_id=&#8221;arianne&#8221;][vc_column][vc_column_text][\/vc_column_text][\/vc_column][\/vc_row][vc_row el_id=&#8221;single-prod&#8221;][vc_column width=&#8221;1\/2&#8243;][vc_gallery type=&#8221;image_grid&#8221; images=&#8221;41138,41136,41142&#8243; img_size=&#8221;full&#8221;][\/vc_column][vc_column width=&#8221;1\/2&#8243; css=&#8221;.vc_custom_1532640885006{padding-left: 20px !important;}&#8221; el_class=&#8221;product-details&#8221;][vc_column_text] JEAN ROY\u00c8RE (1902-1981) &#8220;Trap\u00e8ze&#8221; dining table, circa 1937 In oak, Gouff\u00e9 metal label under the top. &nbsp; Dimensions : H 73 x L 145 x P 87,5 cm H 29 x W 57 x D 34 in. &nbsp; Documentation : Archives Jean Roy\u00e8re, [&#8230;]<\/p>\n<p><a class=\"btn btn-secondary understrap-read-more-link\" href=\"https:\/\/www.jacqueslacoste.com\/en\/jean-royere\/trapeze-dining-table-circa-1937\/\">Read More&#8230;<\/a><\/p>\n","protected":false},"author":2,"featured_media":41141,"parent":3616,"menu_order":0,"comment_status":"closed","ping_status":"closed","template":"","meta":{"inline_featured_image":false,"footnotes":""},"class_list":["post-41149","page","type-page","status-publish","has-post-thumbnail","hentry"],"_links":{"self":[{"href":"https:\/\/www.jacqueslacoste.com\/en\/wp-json\/wp\/v2\/pages\/41149","targetHints":{"allow":["GET"]}}],"collection":[{"href":"https:\/\/www.jacqueslacoste.com\/en\/wp-json\/wp\/v2\/pages"}],"about":[{"href":"https:\/\/www.jacqueslacoste.com\/en\/wp-json\/wp\/v2\/types\/page"}],"author":[{"embeddable":true,"href":"https:\/\/www.jacqueslacoste.com\/en\/wp-json\/wp\/v2\/users\/2"}],"replies":[{"embeddable":true,"href":"https:\/\/www.jacqueslacoste.com\/en\/wp-json\/wp\/v2\/comments?post=41149"}],"version-history":[{"count":1,"href":"https:\/\/www.jacqueslacoste.com\/en\/wp-json\/wp\/v2\/pages\/41149\/revisions"}],"predecessor-version":[{"id":41150,"href":"https:\/\/www.jacqueslacoste.com\/en\/wp-json\/wp\/v2\/pages\/41149\/revisions\/41150"}],"up":[{"embeddable":true,"href":"https:\/\/www.jacqueslacoste.com\/en\/wp-json\/wp\/v2\/pages\/3616"}],"wp:featuredmedia":[{"embeddable":true,"href":"https:\/\/www.jacqueslacoste.com\/en\/wp-json\/wp\/v2\/media\/41141"}],"wp:attachment":[{"href":"https:\/\/www.jacqueslacoste.com\/en\/wp-json\/wp\/v2\/media?parent=41149"}],"curies":[{"name":"wp","href":"https:\/\/api.w.org\/{rel}","templated":true}]}}