{"id":43310,"date":"2023-07-03T18:11:05","date_gmt":"2023-07-03T16:11:05","guid":{"rendered":"https:\/\/www.jacqueslacoste.com\/?page_id=43310"},"modified":"2023-07-03T18:11:05","modified_gmt":"2023-07-03T16:11:05","slug":"jeune-fille-assise-circa-1929","status":"publish","type":"page","link":"https:\/\/www.jacqueslacoste.com\/en\/jean-dunand\/jeune-fille-assise-circa-1929\/","title":{"rendered":"Jeune fille assise, circa 1929"},"content":{"rendered":"<p>[vc_row el_id=&#8221;arianne&#8221;][vc_column][vc_column_text]<nav aria-label=\"breadcrumbs\">\n            <div class=\"breadcrumb-container theme1\">\n                <ol>\n                                    <\/ol>\n            <\/div>\n        <\/nav>    <script type=\"application\/ld+json\">\n        {\n            \"@context\": \"http:\/\/schema.org\",\n            \"@type\": \"BreadcrumbList\",\n            \"itemListElement\": [\n                            ]\n        }\n    <\/script>\n   \n    <script>\n            <\/script>\n[\/vc_column_text][\/vc_column][\/vc_row][vc_row el_id=&#8221;single-prod&#8221;][vc_column width=&#8221;1\/2&#8243;][vc_gallery type=&#8221;image_grid&#8221; images=&#8221;43299&#8243; img_size=&#8221;full&#8221;][\/vc_column][vc_column width=&#8221;1\/2&#8243; css=&#8221;.vc_custom_1532640885006{padding-left: 20px !important;}&#8221; el_class=&#8221;product-details&#8221;][vc_column_text]<\/p>\n<h2>JEAN DUNAND (1855-1942)<\/h2>\n<h3>Jeune fille assise, circa 1929<\/h3>\n<p style=\"font-weight: 400;\">Wood panel engraved and lacquered, torn off brown lacquer and silvered, gilded, mauve and blue lacquers.<\/p>\n<p>&nbsp;<\/p>\n<p><strong>Dimensions<\/strong> :<br \/>\nH 86 x L 62<br \/>\nH 34 x W 24 in.<\/p>\n<p>&nbsp;<\/p>\n<p style=\"font-weight: 400;\"><strong>Exposition :<\/strong><br \/>\nGalerie La Renaissance, Paris, 1929, expos\u00e9 sous le num\u00e9ro 35.<\/p>\n<p>&nbsp;<\/p>\n<p style=\"font-weight: 400;\"><strong>Bibliographie\u00a0:<\/strong><u><br \/>\n<\/u><em>Jean Dunand, <\/em>F\u00e9lix Marcilhac, Paris, \u00c9ditions de l\u2019Amateur, 1991, mod\u00e8le inclus au catalogue p. 230 sous le num\u00e9ro 263.<br \/>\n<em>Jean Dunand, <\/em>Am\u00e9lie Marcilhac, Paris, \u00c9ditions Norma, 2020, mod\u00e8le inclus au catalogue p. 263 sous le num\u00e9ro 175.<\/p>\n<p>&nbsp;<\/p>\n<p style=\"font-weight: 400;\"><em>R\u00e9f\u00a0: JD014<\/em><\/p>\n<p>[\/vc_column_text][vc_column_text]<\/p>\n<ul class=\"list-inline prod-list\">\n<li><a href=\"mailto:contact@jacqueslacoste.com?subject= Price upon request : Jean Dunand - Jeune fille assise, circa 1929 &body=https:www.jacqueslacoste.com\/en\/jean-dunand\/jeune-fille-assise-circa-1929\/\">Price upon request<\/a><\/li>\n<li><a href=\"mailto:?subject=Jean Dunand - Jeune fille assise, circa 1929 &body=https:\/\/www.jacqueslacoste.com\/en\/jean-dunand\/jeune-fille-assise-circa-1929\/\">SHARE<\/a><\/li>\n<\/ul>\n<p>[\/vc_column_text][vc_btn title=&#8221;RETOUR&#8221; style=&#8221;classic&#8221; link=&#8221;url:https%3A%2F%2Fwww.jacqueslacoste.com%2Fjean-dunand%2F|||&#8221;][\/vc_column][\/vc_row]<\/p>\n","protected":false},"excerpt":{"rendered":"<p>[vc_row el_id=&#8221;arianne&#8221;][vc_column][vc_column_text][\/vc_column_text][\/vc_column][\/vc_row][vc_row el_id=&#8221;single-prod&#8221;][vc_column width=&#8221;1\/2&#8243;][vc_gallery type=&#8221;image_grid&#8221; images=&#8221;43299&#8243; img_size=&#8221;full&#8221;][\/vc_column][vc_column width=&#8221;1\/2&#8243; css=&#8221;.vc_custom_1532640885006{padding-left: 20px !important;}&#8221; el_class=&#8221;product-details&#8221;][vc_column_text] JEAN DUNAND (1855-1942) Jeune fille assise, circa 1929 Wood panel engraved and lacquered, torn off brown lacquer and silvered, gilded, mauve and blue lacquers. &nbsp; Dimensions : H 86 x L 62 H 34 x W 24 in. &nbsp; Exposition : Galerie La [&#8230;]<\/p>\n<p><a class=\"btn btn-secondary understrap-read-more-link\" href=\"https:\/\/www.jacqueslacoste.com\/en\/jean-dunand\/jeune-fille-assise-circa-1929\/\">Read More&#8230;<\/a><\/p>\n","protected":false},"author":2,"featured_media":43300,"parent":7188,"menu_order":0,"comment_status":"closed","ping_status":"closed","template":"","meta":{"inline_featured_image":false,"footnotes":""},"class_list":["post-43310","page","type-page","status-publish","has-post-thumbnail","hentry"],"_links":{"self":[{"href":"https:\/\/www.jacqueslacoste.com\/en\/wp-json\/wp\/v2\/pages\/43310","targetHints":{"allow":["GET"]}}],"collection":[{"href":"https:\/\/www.jacqueslacoste.com\/en\/wp-json\/wp\/v2\/pages"}],"about":[{"href":"https:\/\/www.jacqueslacoste.com\/en\/wp-json\/wp\/v2\/types\/page"}],"author":[{"embeddable":true,"href":"https:\/\/www.jacqueslacoste.com\/en\/wp-json\/wp\/v2\/users\/2"}],"replies":[{"embeddable":true,"href":"https:\/\/www.jacqueslacoste.com\/en\/wp-json\/wp\/v2\/comments?post=43310"}],"version-history":[{"count":1,"href":"https:\/\/www.jacqueslacoste.com\/en\/wp-json\/wp\/v2\/pages\/43310\/revisions"}],"predecessor-version":[{"id":43313,"href":"https:\/\/www.jacqueslacoste.com\/en\/wp-json\/wp\/v2\/pages\/43310\/revisions\/43313"}],"up":[{"embeddable":true,"href":"https:\/\/www.jacqueslacoste.com\/en\/wp-json\/wp\/v2\/pages\/7188"}],"wp:featuredmedia":[{"embeddable":true,"href":"https:\/\/www.jacqueslacoste.com\/en\/wp-json\/wp\/v2\/media\/43300"}],"wp:attachment":[{"href":"https:\/\/www.jacqueslacoste.com\/en\/wp-json\/wp\/v2\/media?parent=43310"}],"curies":[{"name":"wp","href":"https:\/\/api.w.org\/{rel}","templated":true}]}}