{"id":44052,"date":"2023-09-06T16:08:29","date_gmt":"2023-09-06T14:08:29","guid":{"rendered":"https:\/\/www.jacqueslacoste.com\/?page_id=44052"},"modified":"2023-09-06T16:08:29","modified_gmt":"2023-09-06T14:08:29","slug":"georges-jouve-vase-oursin-circa-1955","status":"publish","type":"page","link":"https:\/\/www.jacqueslacoste.com\/en\/georges-jouve\/georges-jouve-vase-oursin-circa-1955\/","title":{"rendered":"Georges Jouve, vase oursin, circa 1955"},"content":{"rendered":"<p>[vc_row el_id=&#8221;arianne&#8221;][vc_column][vc_column_text]<nav aria-label=\"breadcrumbs\">\n            <div class=\"breadcrumb-container theme1\">\n                <ol>\n                                    <\/ol>\n            <\/div>\n        <\/nav>    <script type=\"application\/ld+json\">\n        {\n            \"@context\": \"http:\/\/schema.org\",\n            \"@type\": \"BreadcrumbList\",\n            \"itemListElement\": [\n                            ]\n        }\n    <\/script>\n   \n    <script>\n            <\/script>\n[\/vc_column_text][\/vc_column][\/vc_row][vc_row el_id=&#8221;single-prod&#8221;][vc_column width=&#8221;1\/2&#8243;][vc_gallery type=&#8221;image_grid&#8221; images=&#8221;44002,44004&#8243; img_size=&#8221;full&#8221;][\/vc_column][vc_column width=&#8221;1\/2&#8243; css=&#8221;.vc_custom_1532640885006{padding-left: 20px !important;}&#8221; el_class=&#8221;product-details&#8221;][vc_column_text]<\/p>\n<h2>GEORGES JOUVE (1910-1964)<\/h2>\n<h3>Oursin vase, circa 1955<\/h3>\n<p style=\"font-weight: 400;\">In yellow and black enameled ceramics,<br \/>\nSigned Jouve and monogramed Alpha under the base.<\/p>\n<p>&nbsp;<\/p>\n<p><strong>Dimensions<\/strong> :<br \/>\nH 6,5 x \u00f8 20 cm<br \/>\nH 2,6 x \u00f8 8,1 in.<\/p>\n<p>&nbsp;<\/p>\n<p style=\"font-weight: 400;\"><em>R\u00e9f\u00a0: GJ136<\/em><\/p>\n<p>[\/vc_column_text][vc_column_text]<\/p>\n<ul class=\"list-inline prod-list\">\n<li><a href=\"mailto:contact@jacqueslacoste.com?subject= Price upon request : Georges Jouve - Georges Jouve, vase oursin, circa 1955 &body=https:www.jacqueslacoste.com\/en\/georges-jouve\/georges-jouve-vase-oursin-circa-1955\/\">Price upon request<\/a><\/li>\n<li><a href=\"mailto:?subject=Georges Jouve - Georges Jouve, vase oursin, circa 1955 &body=https:\/\/www.jacqueslacoste.com\/en\/georges-jouve\/georges-jouve-vase-oursin-circa-1955\/\">SHARE<\/a><\/li>\n<\/ul>\n<p>[\/vc_column_text][vc_btn title=&#8221;BACK&#8221; style=&#8221;classic&#8221; link=&#8221;url:https%3A%2F%2Fwww.jacqueslacoste.com%2Fen%2Fgeorges-jouve%2F|||&#8221;][\/vc_column][\/vc_row]<\/p>\n","protected":false},"excerpt":{"rendered":"<p>[vc_row el_id=&#8221;arianne&#8221;][vc_column][vc_column_text][\/vc_column_text][\/vc_column][\/vc_row][vc_row el_id=&#8221;single-prod&#8221;][vc_column width=&#8221;1\/2&#8243;][vc_gallery type=&#8221;image_grid&#8221; images=&#8221;44002,44004&#8243; img_size=&#8221;full&#8221;][\/vc_column][vc_column width=&#8221;1\/2&#8243; css=&#8221;.vc_custom_1532640885006{padding-left: 20px !important;}&#8221; el_class=&#8221;product-details&#8221;][vc_column_text] GEORGES JOUVE (1910-1964) Oursin vase, circa 1955 In yellow and black enameled ceramics, Signed Jouve and monogramed Alpha under the base. &nbsp; Dimensions : H 6,5 x \u00f8 20 cm H 2,6 x \u00f8 8,1 in. &nbsp; R\u00e9f\u00a0: GJ136 [\/vc_column_text][vc_column_text] [\/vc_column_text][vc_btn title=&#8221;BACK&#8221; style=&#8221;classic&#8221; [&#8230;]<\/p>\n<p><a class=\"btn btn-secondary understrap-read-more-link\" href=\"https:\/\/www.jacqueslacoste.com\/en\/georges-jouve\/georges-jouve-vase-oursin-circa-1955\/\">Read More&#8230;<\/a><\/p>\n","protected":false},"author":2,"featured_media":44007,"parent":3593,"menu_order":0,"comment_status":"closed","ping_status":"closed","template":"","meta":{"inline_featured_image":false,"footnotes":""},"class_list":["post-44052","page","type-page","status-publish","has-post-thumbnail","hentry"],"_links":{"self":[{"href":"https:\/\/www.jacqueslacoste.com\/en\/wp-json\/wp\/v2\/pages\/44052","targetHints":{"allow":["GET"]}}],"collection":[{"href":"https:\/\/www.jacqueslacoste.com\/en\/wp-json\/wp\/v2\/pages"}],"about":[{"href":"https:\/\/www.jacqueslacoste.com\/en\/wp-json\/wp\/v2\/types\/page"}],"author":[{"embeddable":true,"href":"https:\/\/www.jacqueslacoste.com\/en\/wp-json\/wp\/v2\/users\/2"}],"replies":[{"embeddable":true,"href":"https:\/\/www.jacqueslacoste.com\/en\/wp-json\/wp\/v2\/comments?post=44052"}],"version-history":[{"count":1,"href":"https:\/\/www.jacqueslacoste.com\/en\/wp-json\/wp\/v2\/pages\/44052\/revisions"}],"predecessor-version":[{"id":44057,"href":"https:\/\/www.jacqueslacoste.com\/en\/wp-json\/wp\/v2\/pages\/44052\/revisions\/44057"}],"up":[{"embeddable":true,"href":"https:\/\/www.jacqueslacoste.com\/en\/wp-json\/wp\/v2\/pages\/3593"}],"wp:featuredmedia":[{"embeddable":true,"href":"https:\/\/www.jacqueslacoste.com\/en\/wp-json\/wp\/v2\/media\/44007"}],"wp:attachment":[{"href":"https:\/\/www.jacqueslacoste.com\/en\/wp-json\/wp\/v2\/media?parent=44052"}],"curies":[{"name":"wp","href":"https:\/\/api.w.org\/{rel}","templated":true}]}}