{"id":44174,"date":"2023-09-12T12:15:51","date_gmt":"2023-09-12T10:15:51","guid":{"rendered":"https:\/\/www.jacqueslacoste.com\/?page_id=44174"},"modified":"2023-09-12T12:15:51","modified_gmt":"2023-09-12T10:15:51","slug":"jean-besnard-vase-circa-1925","status":"publish","type":"page","link":"https:\/\/www.jacqueslacoste.com\/en\/other-creators-1900-1950\/jean-besnard-vase-circa-1925\/","title":{"rendered":"Jean Besnard, vase, circa 1925"},"content":{"rendered":"<p>[vc_row el_id=&#8221;arianne&#8221;][vc_column][vc_column_text]<nav aria-label=\"breadcrumbs\">\n            <div class=\"breadcrumb-container theme1\">\n                <ol>\n                                    <\/ol>\n            <\/div>\n        <\/nav>    <script type=\"application\/ld+json\">\n        {\n            \"@context\": \"http:\/\/schema.org\",\n            \"@type\": \"BreadcrumbList\",\n            \"itemListElement\": [\n                            ]\n        }\n    <\/script>\n   \n    <script>\n            <\/script>\n[\/vc_column_text][\/vc_column][\/vc_row][vc_row el_id=&#8221;single-prod&#8221;][vc_column width=&#8221;1\/2&#8243;][vc_gallery type=&#8221;image_grid&#8221; images=&#8221;44158,44162&#8243; img_size=&#8221;full&#8221;][\/vc_column][vc_column width=&#8221;1\/2&#8243; css=&#8221;.vc_custom_1532640885006{padding-left: 20px !important;}&#8221; el_class=&#8221;product-details&#8221;][vc_column_text]<\/p>\n<h2>JEAN BESNARD (1889-1958)<\/h2>\n<h3>Off-white ovo\u00cfd vase, circa 1925<\/h3>\n<p>In white enameled ceramic vase,<br \/>\nSigned and dated \u201cJean Besnard 1925\u201d under the base<\/p>\n<p>&nbsp;<\/p>\n<p><strong>Dimensions<\/strong> :<br \/>\nH 35 x \u00f8 24 cm<br \/>\nH 14 x \u00f8 9,5 in.<\/p>\n<p>&nbsp;<\/p>\n<p><em>R\u00e9f\u00a0: JB019<\/em>[\/vc_column_text][vc_column_text]<\/p>\n<ul class=\"list-inline prod-list\">\n<li><a href=\"mailto:contact@jacqueslacoste.com?subject= Price upon request : Other creators, 1900-1950 - Jean Besnard, vase, circa 1925 &body=https:www.jacqueslacoste.com\/en\/other-creators-1900-1950\/jean-besnard-vase-circa-1925\/\">Price upon request<\/a><\/li>\n<li><a href=\"mailto:?subject=Other creators, 1900-1950 - Jean Besnard, vase, circa 1925 &body=https:\/\/www.jacqueslacoste.com\/en\/other-creators-1900-1950\/jean-besnard-vase-circa-1925\/\">SHARE<\/a><\/li>\n<\/ul>\n<p>[\/vc_column_text][vc_btn title=&#8221;BACK&#8221; style=&#8221;classic&#8221; link=&#8221;url:https%3A%2F%2Fwww.jacqueslacoste.com%2Fen%2Fautres-createurs-1900-1950%2F|||&#8221;][\/vc_column][\/vc_row]<\/p>\n","protected":false},"excerpt":{"rendered":"<p>[vc_row el_id=&#8221;arianne&#8221;][vc_column][vc_column_text][\/vc_column_text][\/vc_column][\/vc_row][vc_row el_id=&#8221;single-prod&#8221;][vc_column width=&#8221;1\/2&#8243;][vc_gallery type=&#8221;image_grid&#8221; images=&#8221;44158,44162&#8243; img_size=&#8221;full&#8221;][\/vc_column][vc_column width=&#8221;1\/2&#8243; css=&#8221;.vc_custom_1532640885006{padding-left: 20px !important;}&#8221; el_class=&#8221;product-details&#8221;][vc_column_text] JEAN BESNARD (1889-1958) Off-white ovo\u00cfd vase, circa 1925 In white enameled ceramic vase, Signed and dated \u201cJean Besnard 1925\u201d under the base &nbsp; Dimensions : H 35 x \u00f8 24 cm H 14 x \u00f8 9,5 in. &nbsp; R\u00e9f\u00a0: JB019[\/vc_column_text][vc_column_text] [\/vc_column_text][vc_btn title=&#8221;BACK&#8221; style=&#8221;classic&#8221; [&#8230;]<\/p>\n<p><a class=\"btn btn-secondary understrap-read-more-link\" href=\"https:\/\/www.jacqueslacoste.com\/en\/other-creators-1900-1950\/jean-besnard-vase-circa-1925\/\">Read More&#8230;<\/a><\/p>\n","protected":false},"author":2,"featured_media":44161,"parent":3587,"menu_order":0,"comment_status":"closed","ping_status":"closed","template":"","meta":{"inline_featured_image":false,"footnotes":""},"class_list":["post-44174","page","type-page","status-publish","has-post-thumbnail","hentry"],"_links":{"self":[{"href":"https:\/\/www.jacqueslacoste.com\/en\/wp-json\/wp\/v2\/pages\/44174","targetHints":{"allow":["GET"]}}],"collection":[{"href":"https:\/\/www.jacqueslacoste.com\/en\/wp-json\/wp\/v2\/pages"}],"about":[{"href":"https:\/\/www.jacqueslacoste.com\/en\/wp-json\/wp\/v2\/types\/page"}],"author":[{"embeddable":true,"href":"https:\/\/www.jacqueslacoste.com\/en\/wp-json\/wp\/v2\/users\/2"}],"replies":[{"embeddable":true,"href":"https:\/\/www.jacqueslacoste.com\/en\/wp-json\/wp\/v2\/comments?post=44174"}],"version-history":[{"count":1,"href":"https:\/\/www.jacqueslacoste.com\/en\/wp-json\/wp\/v2\/pages\/44174\/revisions"}],"predecessor-version":[{"id":44179,"href":"https:\/\/www.jacqueslacoste.com\/en\/wp-json\/wp\/v2\/pages\/44174\/revisions\/44179"}],"up":[{"embeddable":true,"href":"https:\/\/www.jacqueslacoste.com\/en\/wp-json\/wp\/v2\/pages\/3587"}],"wp:featuredmedia":[{"embeddable":true,"href":"https:\/\/www.jacqueslacoste.com\/en\/wp-json\/wp\/v2\/media\/44161"}],"wp:attachment":[{"href":"https:\/\/www.jacqueslacoste.com\/en\/wp-json\/wp\/v2\/media?parent=44174"}],"curies":[{"name":"wp","href":"https:\/\/api.w.org\/{rel}","templated":true}]}}