{"id":47422,"date":"2023-11-08T18:14:33","date_gmt":"2023-11-08T17:14:33","guid":{"rendered":"https:\/\/www.jacqueslacoste.com\/?page_id=47422"},"modified":"2023-11-08T18:14:33","modified_gmt":"2023-11-08T17:14:33","slug":"jean-prouve-presidence-desk-circa-1950","status":"publish","type":"page","link":"https:\/\/www.jacqueslacoste.com\/en\/jean-prouve\/jean-prouve-presidence-desk-circa-1950\/","title":{"rendered":"Jean Prouv\u00e9, &#8220;Pr\u00e9sidence&#8221; desk, circa 1950"},"content":{"rendered":"<p>[vc_row el_id=&#8221;arianne&#8221;][vc_column][vc_column_text]<nav aria-label=\"breadcrumbs\">\n            <div class=\"breadcrumb-container theme1\">\n                <ol>\n                                    <\/ol>\n            <\/div>\n        <\/nav>    <script type=\"application\/ld+json\">\n        {\n            \"@context\": \"http:\/\/schema.org\",\n            \"@type\": \"BreadcrumbList\",\n            \"itemListElement\": [\n                            ]\n        }\n    <\/script>\n   \n    <script>\n            <\/script>\n[\/vc_column_text][\/vc_column][\/vc_row][vc_row el_id=&#8221;single-prod&#8221;][vc_column width=&#8221;1\/2&#8243;][vc_gallery type=&#8221;image_grid&#8221; images=&#8221;1321,1322&#8243; img_size=&#8221;full&#8221;][\/vc_column][vc_column width=&#8221;1\/2&#8243; css=&#8221;.vc_custom_1532640885006{padding-left: 20px !important;}&#8221; el_class=&#8221;product-details&#8221;][vc_column_text]<\/p>\n<h2>JEAN PROUVE (1901-1984)<\/h2>\n<h3>&#8221; Pr\u00e9sidence &#8221; desk, circa 1950<\/h3>\n<div class=\"page\" title=\"Page 1\">\n<div class=\"layoutArea\">\n<div class=\"column\">\n<div class=\"page\" title=\"Page 1\">\n<div class=\"layoutArea\">\n<div class=\"column\">\n<p>Black and grey lacquered bent sheet steel, stainless stell, aluminium handles. Table top in plated oak.<\/p>\n<\/div>\n<\/div>\n<\/div>\n<\/div>\n<\/div>\n<\/div>\n<p>&nbsp;<\/p>\n<p><strong>Dimensions<\/strong> :<br \/>\nH 72 x L 247 x P 147 cm<br \/>\nH 30 x W 97 x D 58 in.<\/p>\n<p>&nbsp;<\/p>\n<div class=\"page\" title=\"Page 1\">\n<div class=\"layoutArea\">\n<div class=\"column\">\n<p><strong>Provenance :<\/strong><br \/>\nFormer collection of Monsieur V. (France).<\/p>\n<p>&nbsp;<\/p>\n<p><strong>Bibliographie :<\/strong><br \/>\nBureau \u00abPre\u0301sidence\u00bb Jean Prouve\u0301, editions Steph Simon, fiche de pre\u0301sentation, vers 1957<br \/>\nPeter Sulzer, \u00ab Jean Prouve\u0301, Oeuvre comple\u0300te : 1944-1954 \u00bb, e\u0301ditions Birkhau\u0308ser, Ba\u0302le, 2005, pp. 180-182 Jean Prouve\u0301, Paris, Galerie Patrick Seguin, 2007, pp. 340-345<br \/>\nJean Prouve\u0301, Galeries Jousse Seguin &#8211; Enrico Navarra, Paris, 1998, pp.104, 105<\/p>\n<p>&nbsp;<\/p>\n<\/div>\n<\/div>\n<div class=\"layoutArea\">\n<div class=\"column\">\n<p><em>Re\u0301f : JP011<\/em><\/p>\n<\/div>\n<\/div>\n<\/div>\n<p>[\/vc_column_text][vc_column_text]<\/p>\n<ul class=\"list-inline prod-list\">\n<li><a href=\"mailto:contact@jacqueslacoste.com?subject= Price upon request : Jean Prouv\u00e9 - Jean Prouv\u00e9, &#8220;Pr\u00e9sidence&#8221; desk, circa 1950 &body=https:www.jacqueslacoste.com\/en\/jean-prouve\/jean-prouve-presidence-desk-circa-1950\/\">Price upon request<\/a><\/li>\n<li><a href=\"mailto:?subject=Jean Prouv\u00e9 - Jean Prouv\u00e9, &#8220;Pr\u00e9sidence&#8221; desk, circa 1950 &body=https:\/\/www.jacqueslacoste.com\/en\/jean-prouve\/jean-prouve-presidence-desk-circa-1950\/\">SHARE<\/a><\/li>\n<\/ul>\n<p>[\/vc_column_text][vc_btn title=&#8221;BACK&#8221; style=&#8221;classic&#8221; link=&#8221;url:https%3A%2F%2Fwww.jacqueslacoste.com%2Fen%2Fjean-prouve%2F|||&#8221;][\/vc_column][\/vc_row]<\/p>\n","protected":false},"excerpt":{"rendered":"<p>[vc_row el_id=&#8221;arianne&#8221;][vc_column][vc_column_text][\/vc_column_text][\/vc_column][\/vc_row][vc_row el_id=&#8221;single-prod&#8221;][vc_column width=&#8221;1\/2&#8243;][vc_gallery type=&#8221;image_grid&#8221; images=&#8221;1321,1322&#8243; img_size=&#8221;full&#8221;][\/vc_column][vc_column width=&#8221;1\/2&#8243; css=&#8221;.vc_custom_1532640885006{padding-left: 20px !important;}&#8221; el_class=&#8221;product-details&#8221;][vc_column_text] JEAN PROUVE (1901-1984) &#8221; Pr\u00e9sidence &#8221; desk, circa 1950 Black and grey lacquered bent sheet steel, stainless stell, aluminium handles. Table top in plated oak. &nbsp; Dimensions : H 72 x L 247 x P 147 cm H 30 x W 97 x [&#8230;]<\/p>\n<p><a class=\"btn btn-secondary understrap-read-more-link\" href=\"https:\/\/www.jacqueslacoste.com\/en\/jean-prouve\/jean-prouve-presidence-desk-circa-1950\/\">Read More&#8230;<\/a><\/p>\n","protected":false},"author":2,"featured_media":6982,"parent":3599,"menu_order":0,"comment_status":"closed","ping_status":"closed","template":"","meta":{"inline_featured_image":false,"footnotes":""},"class_list":["post-47422","page","type-page","status-publish","has-post-thumbnail","hentry"],"_links":{"self":[{"href":"https:\/\/www.jacqueslacoste.com\/en\/wp-json\/wp\/v2\/pages\/47422","targetHints":{"allow":["GET"]}}],"collection":[{"href":"https:\/\/www.jacqueslacoste.com\/en\/wp-json\/wp\/v2\/pages"}],"about":[{"href":"https:\/\/www.jacqueslacoste.com\/en\/wp-json\/wp\/v2\/types\/page"}],"author":[{"embeddable":true,"href":"https:\/\/www.jacqueslacoste.com\/en\/wp-json\/wp\/v2\/users\/2"}],"replies":[{"embeddable":true,"href":"https:\/\/www.jacqueslacoste.com\/en\/wp-json\/wp\/v2\/comments?post=47422"}],"version-history":[{"count":1,"href":"https:\/\/www.jacqueslacoste.com\/en\/wp-json\/wp\/v2\/pages\/47422\/revisions"}],"predecessor-version":[{"id":47436,"href":"https:\/\/www.jacqueslacoste.com\/en\/wp-json\/wp\/v2\/pages\/47422\/revisions\/47436"}],"up":[{"embeddable":true,"href":"https:\/\/www.jacqueslacoste.com\/en\/wp-json\/wp\/v2\/pages\/3599"}],"wp:featuredmedia":[{"embeddable":true,"href":"https:\/\/www.jacqueslacoste.com\/en\/wp-json\/wp\/v2\/media\/6982"}],"wp:attachment":[{"href":"https:\/\/www.jacqueslacoste.com\/en\/wp-json\/wp\/v2\/media?parent=47422"}],"curies":[{"name":"wp","href":"https:\/\/api.w.org\/{rel}","templated":true}]}}