{"id":4935,"date":"2019-01-02T11:51:38","date_gmt":"2019-01-02T10:51:38","guid":{"rendered":"http:\/\/dev.jacqueslacoste.com\/?page_id=4935"},"modified":"2021-03-09T12:57:03","modified_gmt":"2021-03-09T11:57:03","slug":"model-2344-lamp-circa-1960","status":"publish","type":"page","link":"https:\/\/www.jacqueslacoste.com\/en\/max-ingrand\/model-2344-lamp-circa-1960\/","title":{"rendered":"Model 2344 lamp, circa 1960"},"content":{"rendered":"<p>[vc_row el_id=&#8221;arianne&#8221;][vc_column][vc_column_text]<nav aria-label=\"breadcrumbs\">\n            <div class=\"breadcrumb-container theme1\">\n                <ol>\n                                    <\/ol>\n            <\/div>\n        <\/nav>    <script type=\"application\/ld+json\">\n        {\n            \"@context\": \"http:\/\/schema.org\",\n            \"@type\": \"BreadcrumbList\",\n            \"itemListElement\": [\n                            ]\n        }\n    <\/script>\n   \n    <script>\n            <\/script>\n[\/vc_column_text][\/vc_column][\/vc_row][vc_row el_id=&#8221;single-prod&#8221;][vc_column width=&#8221;1\/2&#8243;][vc_gallery type=&#8221;image_grid&#8221; images=&#8221;2910&#8243; img_size=&#8221;full&#8221;][\/vc_column][vc_column width=&#8221;1\/2&#8243; css=&#8221;.vc_custom_1532640885006{padding-left: 20px !important;}&#8221; el_class=&#8221;product-details&#8221;][vc_column_text]<\/p>\n<h2>MAX INGRAND<\/h2>\n<h3>Model 2344 lamp, circa 1960<\/h3>\n<p>Nickeled and brushed brass, satiny opal glass shade, Fontana Arte edition<\/p>\n<p>&nbsp;<\/p>\n<p><strong>Dimensions<\/strong> :<br \/>\nH 22 x \u00f8 13 in.<br \/>\nH 57 x \u00f8 32 cm[\/vc_column_text][vc_column_text]<strong>Documentation :<\/strong><br \/>\nCatalogue Fontana Arte 1967, model reproduced p. 205[\/vc_column_text][vc_column_text]<strong>Bibliographie :<br \/>\n<\/strong>Pierre-Emmanuel Martin-Vivier, Max Ingrand, du verre \u00e0 la lumi\u00e8re, \u00c9ditions Norma, Paris, 2009, model reproduced p. 192[\/vc_column_text][vc_column_text]<em>R\u00e9f\u00e9rence : MI14<\/em>[\/vc_column_text][vc_column_text]<\/p>\n<ul class=\"list-inline prod-list\">\n<li><a href=\"mailto:contact@jacqueslacoste.com?subject= Price upon request : Max Ingrand - Model 2344 lamp, circa 1960 &body=https:www.jacqueslacoste.com\/en\/max-ingrand\/model-2344-lamp-circa-1960\/\">Price upon request<\/a><\/li>\n<li><a href=\"mailto:?subject=Max Ingrand - Model 2344 lamp, circa 1960 &body=https:\/\/www.jacqueslacoste.com\/en\/max-ingrand\/model-2344-lamp-circa-1960\/\">SHARE<\/a><\/li>\n<\/ul>\n<p>[\/vc_column_text][vc_btn title=&#8221;RETOUR&#8221; style=&#8221;classic&#8221; link=&#8221;url:http%3A%2F%2Flynxdemeldyck.fr%2Ffdm05%2Fmax-ingrand%2F|||&#8221;][\/vc_column][\/vc_row]<\/p>\n","protected":false},"excerpt":{"rendered":"<p>[vc_row el_id=&#8221;arianne&#8221;][vc_column][vc_column_text][\/vc_column_text][\/vc_column][\/vc_row][vc_row el_id=&#8221;single-prod&#8221;][vc_column width=&#8221;1\/2&#8243;][vc_gallery type=&#8221;image_grid&#8221; images=&#8221;2910&#8243; img_size=&#8221;full&#8221;][\/vc_column][vc_column width=&#8221;1\/2&#8243; css=&#8221;.vc_custom_1532640885006{padding-left: 20px !important;}&#8221; el_class=&#8221;product-details&#8221;][vc_column_text] MAX INGRAND Model 2344 lamp, circa 1960 Nickeled and brushed brass, satiny opal glass shade, Fontana Arte edition &nbsp; Dimensions : H 22 x \u00f8 13 in. H 57 x \u00f8 32 cm[\/vc_column_text][vc_column_text]Documentation : Catalogue Fontana Arte 1967, model reproduced p. 205[\/vc_column_text][vc_column_text]Bibliographie : [&#8230;]<\/p>\n<p><a class=\"btn btn-secondary understrap-read-more-link\" href=\"https:\/\/www.jacqueslacoste.com\/en\/max-ingrand\/model-2344-lamp-circa-1960\/\">Read More&#8230;<\/a><\/p>\n","protected":false},"author":1,"featured_media":6585,"parent":3605,"menu_order":0,"comment_status":"closed","ping_status":"closed","template":"","meta":{"inline_featured_image":false,"footnotes":""},"class_list":["post-4935","page","type-page","status-publish","has-post-thumbnail","hentry"],"_links":{"self":[{"href":"https:\/\/www.jacqueslacoste.com\/en\/wp-json\/wp\/v2\/pages\/4935","targetHints":{"allow":["GET"]}}],"collection":[{"href":"https:\/\/www.jacqueslacoste.com\/en\/wp-json\/wp\/v2\/pages"}],"about":[{"href":"https:\/\/www.jacqueslacoste.com\/en\/wp-json\/wp\/v2\/types\/page"}],"author":[{"embeddable":true,"href":"https:\/\/www.jacqueslacoste.com\/en\/wp-json\/wp\/v2\/users\/1"}],"replies":[{"embeddable":true,"href":"https:\/\/www.jacqueslacoste.com\/en\/wp-json\/wp\/v2\/comments?post=4935"}],"version-history":[{"count":1,"href":"https:\/\/www.jacqueslacoste.com\/en\/wp-json\/wp\/v2\/pages\/4935\/revisions"}],"predecessor-version":[{"id":24426,"href":"https:\/\/www.jacqueslacoste.com\/en\/wp-json\/wp\/v2\/pages\/4935\/revisions\/24426"}],"up":[{"embeddable":true,"href":"https:\/\/www.jacqueslacoste.com\/en\/wp-json\/wp\/v2\/pages\/3605"}],"wp:featuredmedia":[{"embeddable":true,"href":"https:\/\/www.jacqueslacoste.com\/en\/wp-json\/wp\/v2\/media\/6585"}],"wp:attachment":[{"href":"https:\/\/www.jacqueslacoste.com\/en\/wp-json\/wp\/v2\/media?parent=4935"}],"curies":[{"name":"wp","href":"https:\/\/api.w.org\/{rel}","templated":true}]}}