{"id":50032,"date":"2024-01-18T12:40:19","date_gmt":"2024-01-18T11:40:19","guid":{"rendered":"https:\/\/www.jacqueslacoste.com\/?page_id=50032"},"modified":"2024-01-18T12:40:19","modified_gmt":"2024-01-18T11:40:19","slug":"maurice-dufrene-1876-1955-edite-par-la-maitrise-covered-pot-circa-1920","status":"publish","type":"page","link":"https:\/\/www.jacqueslacoste.com\/en\/other-creators-1900-1950\/maurice-dufrene-1876-1955-edite-par-la-maitrise-covered-pot-circa-1920\/","title":{"rendered":"Maurice DUFR\u00c8NE (1876-1955) &#038; \u00e9dit\u00e9 par LA MA\u00ceTRISE, Covered pot, circa 1920"},"content":{"rendered":"<p>[vc_row el_id=&#8221;arianne&#8221;][vc_column][vc_column_text]<nav aria-label=\"breadcrumbs\">\n            <div class=\"breadcrumb-container theme1\">\n                <ol>\n                                    <\/ol>\n            <\/div>\n        <\/nav>    <script type=\"application\/ld+json\">\n        {\n            \"@context\": \"http:\/\/schema.org\",\n            \"@type\": \"BreadcrumbList\",\n            \"itemListElement\": [\n                            ]\n        }\n    <\/script>\n   \n    <script>\n            <\/script>\n[\/vc_column_text][\/vc_column][\/vc_row][vc_row el_id=&#8221;single-prod&#8221;][vc_column width=&#8221;1\/2&#8243;][vc_gallery type=&#8221;image_grid&#8221; images=&#8221;50020,50004&#8243; img_size=&#8221;full&#8221;][\/vc_column][vc_column width=&#8221;1\/2&#8243; css=&#8221;.vc_custom_1532640885006{padding-left: 20px !important;}&#8221; el_class=&#8221;product-details&#8221;][vc_column_text]<\/p>\n<h2>Maurice DUFR\u00c8NE(1876-1955) &amp; \u00e9dit\u00e9 par LA MA\u00ceTRISE<\/h2>\n<h3>Covered pot, circa 1920<\/h3>\n<p>Covered pot in white and blue crystal, signed \u201cLa Ma\u00eetrise\u201d under the base<\/p>\n<p>Circa 1920<\/p>\n<p><strong>Dimensions<\/strong> :<br \/>\nH 54 x \u00f8 23 cm \/ H 21,5 x \u00f8 9 in.<\/p>\n<p>&nbsp;<\/p>\n<p><em>R\u00e9f : MDUF007<\/em>[\/vc_column_text][vc_column_text]<\/p>\n<ul class=\"list-inline prod-list\">\n<li><a href=\"mailto:contact@jacqueslacoste.com?subject= Price upon request : Other creators, 1900-1950 - Maurice DUFR\u00c8NE (1876-1955) &#038; \u00e9dit\u00e9 par LA MA\u00ceTRISE, Covered pot, circa 1920 &body=https:www.jacqueslacoste.com\/en\/other-creators-1900-1950\/maurice-dufrene-1876-1955-edite-par-la-maitrise-covered-pot-circa-1920\/\">Price upon request<\/a><\/li>\n<li><a href=\"mailto:?subject=Other creators, 1900-1950 - Maurice DUFR\u00c8NE (1876-1955) &#038; \u00e9dit\u00e9 par LA MA\u00ceTRISE, Covered pot, circa 1920 &body=https:\/\/www.jacqueslacoste.com\/en\/other-creators-1900-1950\/maurice-dufrene-1876-1955-edite-par-la-maitrise-covered-pot-circa-1920\/\">SHARE<\/a><\/li>\n<\/ul>\n<p>[\/vc_column_text][vc_btn title=&#8221;BACK&#8221; style=&#8221;classic&#8221; link=&#8221;url:https%3A%2F%2Fwww.jacqueslacoste.com%2Fen%2Fother-creators-1900-1950%2F|||&#8221;][\/vc_column][\/vc_row]<\/p>\n","protected":false},"excerpt":{"rendered":"<p>[vc_row el_id=&#8221;arianne&#8221;][vc_column][vc_column_text][\/vc_column_text][\/vc_column][\/vc_row][vc_row el_id=&#8221;single-prod&#8221;][vc_column width=&#8221;1\/2&#8243;][vc_gallery type=&#8221;image_grid&#8221; images=&#8221;50020,50004&#8243; img_size=&#8221;full&#8221;][\/vc_column][vc_column width=&#8221;1\/2&#8243; css=&#8221;.vc_custom_1532640885006{padding-left: 20px !important;}&#8221; el_class=&#8221;product-details&#8221;][vc_column_text] Maurice DUFR\u00c8NE(1876-1955) &amp; \u00e9dit\u00e9 par LA MA\u00ceTRISE Covered pot, circa 1920 Covered pot in white and blue crystal, signed \u201cLa Ma\u00eetrise\u201d under the base Circa 1920 Dimensions : H 54 x \u00f8 23 cm \/ H 21,5 x \u00f8 9 in. &nbsp; R\u00e9f [&#8230;]<\/p>\n<p><a class=\"btn btn-secondary understrap-read-more-link\" href=\"https:\/\/www.jacqueslacoste.com\/en\/other-creators-1900-1950\/maurice-dufrene-1876-1955-edite-par-la-maitrise-covered-pot-circa-1920\/\">Read More&#8230;<\/a><\/p>\n","protected":false},"author":6,"featured_media":50023,"parent":3587,"menu_order":0,"comment_status":"closed","ping_status":"closed","template":"","meta":{"inline_featured_image":false,"footnotes":""},"class_list":["post-50032","page","type-page","status-publish","has-post-thumbnail","hentry"],"_links":{"self":[{"href":"https:\/\/www.jacqueslacoste.com\/en\/wp-json\/wp\/v2\/pages\/50032","targetHints":{"allow":["GET"]}}],"collection":[{"href":"https:\/\/www.jacqueslacoste.com\/en\/wp-json\/wp\/v2\/pages"}],"about":[{"href":"https:\/\/www.jacqueslacoste.com\/en\/wp-json\/wp\/v2\/types\/page"}],"author":[{"embeddable":true,"href":"https:\/\/www.jacqueslacoste.com\/en\/wp-json\/wp\/v2\/users\/6"}],"replies":[{"embeddable":true,"href":"https:\/\/www.jacqueslacoste.com\/en\/wp-json\/wp\/v2\/comments?post=50032"}],"version-history":[{"count":1,"href":"https:\/\/www.jacqueslacoste.com\/en\/wp-json\/wp\/v2\/pages\/50032\/revisions"}],"predecessor-version":[{"id":50035,"href":"https:\/\/www.jacqueslacoste.com\/en\/wp-json\/wp\/v2\/pages\/50032\/revisions\/50035"}],"up":[{"embeddable":true,"href":"https:\/\/www.jacqueslacoste.com\/en\/wp-json\/wp\/v2\/pages\/3587"}],"wp:featuredmedia":[{"embeddable":true,"href":"https:\/\/www.jacqueslacoste.com\/en\/wp-json\/wp\/v2\/media\/50023"}],"wp:attachment":[{"href":"https:\/\/www.jacqueslacoste.com\/en\/wp-json\/wp\/v2\/media?parent=50032"}],"curies":[{"name":"wp","href":"https:\/\/api.w.org\/{rel}","templated":true}]}}