{"id":50244,"date":"2024-01-30T10:45:14","date_gmt":"2024-01-30T09:45:14","guid":{"rendered":"https:\/\/www.jacqueslacoste.com\/?page_id=50244"},"modified":"2024-02-01T12:28:17","modified_gmt":"2024-02-01T11:28:17","slug":"les-enfants-terribles","status":"publish","type":"page","link":"https:\/\/www.jacqueslacoste.com\/en\/exhibitions\/les-enfants-terribles\/","title":{"rendered":"LES ENFANTS TERRIBLES"},"content":{"rendered":"<p>[vc_row el_id=&#8221;arianne&#8221;][vc_column][vc_column_text]<nav aria-label=\"breadcrumbs\">\n            <div class=\"breadcrumb-container theme1\">\n                <ol>\n                                    <\/ol>\n            <\/div>\n        <\/nav>    <script type=\"application\/ld+json\">\n        {\n            \"@context\": \"http:\/\/schema.org\",\n            \"@type\": \"BreadcrumbList\",\n            \"itemListElement\": [\n                            ]\n        }\n    <\/script>\n   \n    <script>\n            <\/script>\n[\/vc_column_text][\/vc_column][\/vc_row][vc_row el_id=&#8221;single-prod&#8221;][vc_column width=&#8221;1\/2&#8243;][vc_gallery type=&#8221;image_grid&#8221; images=&#8221;50254,50360,50368,50366,50362,50364,50350,50356,50354,50352,50370&#8243; img_size=&#8221;full&#8221;][\/vc_column][vc_column width=&#8221;1\/2&#8243; el_class=&#8221;product-details&#8221;][vc_column_text]<\/p>\n<h2>LES ENFANTS TERRIBLES<\/h2>\n<h3>February 1st to April 26th, 2024 | New York, NY &#8211; USA<\/h3>\n<p><strong>A show at gallery 56, Lee Mindel, New York<\/strong><\/p>\n<p>&nbsp;<\/p>\n<div class=\"page\" title=\"Page 1\">\n<div class=\"layoutArea\">\n<div class=\"column\">\n<p>New York-based architect and art dealer <strong>Lee Mindel<\/strong> and Paris-based antique dealer <strong>Jacques Lacoste<\/strong> have known and held each other in esteem for some time.\u00a0Their professional and personal relationship is based on a shared interest for the decorative arts as well as their boundless curiosity. This relationship is taking a new turn, in the form of a joint show entitled <strong>\u201cLes Enfants Terribles \u201d<\/strong>.<\/p>\n<p>&nbsp;<\/p>\n<p>While the title refers to the novel published by Jean Cocteau in 1929, which was adapted to the screen by Jean Cocteau and Jean-Pierre Melville in 1950, it also qualifies the two men who joined forces to achieve this project. Indeed both are great professionals known for their sensitive and open-minded approach, as much as for the love of beauty on which their attraction for outstanding designs is based.<\/p>\n<p>&nbsp;<\/p>\n<p>However the \u201choly terrors\u201d designated in the title are first and foremost the designers brought together in this show. Whether architects, decorators or artists, their groundbreaking instinct have inflected the course of 20th- century decorative arts between the second half of the 1920s and the end of the 1950s.<\/p>\n<p>&nbsp;<\/p>\n<p>The highlights of the show include pieces by Pierre CHAREAU, Eileen GRAY, Paul DUPR\u00c9 LAFON, Jean LUCE, Jean ROY\u00c8RE, Jean PROUV\u00c9, Charlotte PERRIAND, LE CORBUSIER, Serge MOUILLE, Max INGRAND, Georges JOUVE, Alexandre NOLL, Mathieu MAT\u00c9GOT and Denise GATARD, in addition to sculptures by Antoine PONCET.<\/p>\n<p>&nbsp;<\/p>\n<\/div>\n<p>Galerie 56<br \/>\n56 Leonard Street \/ 240 Church Street, New York, NY 10013<\/p>\n<p><a href=\"http:\/\/www.galerie56.com\">www.galerie56.com<\/a><\/p>\n<\/div>\n<\/div>\n<p>[\/vc_column_text][vc_btn title=&#8221;BACK&#8221; style=&#8221;classic&#8221; link=&#8221;url:https%3A%2F%2Fwww.jacqueslacoste.com%2Fexpositions%2F|||&#8221;][\/vc_column][\/vc_row]<\/p>\n","protected":false},"excerpt":{"rendered":"<p>[vc_row el_id=&#8221;arianne&#8221;][vc_column][vc_column_text][\/vc_column_text][\/vc_column][\/vc_row][vc_row el_id=&#8221;single-prod&#8221;][vc_column width=&#8221;1\/2&#8243;][vc_gallery type=&#8221;image_grid&#8221; images=&#8221;50254,50360,50368,50366,50362,50364,50350,50356,50354,50352,50370&#8243; img_size=&#8221;full&#8221;][\/vc_column][vc_column width=&#8221;1\/2&#8243; el_class=&#8221;product-details&#8221;][vc_column_text] LES ENFANTS TERRIBLES February 1st to April 26th, 2024 | New York, NY &#8211; USA A show at gallery 56, Lee Mindel, New York &nbsp; New York-based architect and art dealer Lee Mindel and Paris-based antique dealer Jacques Lacoste have known and held each other in [&#8230;]<\/p>\n<p><a class=\"btn btn-secondary understrap-read-more-link\" href=\"https:\/\/www.jacqueslacoste.com\/en\/exhibitions\/les-enfants-terribles\/\">Read More&#8230;<\/a><\/p>\n","protected":false},"author":6,"featured_media":50252,"parent":3327,"menu_order":0,"comment_status":"closed","ping_status":"closed","template":"","meta":{"inline_featured_image":false,"footnotes":""},"class_list":["post-50244","page","type-page","status-publish","has-post-thumbnail","hentry"],"_links":{"self":[{"href":"https:\/\/www.jacqueslacoste.com\/en\/wp-json\/wp\/v2\/pages\/50244","targetHints":{"allow":["GET"]}}],"collection":[{"href":"https:\/\/www.jacqueslacoste.com\/en\/wp-json\/wp\/v2\/pages"}],"about":[{"href":"https:\/\/www.jacqueslacoste.com\/en\/wp-json\/wp\/v2\/types\/page"}],"author":[{"embeddable":true,"href":"https:\/\/www.jacqueslacoste.com\/en\/wp-json\/wp\/v2\/users\/6"}],"replies":[{"embeddable":true,"href":"https:\/\/www.jacqueslacoste.com\/en\/wp-json\/wp\/v2\/comments?post=50244"}],"version-history":[{"count":13,"href":"https:\/\/www.jacqueslacoste.com\/en\/wp-json\/wp\/v2\/pages\/50244\/revisions"}],"predecessor-version":[{"id":50372,"href":"https:\/\/www.jacqueslacoste.com\/en\/wp-json\/wp\/v2\/pages\/50244\/revisions\/50372"}],"up":[{"embeddable":true,"href":"https:\/\/www.jacqueslacoste.com\/en\/wp-json\/wp\/v2\/pages\/3327"}],"wp:featuredmedia":[{"embeddable":true,"href":"https:\/\/www.jacqueslacoste.com\/en\/wp-json\/wp\/v2\/media\/50252"}],"wp:attachment":[{"href":"https:\/\/www.jacqueslacoste.com\/en\/wp-json\/wp\/v2\/media?parent=50244"}],"curies":[{"name":"wp","href":"https:\/\/api.w.org\/{rel}","templated":true}]}}