{"id":50614,"date":"2024-02-09T15:10:51","date_gmt":"2024-02-09T14:10:51","guid":{"rendered":"https:\/\/www.jacqueslacoste.com\/?page_id=50614"},"modified":"2024-08-26T15:22:24","modified_gmt":"2024-08-26T13:22:24","slug":"jean-perzel-paire-de-lampes-circa-1928","status":"publish","type":"page","link":"https:\/\/www.jacqueslacoste.com\/en\/other-creators-1900-1950\/jean-perzel-paire-de-lampes-circa-1928\/","title":{"rendered":"Jean Perzel, Pair of &#8220;313 bis&#8221; model lamps, circa 1930-1938"},"content":{"rendered":"<p>[vc_row el_id=&#8221;arianne&#8221;][vc_column][vc_column_text]<nav aria-label=\"breadcrumbs\">\n            <div class=\"breadcrumb-container theme1\">\n                <ol>\n                                    <\/ol>\n            <\/div>\n        <\/nav>    <script type=\"application\/ld+json\">\n        {\n            \"@context\": \"http:\/\/schema.org\",\n            \"@type\": \"BreadcrumbList\",\n            \"itemListElement\": [\n                            ]\n        }\n    <\/script>\n   \n    <script>\n            <\/script>\n[\/vc_column_text][\/vc_column][\/vc_row][vc_row el_id=&#8221;single-prod&#8221;][vc_column width=&#8221;1\/2&#8243;][vc_gallery type=&#8221;image_grid&#8221; images=&#8221;50634,50630&#8243; img_size=&#8221;full&#8221;][\/vc_column][vc_column width=&#8221;1\/2&#8243; css=&#8221;.vc_custom_1532640885006{padding-left: 20px !important;}&#8221; el_class=&#8221;product-details&#8221;][vc_column_text]<\/p>\n<h2>JEAN PERZEL (1892-1986)<br \/>\nEdition Atelier Perzel<\/h2>\n<h3>Pair of &#8220;313 bis&#8221; model lamps, circa 1930-1938<\/h3>\n<p>In pinkish-white opaline glass and chromed metal, publisher&#8217;s stamp on base<\/p>\n<p>&nbsp;<\/p>\n<p><strong>Dimensions<\/strong> :<br \/>\nH 26 x \u00f8 17 cm<br \/>\nH 10,5 x \u00f8 7 in.<\/p>\n<p>&nbsp;<\/p>\n<p><em>R\u00e9f : JPE020<\/em>[\/vc_column_text][vc_column_text]<\/p>\n<ul class=\"list-inline prod-list\">\n<li><a href=\"mailto:contact@jacqueslacoste.com?subject= Price upon request : Other creators, 1900-1950 - Jean Perzel, Pair of &#8220;313 bis&#8221; model lamps, circa 1930-1938 &body=https:www.jacqueslacoste.com\/en\/other-creators-1900-1950\/jean-perzel-paire-de-lampes-circa-1928\/\">Price upon request<\/a><\/li>\n<li><a href=\"mailto:?subject=Other creators, 1900-1950 - Jean Perzel, Pair of &#8220;313 bis&#8221; model lamps, circa 1930-1938 &body=https:\/\/www.jacqueslacoste.com\/en\/other-creators-1900-1950\/jean-perzel-paire-de-lampes-circa-1928\/\">SHARE<\/a><\/li>\n<\/ul>\n<p>[\/vc_column_text][vc_btn title=&#8221;BACK&#8221; style=&#8221;classic&#8221; link=&#8221;url:https%3A%2F%2Fwww.jacqueslacoste.com%2Fen%2Fother-creators-1900-1950%2F|||&#8221;][\/vc_column][\/vc_row]<\/p>\n","protected":false},"excerpt":{"rendered":"<p>[vc_row el_id=&#8221;arianne&#8221;][vc_column][vc_column_text][\/vc_column_text][\/vc_column][\/vc_row][vc_row el_id=&#8221;single-prod&#8221;][vc_column width=&#8221;1\/2&#8243;][vc_gallery type=&#8221;image_grid&#8221; images=&#8221;50634,50630&#8243; img_size=&#8221;full&#8221;][\/vc_column][vc_column width=&#8221;1\/2&#8243; css=&#8221;.vc_custom_1532640885006{padding-left: 20px !important;}&#8221; el_class=&#8221;product-details&#8221;][vc_column_text] JEAN PERZEL (1892-1986) Edition Atelier Perzel Pair of &#8220;313 bis&#8221; model lamps, circa 1930-1938 In pinkish-white opaline glass and chromed metal, publisher&#8217;s stamp on base &nbsp; Dimensions : H 26 x \u00f8 17 cm H 10,5 x \u00f8 7 in. &nbsp; R\u00e9f : [&#8230;]<\/p>\n<p><a class=\"btn btn-secondary understrap-read-more-link\" href=\"https:\/\/www.jacqueslacoste.com\/en\/other-creators-1900-1950\/jean-perzel-paire-de-lampes-circa-1928\/\">Read More&#8230;<\/a><\/p>\n","protected":false},"author":6,"featured_media":50661,"parent":3587,"menu_order":0,"comment_status":"closed","ping_status":"closed","template":"","meta":{"inline_featured_image":false,"footnotes":""},"class_list":["post-50614","page","type-page","status-publish","has-post-thumbnail","hentry"],"_links":{"self":[{"href":"https:\/\/www.jacqueslacoste.com\/en\/wp-json\/wp\/v2\/pages\/50614","targetHints":{"allow":["GET"]}}],"collection":[{"href":"https:\/\/www.jacqueslacoste.com\/en\/wp-json\/wp\/v2\/pages"}],"about":[{"href":"https:\/\/www.jacqueslacoste.com\/en\/wp-json\/wp\/v2\/types\/page"}],"author":[{"embeddable":true,"href":"https:\/\/www.jacqueslacoste.com\/en\/wp-json\/wp\/v2\/users\/6"}],"replies":[{"embeddable":true,"href":"https:\/\/www.jacqueslacoste.com\/en\/wp-json\/wp\/v2\/comments?post=50614"}],"version-history":[{"count":8,"href":"https:\/\/www.jacqueslacoste.com\/en\/wp-json\/wp\/v2\/pages\/50614\/revisions"}],"predecessor-version":[{"id":57839,"href":"https:\/\/www.jacqueslacoste.com\/en\/wp-json\/wp\/v2\/pages\/50614\/revisions\/57839"}],"up":[{"embeddable":true,"href":"https:\/\/www.jacqueslacoste.com\/en\/wp-json\/wp\/v2\/pages\/3587"}],"wp:featuredmedia":[{"embeddable":true,"href":"https:\/\/www.jacqueslacoste.com\/en\/wp-json\/wp\/v2\/media\/50661"}],"wp:attachment":[{"href":"https:\/\/www.jacqueslacoste.com\/en\/wp-json\/wp\/v2\/media?parent=50614"}],"curies":[{"name":"wp","href":"https:\/\/api.w.org\/{rel}","templated":true}]}}