{"id":52003,"date":"2024-04-02T17:36:00","date_gmt":"2024-04-02T15:36:00","guid":{"rendered":"https:\/\/www.jacqueslacoste.com\/?page_id=52003"},"modified":"2024-09-23T11:38:30","modified_gmt":"2024-09-23T09:38:30","slug":"pad-paris-2024","status":"publish","type":"page","link":"https:\/\/www.jacqueslacoste.com\/en\/pad-paris-2024\/","title":{"rendered":"PAD PARIS 2024"},"content":{"rendered":"<p>[vc_row el_id=&#8221;arianne&#8221;][vc_column][vc_column_text]<nav aria-label=\"breadcrumbs\">\n            <div class=\"breadcrumb-container theme1\">\n                <ol>\n                                    <\/ol>\n            <\/div>\n        <\/nav>    <script type=\"application\/ld+json\">\n        {\n            \"@context\": \"http:\/\/schema.org\",\n            \"@type\": \"BreadcrumbList\",\n            \"itemListElement\": [\n                            ]\n        }\n    <\/script>\n   \n    <script>\n            <\/script>\n[\/vc_column_text][\/vc_column][\/vc_row][vc_row el_id=&#8221;single-prod&#8221;][vc_column width=&#8221;1\/2&#8243;][vc_gallery type=&#8221;image_grid&#8221; images=&#8221;52020,52054,52058,52062,52068,52076,52074,52072,52070,52064,52056&#8243; img_size=&#8221;full&#8221;][\/vc_column][vc_column width=&#8221;1\/2&#8243; el_class=&#8221;product-details&#8221;][vc_column_text]<\/p>\n<h2>PAD PARIS<\/h2>\n<h3>Paris &#8211; France<\/h3>\n<p>JARDIN DES TUILERIES, entr\u00e9e face \u00e0 la rue Castiglione, 75001 Paris<\/p>\n<p>&nbsp;<\/p>\n<p style=\"text-align: justify;\"><b>SHOWCASING THE POST-WAR LUXURY<\/b><\/p>\n<p style=\"text-align: left;\">Jacques Lacoste gallery is delighted to announce it will participate in PAD Paris 2024 due to be held in Jardin des Tuileries from 3 to 7 April.<\/p>\n<p style=\"text-align: left;\">For this new Paris edition the gallery will focus on French style from the Immediate post-war, defined by the Art deco legacy as it emerged at the 1937 Paris World Fair and kept flourishing until the 1950s.<\/p>\n<p>The selection will highlight the wide range of inspirations and the importance of this pivotal moment in the history of 20th-century decorative arts.<\/p>\n<div class=\"page\" title=\"Page 2\">\n<div class=\"section\">\n<div class=\"layoutArea\">\n<div class=\"column\">\n<p style=\"text-align: left;\">Among the pieces on display will be a set of pieces by <strong>Gilbert Poillerat<\/strong> including a coffee table basse in marble and wrought iron (circa 1937), a pair of wall lights in brown and glided wrought iron fer forg\u00e9 brun with a sun-shaped base (circa 1940), a great wrought iron chandelier executed for the Compagnie des arts fran\u00e7ais (circa 1945). Also on display will be a set of pieces by <strong>Andr\u00e9 Arbus<\/strong>, an exceptional octogo- nal mirror by <strong>Serge Roche<\/strong> (formerly in the collection of the artist\u2019s relatives). On top of these designs by <strong>Raymond Subes<\/strong>, <strong>Jean-Michel Frank<\/strong>, <strong>Max Ingrand<\/strong>, <strong>Georges Jouve<\/strong> will be shown.<\/p>\n<p>&nbsp;<\/p>\n<p style=\"text-align: left;\"><em>Texte :<br \/>\nFrancoise-Claire Prodhon <\/em><strong><em>\/ <\/em><\/strong><em>Traduction : Blandine Chambost<\/em><\/p>\n<p style=\"text-align: left;\">Courtesy Galerie Jacques Lacoste \u00a9 Herv\u00e9 Lewandowski<\/p>\n<p style=\"text-align: left;\"><em>\u00a9 Adagp, Paris, 2024<\/em><\/p>\n<\/div>\n<\/div>\n<\/div>\n<\/div>\n<p>[\/vc_column_text][vc_column_text]<\/p>\n<ul class=\"list-inline prod-list\">\n<li><a href=\"mailto:?subject=PAD PARIS 2024 - PAD PARIS 2024 &body=https:\/\/www.jacqueslacoste.com\/en\/pad-paris-2024\/\">SHARE<\/a><\/li>\n<\/ul>\n<p>[\/vc_column_text][vc_btn title=&#8221;BACK&#8221; style=&#8221;classic&#8221; link=&#8221;url:http%3A%2F%2Flynxdemeldyck.fr%2Ffdm05%2Fexpositions%2F|||&#8221;][\/vc_column][\/vc_row]<\/p>\n","protected":false},"excerpt":{"rendered":"<p>[vc_row el_id=&#8221;arianne&#8221;][vc_column][vc_column_text][\/vc_column_text][\/vc_column][\/vc_row][vc_row el_id=&#8221;single-prod&#8221;][vc_column width=&#8221;1\/2&#8243;][vc_gallery type=&#8221;image_grid&#8221; images=&#8221;52020,52054,52058,52062,52068,52076,52074,52072,52070,52064,52056&#8243; img_size=&#8221;full&#8221;][\/vc_column][vc_column width=&#8221;1\/2&#8243; el_class=&#8221;product-details&#8221;][vc_column_text] PAD PARIS Paris &#8211; France JARDIN DES TUILERIES, entr\u00e9e face \u00e0 la rue Castiglione, 75001 Paris &nbsp; SHOWCASING THE POST-WAR LUXURY Jacques Lacoste gallery is delighted to announce it will participate in PAD Paris 2024 due to be held in Jardin des Tuileries from 3 to [&#8230;]<\/p>\n<p><a class=\"btn btn-secondary understrap-read-more-link\" href=\"https:\/\/www.jacqueslacoste.com\/en\/pad-paris-2024\/\">Read More&#8230;<\/a><\/p>\n","protected":false},"author":6,"featured_media":0,"parent":0,"menu_order":0,"comment_status":"closed","ping_status":"closed","template":"","meta":{"inline_featured_image":false,"footnotes":""},"class_list":["post-52003","page","type-page","status-publish","hentry"],"_links":{"self":[{"href":"https:\/\/www.jacqueslacoste.com\/en\/wp-json\/wp\/v2\/pages\/52003","targetHints":{"allow":["GET"]}}],"collection":[{"href":"https:\/\/www.jacqueslacoste.com\/en\/wp-json\/wp\/v2\/pages"}],"about":[{"href":"https:\/\/www.jacqueslacoste.com\/en\/wp-json\/wp\/v2\/types\/page"}],"author":[{"embeddable":true,"href":"https:\/\/www.jacqueslacoste.com\/en\/wp-json\/wp\/v2\/users\/6"}],"replies":[{"embeddable":true,"href":"https:\/\/www.jacqueslacoste.com\/en\/wp-json\/wp\/v2\/comments?post=52003"}],"version-history":[{"count":7,"href":"https:\/\/www.jacqueslacoste.com\/en\/wp-json\/wp\/v2\/pages\/52003\/revisions"}],"predecessor-version":[{"id":58835,"href":"https:\/\/www.jacqueslacoste.com\/en\/wp-json\/wp\/v2\/pages\/52003\/revisions\/58835"}],"wp:attachment":[{"href":"https:\/\/www.jacqueslacoste.com\/en\/wp-json\/wp\/v2\/media?parent=52003"}],"curies":[{"name":"wp","href":"https:\/\/api.w.org\/{rel}","templated":true}]}}