{"id":52337,"date":"2024-04-12T15:26:35","date_gmt":"2024-04-12T13:26:35","guid":{"rendered":"https:\/\/www.jacqueslacoste.com\/?page_id=52337"},"modified":"2024-04-12T15:30:15","modified_gmt":"2024-04-12T13:30:15","slug":"janette-laverriere-commode-circa-1953","status":"publish","type":"page","link":"https:\/\/www.jacqueslacoste.com\/en\/autres-createurs-apres-1950\/janette-laverriere-commode-circa-1953\/","title":{"rendered":"Janette LAVERRI\u00c8RE, Commode, circa 1953"},"content":{"rendered":"<p>[vc_row el_id=&#8221;arianne&#8221;][vc_column][vc_column_text]<nav aria-label=\"breadcrumbs\">\n            <div class=\"breadcrumb-container theme1\">\n                <ol>\n                                    <\/ol>\n            <\/div>\n        <\/nav>    <script type=\"application\/ld+json\">\n        {\n            \"@context\": \"http:\/\/schema.org\",\n            \"@type\": \"BreadcrumbList\",\n            \"itemListElement\": [\n                            ]\n        }\n    <\/script>\n   \n    <script>\n            <\/script>\n[\/vc_column_text][\/vc_column][\/vc_row][vc_row el_id=&#8221;single-prod&#8221;][vc_column width=&#8221;1\/2&#8243;][vc_gallery type=&#8221;image_grid&#8221; images=&#8221;52333&#8243; img_size=&#8221;full&#8221;][\/vc_column][vc_column width=&#8221;1\/2&#8243; css=&#8221;.vc_custom_1532640885006{padding-left: 20px !important;}&#8221; el_class=&#8221;product-details&#8221;][vc_column_text]<\/p>\n<h2>Janette LAVERRI\u00c8RE (1909-2011)<\/h2>\n<h3>Chest of drawers, circa 1953<\/h3>\n<p>Chest of drawers in oak, ash, poplar and patinated brass<\/p>\n<p>&nbsp;<\/p>\n<p><strong>Dimensions<\/strong> :<br \/>\nH 87 x L 127 x P 52,5 cm \/ 34,5 x W 50 x D 21 in.<\/p>\n<p>&nbsp;<\/p>\n<p><strong>Provenance :<br \/>\n<\/strong>Collection priv\u00e9e, France, directement command\u00e9e aupr\u00e8s de l\u2019artiste, dans la famille par descendance<\/p>\n<p>&nbsp;<\/p>\n<p><em>R\u00e9f : JLA004<\/em>[\/vc_column_text][vc_column_text]<\/p>\n<ul class=\"list-inline prod-list\">\n<li><a href=\"mailto:contact@jacqueslacoste.com?subject= Price upon request : Other creators, after 1950 - Janette LAVERRI\u00c8RE, Commode, circa 1953 &body=https:www.jacqueslacoste.com\/en\/autres-createurs-apres-1950\/janette-laverriere-commode-circa-1953\/\">Price upon request<\/a><\/li>\n<li><a href=\"mailto:?subject=Other creators, after 1950 - Janette LAVERRI\u00c8RE, Commode, circa 1953 &body=https:\/\/www.jacqueslacoste.com\/en\/autres-createurs-apres-1950\/janette-laverriere-commode-circa-1953\/\">SHARE<\/a><\/li>\n<\/ul>\n<p>[\/vc_column_text][vc_btn title=&#8221;RETOUR&#8221; style=&#8221;classic&#8221; link=&#8221;url:https%3A%2F%2Fwww.jacqueslacoste.com%2Fautres-createurs-apres-1950%2F|||&#8221;][\/vc_column][\/vc_row]<\/p>\n","protected":false},"excerpt":{"rendered":"<p>[vc_row el_id=&#8221;arianne&#8221;][vc_column][vc_column_text][\/vc_column_text][\/vc_column][\/vc_row][vc_row el_id=&#8221;single-prod&#8221;][vc_column width=&#8221;1\/2&#8243;][vc_gallery type=&#8221;image_grid&#8221; images=&#8221;52333&#8243; img_size=&#8221;full&#8221;][\/vc_column][vc_column width=&#8221;1\/2&#8243; css=&#8221;.vc_custom_1532640885006{padding-left: 20px !important;}&#8221; el_class=&#8221;product-details&#8221;][vc_column_text] Janette LAVERRI\u00c8RE (1909-2011) Chest of drawers, circa 1953 Chest of drawers in oak, ash, poplar and patinated brass &nbsp; Dimensions : H 87 x L 127 x P 52,5 cm \/ 34,5 x W 50 x D 21 in. &nbsp; Provenance : Collection [&#8230;]<\/p>\n<p><a class=\"btn btn-secondary understrap-read-more-link\" href=\"https:\/\/www.jacqueslacoste.com\/en\/autres-createurs-apres-1950\/janette-laverriere-commode-circa-1953\/\">Read More&#8230;<\/a><\/p>\n","protected":false},"author":6,"featured_media":52336,"parent":3589,"menu_order":0,"comment_status":"closed","ping_status":"closed","template":"","meta":{"inline_featured_image":false,"footnotes":""},"class_list":["post-52337","page","type-page","status-publish","has-post-thumbnail","hentry"],"_links":{"self":[{"href":"https:\/\/www.jacqueslacoste.com\/en\/wp-json\/wp\/v2\/pages\/52337","targetHints":{"allow":["GET"]}}],"collection":[{"href":"https:\/\/www.jacqueslacoste.com\/en\/wp-json\/wp\/v2\/pages"}],"about":[{"href":"https:\/\/www.jacqueslacoste.com\/en\/wp-json\/wp\/v2\/types\/page"}],"author":[{"embeddable":true,"href":"https:\/\/www.jacqueslacoste.com\/en\/wp-json\/wp\/v2\/users\/6"}],"replies":[{"embeddable":true,"href":"https:\/\/www.jacqueslacoste.com\/en\/wp-json\/wp\/v2\/comments?post=52337"}],"version-history":[{"count":3,"href":"https:\/\/www.jacqueslacoste.com\/en\/wp-json\/wp\/v2\/pages\/52337\/revisions"}],"predecessor-version":[{"id":52340,"href":"https:\/\/www.jacqueslacoste.com\/en\/wp-json\/wp\/v2\/pages\/52337\/revisions\/52340"}],"up":[{"embeddable":true,"href":"https:\/\/www.jacqueslacoste.com\/en\/wp-json\/wp\/v2\/pages\/3589"}],"wp:featuredmedia":[{"embeddable":true,"href":"https:\/\/www.jacqueslacoste.com\/en\/wp-json\/wp\/v2\/media\/52336"}],"wp:attachment":[{"href":"https:\/\/www.jacqueslacoste.com\/en\/wp-json\/wp\/v2\/media?parent=52337"}],"curies":[{"name":"wp","href":"https:\/\/api.w.org\/{rel}","templated":true}]}}