{"id":52515,"date":"2024-05-03T16:18:47","date_gmt":"2024-05-03T14:18:47","guid":{"rendered":"https:\/\/www.jacqueslacoste.com\/?page_id=52515"},"modified":"2025-10-14T16:32:19","modified_gmt":"2025-10-14T14:32:19","slug":"jean-dunand-lizard-panel-circa-1922","status":"publish","type":"page","link":"https:\/\/www.jacqueslacoste.com\/en\/jean-dunand\/jean-dunand-lizard-panel-circa-1922\/","title":{"rendered":"Jean Dunand \u201cLizard\u201d panel , circa 1922"},"content":{"rendered":"<p>[vc_row el_id=&#8221;arianne&#8221;][vc_column][vc_column_text]<nav aria-label=\"breadcrumbs\">\n            <div class=\"breadcrumb-container theme1\">\n                <ol>\n                                    <\/ol>\n            <\/div>\n        <\/nav>    <script type=\"application\/ld+json\">\n        {\n            \"@context\": \"http:\/\/schema.org\",\n            \"@type\": \"BreadcrumbList\",\n            \"itemListElement\": [\n                            ]\n        }\n    <\/script>\n   \n    <script>\n            <\/script>\n[\/vc_column_text][\/vc_column][\/vc_row][vc_row el_id=&#8221;single-prod&#8221;][vc_column width=&#8221;1\/2&#8243;][vc_gallery type=&#8221;image_grid&#8221; images=&#8221;52512,72919&#8243; img_size=&#8221;full&#8221;][\/vc_column][vc_column width=&#8221;1\/2&#8243; css=&#8221;.vc_custom_1532640885006{padding-left: 20px !important;}&#8221; el_class=&#8221;product-details&#8221;][vc_column_text]<\/p>\n<h2>Jean DUNAND (1877-1942)<\/h2>\n<h3>\u201cLizard\u201d panel, circa 1922<\/h3>\n<p>In lacquered wood, gold and silver, and mother-of-pearl inlays,<br \/>\nSigned and stamped &#8220;Jean Dunand Laqueur&#8221; lower right, after a drawing by Jean Lambert- Rucki<\/p>\n<p>&nbsp;<\/p>\n<p><strong>Dimensions<\/strong> :<br \/>\nH 57 x L 74 cm<br \/>\nH 22.4 x W 29.1 in.<\/p>\n<p>&nbsp;<\/p>\n<p><strong>Exhibition :<br \/>\n<\/strong>Galerie Georges Petit, Paris, 1922, n\u00b0103.<br \/>\nGalerie Georges Petit, Paris, 1924, n\u00b033.<\/p>\n<p>&nbsp;<\/p>\n<p><strong>Bibliography :<br \/>\n<\/strong>Am\u00e9lie Marcilhac, Jean Dunand, Paris, \u00c9ditions Norma, 2020, cit\u00e9 p. 242.<\/p>\n<p>&nbsp;<\/p>\n<p><em>R\u00e9f : JD022<\/em>[\/vc_column_text][vc_column_text]<\/p>\n<ul class=\"list-inline prod-list\">\n<li><a href=\"mailto:contact@jacqueslacoste.com?subject= Price upon request : Jean Dunand - Jean Dunand \u201cLizard\u201d panel , circa 1922 &body=https:www.jacqueslacoste.com\/en\/jean-dunand\/jean-dunand-lizard-panel-circa-1922\/\">Price upon request<\/a><\/li>\n<li><a href=\"mailto:?subject=Jean Dunand - Jean Dunand \u201cLizard\u201d panel , circa 1922 &body=https:\/\/www.jacqueslacoste.com\/en\/jean-dunand\/jean-dunand-lizard-panel-circa-1922\/\">SHARE<\/a><\/li>\n<\/ul>\n<p>[\/vc_column_text][vc_btn title=&#8221;BACK&#8221; style=&#8221;classic&#8221; link=&#8221;url:https%3A%2F%2Fwww.jacqueslacoste.com%2Fen%2Fjean-dunand%2F|||&#8221;][\/vc_column][\/vc_row]<\/p>\n","protected":false},"excerpt":{"rendered":"<p>[vc_row el_id=&#8221;arianne&#8221;][vc_column][vc_column_text][\/vc_column_text][\/vc_column][\/vc_row][vc_row el_id=&#8221;single-prod&#8221;][vc_column width=&#8221;1\/2&#8243;][vc_gallery type=&#8221;image_grid&#8221; images=&#8221;52512,72919&#8243; img_size=&#8221;full&#8221;][\/vc_column][vc_column width=&#8221;1\/2&#8243; css=&#8221;.vc_custom_1532640885006{padding-left: 20px !important;}&#8221; el_class=&#8221;product-details&#8221;][vc_column_text] Jean DUNAND (1877-1942) \u201cLizard\u201d panel, circa 1922 In lacquered wood, gold and silver, and mother-of-pearl inlays, Signed and stamped &#8220;Jean Dunand Laqueur&#8221; lower right, after a drawing by Jean Lambert- Rucki &nbsp; Dimensions : H 57 x L 74 cm H 22.4 x [&#8230;]<\/p>\n<p><a class=\"btn btn-secondary understrap-read-more-link\" href=\"https:\/\/www.jacqueslacoste.com\/en\/jean-dunand\/jean-dunand-lizard-panel-circa-1922\/\">Read More&#8230;<\/a><\/p>\n","protected":false},"author":6,"featured_media":52511,"parent":7188,"menu_order":0,"comment_status":"closed","ping_status":"closed","template":"","meta":{"inline_featured_image":false,"footnotes":""},"class_list":["post-52515","page","type-page","status-publish","has-post-thumbnail","hentry"],"_links":{"self":[{"href":"https:\/\/www.jacqueslacoste.com\/en\/wp-json\/wp\/v2\/pages\/52515","targetHints":{"allow":["GET"]}}],"collection":[{"href":"https:\/\/www.jacqueslacoste.com\/en\/wp-json\/wp\/v2\/pages"}],"about":[{"href":"https:\/\/www.jacqueslacoste.com\/en\/wp-json\/wp\/v2\/types\/page"}],"author":[{"embeddable":true,"href":"https:\/\/www.jacqueslacoste.com\/en\/wp-json\/wp\/v2\/users\/6"}],"replies":[{"embeddable":true,"href":"https:\/\/www.jacqueslacoste.com\/en\/wp-json\/wp\/v2\/comments?post=52515"}],"version-history":[{"count":5,"href":"https:\/\/www.jacqueslacoste.com\/en\/wp-json\/wp\/v2\/pages\/52515\/revisions"}],"predecessor-version":[{"id":72942,"href":"https:\/\/www.jacqueslacoste.com\/en\/wp-json\/wp\/v2\/pages\/52515\/revisions\/72942"}],"up":[{"embeddable":true,"href":"https:\/\/www.jacqueslacoste.com\/en\/wp-json\/wp\/v2\/pages\/7188"}],"wp:featuredmedia":[{"embeddable":true,"href":"https:\/\/www.jacqueslacoste.com\/en\/wp-json\/wp\/v2\/media\/52511"}],"wp:attachment":[{"href":"https:\/\/www.jacqueslacoste.com\/en\/wp-json\/wp\/v2\/media?parent=52515"}],"curies":[{"name":"wp","href":"https:\/\/api.w.org\/{rel}","templated":true}]}}