{"id":52748,"date":"2024-05-10T16:51:30","date_gmt":"2024-05-10T14:51:30","guid":{"rendered":"https:\/\/www.jacqueslacoste.com\/?page_id=52748"},"modified":"2024-05-15T16:02:55","modified_gmt":"2024-05-15T14:02:55","slug":"gustave-gautier-ensemble-de-trois-tables-gigognes-circa-1950","status":"publish","type":"page","link":"https:\/\/www.jacqueslacoste.com\/en\/autres-createurs-apres-1950\/gustave-gautier-ensemble-de-trois-tables-gigognes-circa-1950\/","title":{"rendered":"Gustave Gautier, set of three nesting tables, circa 1950"},"content":{"rendered":"<p>[vc_row el_id=&#8221;arianne&#8221;][vc_column][vc_column_text]<nav aria-label=\"breadcrumbs\">\n            <div class=\"breadcrumb-container theme1\">\n                <ol>\n                                    <\/ol>\n            <\/div>\n        <\/nav>    <script type=\"application\/ld+json\">\n        {\n            \"@context\": \"http:\/\/schema.org\",\n            \"@type\": \"BreadcrumbList\",\n            \"itemListElement\": [\n                            ]\n        }\n    <\/script>\n   \n    <script>\n            <\/script>\n[\/vc_column_text][\/vc_column][\/vc_row][vc_row el_id=&#8221;single-prod&#8221;][vc_column width=&#8221;1\/2&#8243;][vc_gallery type=&#8221;image_grid&#8221; images=&#8221;52742&#8243; img_size=&#8221;full&#8221;][\/vc_column][vc_column width=&#8221;1\/2&#8243; css=&#8221;.vc_custom_1532640885006{padding-left: 20px !important;}&#8221; el_class=&#8221;product-details&#8221;][vc_column_text]<\/p>\n<h2>Gustave GAUTIER (1911-1980)<\/h2>\n<h3>Set of three nesting tables, circa 1950<\/h3>\n<p>In oak and glass tops<\/p>\n<p>&nbsp;<\/p>\n<p><strong>Dimensions<\/strong> :<br \/>\nGrande : H 50 x L 107 x P 30 cm \/ H 19.7 x W 42.1 x D 11.8 in.<br \/>\nMoyenne : H 41,5 x L 85 x P 30 cm \/ H 16.3 x W 33.5 x D 11.8 in.<br \/>\nPetite : H 31,5 x L 63 x P 30 cm \/ H 12.4 x W 24.8 x D 11.8 in.<\/p>\n<p>&nbsp;<\/p>\n<p><strong>Exhibition :<\/strong><br \/>\nSalon des Arts M\u00e9nagers de Paris, 1950, mod\u00e8le similaire expos\u00e9 durant cette XIXe \u00e9dition.<\/p>\n<p>&nbsp;<\/p>\n<p><strong>Bibliography :<\/strong><br \/>\nMobilier et D\u00e9coration, Le Foyer d\u2019aujourd\u2019hui au XIXe Salon des Arts M\u00e9nagers, avril 1950, mod\u00e8le similaire r\u00e9f\u00e9renc\u00e9 et reproduit p. 38-39.<br \/>\nMobilier et D\u00e9coration, N\u00b04, mai 1955, mod\u00e8le variant reproduit p. 10.<\/p>\n<p>&nbsp;<\/p>\n<p><em>R\u00e9f : GGAU007<\/em>[\/vc_column_text][vc_column_text]<\/p>\n<ul class=\"list-inline prod-list\">\n<li><a href=\"mailto:contact@jacqueslacoste.com?subject= Price upon request : Other creators, after 1950 - Gustave Gautier, set of three nesting tables, circa 1950 &body=https:www.jacqueslacoste.com\/en\/autres-createurs-apres-1950\/gustave-gautier-ensemble-de-trois-tables-gigognes-circa-1950\/\">Price upon request<\/a><\/li>\n<li><a href=\"mailto:?subject=Other creators, after 1950 - Gustave Gautier, set of three nesting tables, circa 1950 &body=https:\/\/www.jacqueslacoste.com\/en\/autres-createurs-apres-1950\/gustave-gautier-ensemble-de-trois-tables-gigognes-circa-1950\/\">SHARE<\/a><\/li>\n<\/ul>\n<p>[\/vc_column_text][vc_btn title=&#8221;BACK&#8221; style=&#8221;classic&#8221; link=&#8221;url:https%3A%2F%2Fwww.jacqueslacoste.com%2Fen%2Fautres-createurs-apres-1950%2F|||&#8221;][\/vc_column][\/vc_row]<\/p>\n","protected":false},"excerpt":{"rendered":"<p>[vc_row el_id=&#8221;arianne&#8221;][vc_column][vc_column_text][\/vc_column_text][\/vc_column][\/vc_row][vc_row el_id=&#8221;single-prod&#8221;][vc_column width=&#8221;1\/2&#8243;][vc_gallery type=&#8221;image_grid&#8221; images=&#8221;52742&#8243; img_size=&#8221;full&#8221;][\/vc_column][vc_column width=&#8221;1\/2&#8243; css=&#8221;.vc_custom_1532640885006{padding-left: 20px !important;}&#8221; el_class=&#8221;product-details&#8221;][vc_column_text] Gustave GAUTIER (1911-1980) Set of three nesting tables, circa 1950 In oak and glass tops &nbsp; Dimensions : Grande : H 50 x L 107 x P 30 cm \/ H 19.7 x W 42.1 x D 11.8 in. Moyenne : H 41,5 [&#8230;]<\/p>\n<p><a class=\"btn btn-secondary understrap-read-more-link\" href=\"https:\/\/www.jacqueslacoste.com\/en\/autres-createurs-apres-1950\/gustave-gautier-ensemble-de-trois-tables-gigognes-circa-1950\/\">Read More&#8230;<\/a><\/p>\n","protected":false},"author":6,"featured_media":52745,"parent":3589,"menu_order":0,"comment_status":"closed","ping_status":"closed","template":"","meta":{"inline_featured_image":false,"footnotes":""},"class_list":["post-52748","page","type-page","status-publish","has-post-thumbnail","hentry"],"_links":{"self":[{"href":"https:\/\/www.jacqueslacoste.com\/en\/wp-json\/wp\/v2\/pages\/52748","targetHints":{"allow":["GET"]}}],"collection":[{"href":"https:\/\/www.jacqueslacoste.com\/en\/wp-json\/wp\/v2\/pages"}],"about":[{"href":"https:\/\/www.jacqueslacoste.com\/en\/wp-json\/wp\/v2\/types\/page"}],"author":[{"embeddable":true,"href":"https:\/\/www.jacqueslacoste.com\/en\/wp-json\/wp\/v2\/users\/6"}],"replies":[{"embeddable":true,"href":"https:\/\/www.jacqueslacoste.com\/en\/wp-json\/wp\/v2\/comments?post=52748"}],"version-history":[{"count":3,"href":"https:\/\/www.jacqueslacoste.com\/en\/wp-json\/wp\/v2\/pages\/52748\/revisions"}],"predecessor-version":[{"id":53373,"href":"https:\/\/www.jacqueslacoste.com\/en\/wp-json\/wp\/v2\/pages\/52748\/revisions\/53373"}],"up":[{"embeddable":true,"href":"https:\/\/www.jacqueslacoste.com\/en\/wp-json\/wp\/v2\/pages\/3589"}],"wp:featuredmedia":[{"embeddable":true,"href":"https:\/\/www.jacqueslacoste.com\/en\/wp-json\/wp\/v2\/media\/52745"}],"wp:attachment":[{"href":"https:\/\/www.jacqueslacoste.com\/en\/wp-json\/wp\/v2\/media?parent=52748"}],"curies":[{"name":"wp","href":"https:\/\/api.w.org\/{rel}","templated":true}]}}