{"id":5458,"date":"2019-01-24T15:53:59","date_gmt":"2019-01-24T14:53:59","guid":{"rendered":"http:\/\/dev.jacqueslacoste.com\/?page_id=5458"},"modified":"2025-11-05T15:50:29","modified_gmt":"2025-11-05T14:50:29","slug":"patou-console-circa-1920","status":"publish","type":"page","link":"https:\/\/www.jacqueslacoste.com\/en\/louis-sue-et-andre-mare\/patou-console-circa-1920\/","title":{"rendered":"Louis Sue and Andr\u00e9 Mare, Patou console, circa 1920"},"content":{"rendered":"<p>[vc_row el_id=&#8221;arianne&#8221;][vc_column][vc_column_text]<nav aria-label=\"breadcrumbs\">\n            <div class=\"breadcrumb-container theme1\">\n                <ol>\n                                    <\/ol>\n            <\/div>\n        <\/nav>    <script type=\"application\/ld+json\">\n        {\n            \"@context\": \"http:\/\/schema.org\",\n            \"@type\": \"BreadcrumbList\",\n            \"itemListElement\": [\n                            ]\n        }\n    <\/script>\n   \n    <script>\n            <\/script>\n[\/vc_column_text][\/vc_column][\/vc_row][vc_row el_id=&#8221;single-prod&#8221;][vc_column width=&#8221;1\/2&#8243;][vc_gallery type=&#8221;image_grid&#8221; images=&#8221;2512,2513,2514&#8243; img_size=&#8221;full&#8221;][\/vc_column][vc_column width=&#8221;1\/2&#8243; css=&#8221;.vc_custom_1532640885006{padding-left: 20px !important;}&#8221; el_class=&#8221;product-details&#8221;][vc_column_text]<\/p>\n<h2>LOUIS S\u00dcE (1875-1968)<\/h2>\n<h2>&amp; ANDR\u00c9 MARE (1885-1932)<br \/>\nFor La Compagnie des Arts fran\u00e7ais<\/h2>\n<h3>Patou console, circa 1920<\/h3>\n<p>Makassar ebony<\/p>\n<p>&nbsp;<\/p>\n<p><strong>Dimensions<\/strong> :<br \/>\nH 29.5 x L 51.1 x D 27.5 in.<br \/>\nH 75 x L 130 x P 70 cm[\/vc_column_text][vc_column_text]<strong>Note\u00a0:<\/strong><br \/>\nModel referenced under the number 275 in the references book of S\u00fce et Mare dating from the 4th of july 1927[\/vc_column_text][vc_column_text]<strong>Bibliographie :<br \/>\n<\/strong>Int\u00e9rieurs de S\u00fce et Mare, \u00c9ditions Moranc\u00e9, 1924, pl. 39<br \/>\nFlorence Camard, S\u00fce et Mare et la compagnie des arts fran\u00e7ais, Les \u00c9ditions de l&#8217;Amateur, Paris, 1993, similar model reproduced pp. 107, 281[\/vc_column_text][vc_column_text]<em>R\u00e9f\u00e9rence : SEM07<\/em>[\/vc_column_text][vc_column_text]<\/p>\n<ul class=\"list-inline prod-list\">\n<li><a href=\"mailto:contact@jacqueslacoste.com?subject= Price upon request : Louis S\u00fce et Andr\u00e9 Mare - Louis Sue and Andr\u00e9 Mare, Patou console, circa 1920 &body=https:www.jacqueslacoste.com\/en\/louis-sue-et-andre-mare\/patou-console-circa-1920\/\">Price upon request<\/a><\/li>\n<li><a href=\"mailto:?subject=Louis S\u00fce et Andr\u00e9 Mare - Louis Sue and Andr\u00e9 Mare, Patou console, circa 1920 &body=https:\/\/www.jacqueslacoste.com\/en\/louis-sue-et-andre-mare\/patou-console-circa-1920\/\">SHARE<\/a><\/li>\n<\/ul>\n<p>[\/vc_column_text][vc_btn title=&#8221;BACK&#8221; style=&#8221;classic&#8221; link=&#8221;url:https%3A%2F%2Fwww.jacqueslacoste.com%2Fen%2Flouis-sue-et-andre-mare%2F|||&#8221;][\/vc_column][\/vc_row]<\/p>\n","protected":false},"excerpt":{"rendered":"<p>[vc_row el_id=&#8221;arianne&#8221;][vc_column][vc_column_text][\/vc_column_text][\/vc_column][\/vc_row][vc_row el_id=&#8221;single-prod&#8221;][vc_column width=&#8221;1\/2&#8243;][vc_gallery type=&#8221;image_grid&#8221; images=&#8221;2512,2513,2514&#8243; img_size=&#8221;full&#8221;][\/vc_column][vc_column width=&#8221;1\/2&#8243; css=&#8221;.vc_custom_1532640885006{padding-left: 20px !important;}&#8221; el_class=&#8221;product-details&#8221;][vc_column_text] LOUIS S\u00dcE (1875-1968) &amp; ANDR\u00c9 MARE (1885-1932) For La Compagnie des Arts fran\u00e7ais Patou console, circa 1920 Makassar ebony &nbsp; Dimensions : H 29.5 x L 51.1 x D 27.5 in. H 75 x L 130 x P 70 cm[\/vc_column_text][vc_column_text]Note\u00a0: Model referenced under [&#8230;]<\/p>\n<p><a class=\"btn btn-secondary understrap-read-more-link\" href=\"https:\/\/www.jacqueslacoste.com\/en\/louis-sue-et-andre-mare\/patou-console-circa-1920\/\">Read More&#8230;<\/a><\/p>\n","protected":false},"author":1,"featured_media":6936,"parent":74415,"menu_order":0,"comment_status":"closed","ping_status":"closed","template":"","meta":{"inline_featured_image":false,"footnotes":""},"class_list":["post-5458","page","type-page","status-publish","has-post-thumbnail","hentry"],"_links":{"self":[{"href":"https:\/\/www.jacqueslacoste.com\/en\/wp-json\/wp\/v2\/pages\/5458","targetHints":{"allow":["GET"]}}],"collection":[{"href":"https:\/\/www.jacqueslacoste.com\/en\/wp-json\/wp\/v2\/pages"}],"about":[{"href":"https:\/\/www.jacqueslacoste.com\/en\/wp-json\/wp\/v2\/types\/page"}],"author":[{"embeddable":true,"href":"https:\/\/www.jacqueslacoste.com\/en\/wp-json\/wp\/v2\/users\/1"}],"replies":[{"embeddable":true,"href":"https:\/\/www.jacqueslacoste.com\/en\/wp-json\/wp\/v2\/comments?post=5458"}],"version-history":[{"count":3,"href":"https:\/\/www.jacqueslacoste.com\/en\/wp-json\/wp\/v2\/pages\/5458\/revisions"}],"predecessor-version":[{"id":74203,"href":"https:\/\/www.jacqueslacoste.com\/en\/wp-json\/wp\/v2\/pages\/5458\/revisions\/74203"}],"up":[{"embeddable":true,"href":"https:\/\/www.jacqueslacoste.com\/en\/wp-json\/wp\/v2\/pages\/74415"}],"wp:featuredmedia":[{"embeddable":true,"href":"https:\/\/www.jacqueslacoste.com\/en\/wp-json\/wp\/v2\/media\/6936"}],"wp:attachment":[{"href":"https:\/\/www.jacqueslacoste.com\/en\/wp-json\/wp\/v2\/media?parent=5458"}],"curies":[{"name":"wp","href":"https:\/\/api.w.org\/{rel}","templated":true}]}}