{"id":5518,"date":"2019-01-25T10:31:24","date_gmt":"2019-01-25T09:31:24","guid":{"rendered":"http:\/\/dev.jacqueslacoste.com\/?page_id=5518"},"modified":"2021-03-26T15:09:00","modified_gmt":"2021-03-26T14:09:00","slug":"deux-roses-mirror-1913","status":"publish","type":"page","link":"https:\/\/www.jacqueslacoste.com\/en\/other-creators-1900-1950\/deux-roses-mirror-1913\/","title":{"rendered":"\u00ab Deux Roses \u00bb mirror, 1913"},"content":{"rendered":"<p>[vc_row el_id=&#8221;arianne&#8221;][vc_column][vc_column_text]<nav aria-label=\"breadcrumbs\">\n            <div class=\"breadcrumb-container theme1\">\n                <ol>\n                                    <\/ol>\n            <\/div>\n        <\/nav>    <script type=\"application\/ld+json\">\n        {\n            \"@context\": \"http:\/\/schema.org\",\n            \"@type\": \"BreadcrumbList\",\n            \"itemListElement\": [\n                            ]\n        }\n    <\/script>\n   \n    <script>\n            <\/script>\n[\/vc_column_text][\/vc_column][\/vc_row][vc_row el_id=&#8221;single-prod&#8221;][vc_column width=&#8221;1\/2&#8243;][vc_gallery type=&#8221;image_grid&#8221; images=&#8221;2397,2398&#8243; img_size=&#8221;full&#8221;][\/vc_column][vc_column width=&#8221;1\/2&#8243; css=&#8221;.vc_custom_1532640885006{padding-left: 20px !important;}&#8221; el_class=&#8221;product-details&#8221;][vc_column_text]<\/p>\n<h2>REN\u00c9 LALIQUE<\/h2>\n<h3>\u00ab\u00a0Deux Roses\u00a0\u00bb mirror, 1913<\/h3>\n<p>Rose-colored glass paste with a rose bush decor, setting in silver metal<\/p>\n<p>&nbsp;<\/p>\n<p><strong>Dimensions<\/strong> :<br \/>\nH 26 x L 17 in.<br \/>\nH 65 x L 43 cm[\/vc_column_text][vc_column_text]<strong>Bibliographie :<br \/>\n<\/strong>F\u00e9lix Marcilhac, Ren\u00e9 Lalique &#8211; catalogue raisonn\u00e9 de l&#8217;\u0153uvre de verre, Les \u00e9ditions de l&#8217;Amateur, Paris, 2004, section \u00ab Cadres \u00bb[\/vc_column_text][vc_column_text]<em>R\u00e9f\u00e9rence : RL01<\/em>[\/vc_column_text][vc_column_text]<\/p>\n<ul class=\"list-inline prod-list\">\n<li><a href=\"mailto:contact@jacqueslacoste.com?subject= Price upon request : Other creators, 1900-1950 - \u00ab Deux Roses \u00bb mirror, 1913 &body=https:www.jacqueslacoste.com\/en\/other-creators-1900-1950\/deux-roses-mirror-1913\/\">Price upon request<\/a><\/li>\n<li><a href=\"mailto:?subject=Other creators, 1900-1950 - \u00ab Deux Roses \u00bb mirror, 1913 &body=https:\/\/www.jacqueslacoste.com\/en\/other-creators-1900-1950\/deux-roses-mirror-1913\/\">SHARE<\/a><\/li>\n<\/ul>\n<p>[\/vc_column_text][vc_btn title=&#8221;RETOUR&#8221; style=&#8221;classic&#8221; link=&#8221;url:http%3A%2F%2Flynxdemeldyck.fr%2Ffdm05%2Fautres-createurs-1900-1950%2F|||&#8221;][\/vc_column][\/vc_row]<\/p>\n","protected":false},"excerpt":{"rendered":"<p>[vc_row el_id=&#8221;arianne&#8221;][vc_column][vc_column_text][\/vc_column_text][\/vc_column][\/vc_row][vc_row el_id=&#8221;single-prod&#8221;][vc_column width=&#8221;1\/2&#8243;][vc_gallery type=&#8221;image_grid&#8221; images=&#8221;2397,2398&#8243; img_size=&#8221;full&#8221;][\/vc_column][vc_column width=&#8221;1\/2&#8243; css=&#8221;.vc_custom_1532640885006{padding-left: 20px !important;}&#8221; el_class=&#8221;product-details&#8221;][vc_column_text] REN\u00c9 LALIQUE \u00ab\u00a0Deux Roses\u00a0\u00bb mirror, 1913 Rose-colored glass paste with a rose bush decor, setting in silver metal &nbsp; Dimensions : H 26 x L 17 in. H 65 x L 43 cm[\/vc_column_text][vc_column_text]Bibliographie : F\u00e9lix Marcilhac, Ren\u00e9 Lalique &#8211; catalogue raisonn\u00e9 de l&#8217;\u0153uvre [&#8230;]<\/p>\n<p><a class=\"btn btn-secondary understrap-read-more-link\" href=\"https:\/\/www.jacqueslacoste.com\/en\/other-creators-1900-1950\/deux-roses-mirror-1913\/\">Read More&#8230;<\/a><\/p>\n","protected":false},"author":1,"featured_media":6402,"parent":3587,"menu_order":0,"comment_status":"closed","ping_status":"closed","template":"","meta":{"inline_featured_image":false,"footnotes":""},"class_list":["post-5518","page","type-page","status-publish","has-post-thumbnail","hentry"],"_links":{"self":[{"href":"https:\/\/www.jacqueslacoste.com\/en\/wp-json\/wp\/v2\/pages\/5518","targetHints":{"allow":["GET"]}}],"collection":[{"href":"https:\/\/www.jacqueslacoste.com\/en\/wp-json\/wp\/v2\/pages"}],"about":[{"href":"https:\/\/www.jacqueslacoste.com\/en\/wp-json\/wp\/v2\/types\/page"}],"author":[{"embeddable":true,"href":"https:\/\/www.jacqueslacoste.com\/en\/wp-json\/wp\/v2\/users\/1"}],"replies":[{"embeddable":true,"href":"https:\/\/www.jacqueslacoste.com\/en\/wp-json\/wp\/v2\/comments?post=5518"}],"version-history":[{"count":1,"href":"https:\/\/www.jacqueslacoste.com\/en\/wp-json\/wp\/v2\/pages\/5518\/revisions"}],"predecessor-version":[{"id":25294,"href":"https:\/\/www.jacqueslacoste.com\/en\/wp-json\/wp\/v2\/pages\/5518\/revisions\/25294"}],"up":[{"embeddable":true,"href":"https:\/\/www.jacqueslacoste.com\/en\/wp-json\/wp\/v2\/pages\/3587"}],"wp:featuredmedia":[{"embeddable":true,"href":"https:\/\/www.jacqueslacoste.com\/en\/wp-json\/wp\/v2\/media\/6402"}],"wp:attachment":[{"href":"https:\/\/www.jacqueslacoste.com\/en\/wp-json\/wp\/v2\/media?parent=5518"}],"curies":[{"name":"wp","href":"https:\/\/api.w.org\/{rel}","templated":true}]}}