{"id":5571,"date":"2019-01-25T11:09:58","date_gmt":"2019-01-25T10:09:58","guid":{"rendered":"http:\/\/dev.jacqueslacoste.com\/?page_id=5571"},"modified":"2021-03-23T11:57:06","modified_gmt":"2021-03-23T10:57:06","slug":"construction-souffle-june-1931","status":"publish","type":"page","link":"https:\/\/www.jacqueslacoste.com\/en\/other-creators-1900-1950\/construction-souffle-june-1931\/","title":{"rendered":"\u00ab Construction-souffle \u00bb, june 1931"},"content":{"rendered":"<p>[vc_row el_id=&#8221;arianne&#8221;][vc_column][vc_column_text]<nav aria-label=\"breadcrumbs\">\n            <div class=\"breadcrumb-container theme1\">\n                <ol>\n                                    <\/ol>\n            <\/div>\n        <\/nav>    <script type=\"application\/ld+json\">\n        {\n            \"@context\": \"http:\/\/schema.org\",\n            \"@type\": \"BreadcrumbList\",\n            \"itemListElement\": [\n                            ]\n        }\n    <\/script>\n   \n    <script>\n            <\/script>\n[\/vc_column_text][\/vc_column][\/vc_row][vc_row el_id=&#8221;single-prod&#8221;][vc_column width=&#8221;1\/2&#8243;][vc_gallery type=&#8221;image_grid&#8221; images=&#8221;16373,3360&#8243; img_size=&#8221;full&#8221;][\/vc_column][vc_column width=&#8221;1\/2&#8243; css=&#8221;.vc_custom_1532640885006{padding-left: 20px !important;}&#8221; el_class=&#8221;product-details&#8221;][vc_column_text]<\/p>\n<h2>WASSILY KANDINSKY<\/h2>\n<h3>&#8220;Construction-souffle&#8221;, june 1931<\/h3>\n<p>Watercolour and ink on paper, monogrammed and dated \u00abK\/31\u00bb at the left-bottom\u00a0and in the back with pencil<br \/>\n\u00ab n\u00b0 409\/1931 \u2013 HAUCHBAU \u00bb<\/p>\n<p>&nbsp;<\/p>\n<p><strong>Dimensions<\/strong> :<br \/>\nH 12.1 x 10.4 in.<br \/>\nH 30,8 x L 26,5 cm<\/p>\n<div class=\"wpb_text_column wpb_content_element \">\n<div class=\"wpb_wrapper\"><\/div>\n<\/div>\n<p>[\/vc_column_text][vc_column_text]<strong>Provenance :<br \/>\n<\/strong>Gift by Nina Kandisky to Dr. Boivin, private collection<\/p>\n<p><strong>Exposition :<\/strong><br \/>\nMoller, Berlin, 1932, n\u00b058[\/vc_column_text][vc_column_text]<strong>Bibliographie :<\/strong><br \/>\nVivian Endiscott Barnett, Kandinsky : Aquarelles, catalogue raisonn\u00e9 volume 2: 1922-1944,<br \/>\n\u00c9ditions Scala, Soci\u00e9t\u00e9 Kandinsky, 1996, n\u00b0 1019 reproduced p. 260[\/vc_column_text][vc_column_text]<em>Reference : WK001<\/em>[\/vc_column_text][vc_column_text]<\/p>\n<ul class=\"list-inline prod-list\">\n<li><a href=\"mailto:contact@jacqueslacoste.com?subject= Price upon request : Other creators, 1900-1950 - \u00ab Construction-souffle \u00bb, june 1931 &body=https:www.jacqueslacoste.com\/en\/other-creators-1900-1950\/construction-souffle-june-1931\/\">Price upon request<\/a><\/li>\n<li><a href=\"mailto:?subject=Other creators, 1900-1950 - \u00ab Construction-souffle \u00bb, june 1931 &body=https:\/\/www.jacqueslacoste.com\/en\/other-creators-1900-1950\/construction-souffle-june-1931\/\">SHARE<\/a><\/li>\n<\/ul>\n<p>[\/vc_column_text][vc_btn title=&#8221;BACK&#8221; style=&#8221;classic&#8221; link=&#8221;url:https%3A%2F%2Fwww.jacqueslacoste.com%2Fautres-createurs-1900-1950%2F|||&#8221;][\/vc_column][\/vc_row]<\/p>\n","protected":false},"excerpt":{"rendered":"<p>[vc_row el_id=&#8221;arianne&#8221;][vc_column][vc_column_text][\/vc_column_text][\/vc_column][\/vc_row][vc_row el_id=&#8221;single-prod&#8221;][vc_column width=&#8221;1\/2&#8243;][vc_gallery type=&#8221;image_grid&#8221; images=&#8221;16373,3360&#8243; img_size=&#8221;full&#8221;][\/vc_column][vc_column width=&#8221;1\/2&#8243; css=&#8221;.vc_custom_1532640885006{padding-left: 20px !important;}&#8221; el_class=&#8221;product-details&#8221;][vc_column_text] WASSILY KANDINSKY &#8220;Construction-souffle&#8221;, june 1931 Watercolour and ink on paper, monogrammed and dated \u00abK\/31\u00bb at the left-bottom\u00a0and in the back with pencil \u00ab n\u00b0 409\/1931 \u2013 HAUCHBAU \u00bb &nbsp; Dimensions : H 12.1 x 10.4 in. H 30,8 x L 26,5 cm [\/vc_column_text][vc_column_text]Provenance [&#8230;]<\/p>\n<p><a class=\"btn btn-secondary understrap-read-more-link\" href=\"https:\/\/www.jacqueslacoste.com\/en\/other-creators-1900-1950\/construction-souffle-june-1931\/\">Read More&#8230;<\/a><\/p>\n","protected":false},"author":1,"featured_media":16371,"parent":3587,"menu_order":0,"comment_status":"closed","ping_status":"closed","template":"","meta":{"inline_featured_image":false,"footnotes":""},"class_list":["post-5571","page","type-page","status-publish","has-post-thumbnail","hentry"],"_links":{"self":[{"href":"https:\/\/www.jacqueslacoste.com\/en\/wp-json\/wp\/v2\/pages\/5571","targetHints":{"allow":["GET"]}}],"collection":[{"href":"https:\/\/www.jacqueslacoste.com\/en\/wp-json\/wp\/v2\/pages"}],"about":[{"href":"https:\/\/www.jacqueslacoste.com\/en\/wp-json\/wp\/v2\/types\/page"}],"author":[{"embeddable":true,"href":"https:\/\/www.jacqueslacoste.com\/en\/wp-json\/wp\/v2\/users\/1"}],"replies":[{"embeddable":true,"href":"https:\/\/www.jacqueslacoste.com\/en\/wp-json\/wp\/v2\/comments?post=5571"}],"version-history":[{"count":5,"href":"https:\/\/www.jacqueslacoste.com\/en\/wp-json\/wp\/v2\/pages\/5571\/revisions"}],"predecessor-version":[{"id":24993,"href":"https:\/\/www.jacqueslacoste.com\/en\/wp-json\/wp\/v2\/pages\/5571\/revisions\/24993"}],"up":[{"embeddable":true,"href":"https:\/\/www.jacqueslacoste.com\/en\/wp-json\/wp\/v2\/pages\/3587"}],"wp:featuredmedia":[{"embeddable":true,"href":"https:\/\/www.jacqueslacoste.com\/en\/wp-json\/wp\/v2\/media\/16371"}],"wp:attachment":[{"href":"https:\/\/www.jacqueslacoste.com\/en\/wp-json\/wp\/v2\/media?parent=5571"}],"curies":[{"name":"wp","href":"https:\/\/api.w.org\/{rel}","templated":true}]}}