{"id":5661,"date":"2019-01-25T17:41:29","date_gmt":"2019-01-25T16:41:29","guid":{"rendered":"http:\/\/dev.jacqueslacoste.com\/?page_id=5661"},"modified":"2021-09-29T15:26:58","modified_gmt":"2021-09-29T13:26:58","slug":"our-archives","status":"publish","type":"page","link":"https:\/\/www.jacqueslacoste.com\/en\/our-archives\/","title":{"rendered":"Our archives"},"content":{"rendered":"<p>[vc_row el_id=&#8221;arianne&#8221;][vc_column][vc_column_text]<nav aria-label=\"breadcrumbs\">\n            <div class=\"breadcrumb-container theme1\">\n                <ol>\n                                    <\/ol>\n            <\/div>\n        <\/nav>    <script type=\"application\/ld+json\">\n        {\n            \"@context\": \"http:\/\/schema.org\",\n            \"@type\": \"BreadcrumbList\",\n            \"itemListElement\": [\n                            ]\n        }\n    <\/script>\n   \n    <script>\n            <\/script>\n[\/vc_column_text][\/vc_column][\/vc_row][vc_row el_id=&#8221;single-prod&#8221;][vc_column width=&#8221;1\/2&#8243;][vc_gallery type=&#8221;image_grid&#8221; images=&#8221;28904,9758,9760,9762,9764,9766,9768,9770,9772,9774,9776,9778,9780,9782,9784,9786,9788,9790,9792,9794&#8243; img_size=&#8221;full&#8221;][\/vc_column][vc_column width=&#8221;1\/2&#8243; css=&#8221;.vc_custom_1544269525209{padding-left: 20px !important;}&#8221; el_class=&#8221;product-details&#8221;][vc_column_text]<\/p>\n<h2>Our archives<\/h2>\n<p>[\/vc_column_text][vc_column_text]<\/p>\n<p style=\"text-align: justify;\">Galerie Jacques Lacoste boasts an archive comprising of over 10,000 documents relating to Jean Roy\u00e8re. Constant research is undertaken, with a view to extending and rationalising public knowledge on Roy\u00e8re, the designer who embodied a new era in the 20th century Decorative Arts.<\/p>\n<p>&nbsp;<\/p>\n<p style=\"text-align: justify;\">Period images and materials have been digitalised for an online purpose, which include plans, original drawings and photographs. The database therefore gives a rich overview of the decorator\u2019s work and creativity.<\/p>\n<p>&nbsp;<\/p>\n<p style=\"text-align: justify;\">In addition, Galerie Jacques Lacoste strives to locate original furniture designed by Jean Roy\u00e8re both in France and internationally. We give particular importance to the notion of provenance. The gallery prides itself in acquiring pieces primarily from the original comissioners or their descendents.<\/p>\n<p>&nbsp;<\/p>\n<p style=\"text-align: justify;\">Should you posses any material or information liable to deepen\/enrichen our knowledge, whether it is furniture attributed to Roy\u00e8re, archival documents, family photographs or stories relating to the designer, we would be delighted to hear from you.<\/p>\n<p>&nbsp;<\/p>\n<p style=\"text-align: justify;\">1. Archives Jean Roy\u00e8re, galerie Jacques Lacoste \/ galerie Patrick Seguin :\u00a0bleu n\u00b0 XX 23 pour une table basse Val d\u2019Or<\/p>\n<p style=\"text-align: justify;\">2. Archives Jean Roy\u00e8re, galerie Jacques Lacoste \/ galerie Patrick Seguin :\u00a0bleu n\u00b0 XV 6 pour un fauteuil bridge Boulette<\/p>\n<p style=\"text-align: justify;\">3. Archives Jean Roy\u00e8re, galerie Jacques Lacoste \/ galerie Patrick Seguin :\u00a0bleu n\u00b0 XII 65 pour une lampe Ondulation, bleu n\u00b0 XII 66 pour une lampe Sph\u00e8re<\/p>\n<p style=\"text-align: justify;\">4. Archives Jean Roy\u00e8re, galerie Jacques Lacoste \/ galerie Patrick Seguin :\u00a0bleu n\u00b0 XII 37 pour un lustre Serpentin<\/p>\n<p style=\"text-align: justify;\">5. Archives Jean Roy\u00e8re, galerie Jacques Lacoste \/ galerie Patrick Seguin :\u00a0bleu n\u00b0 XII 12 pour une applique Serpentin<\/p>\n<p style=\"text-align: justify;\">6. Archives Jean Roy\u00e8re, galerie Jacques Lacoste \/ galerie Patrick Seguin :\u00a0dessin pour un projet de salon pour Madame S.<\/p>\n<p style=\"text-align: justify;\">7. Archives Jean Roy\u00e8re, galerie Jacques Lacoste \/ galerie Patrick Seguin :\u00a0gouache pour un projet de salon pour Monsieur M.<\/p>\n<p style=\"text-align: justify;\">8. Archives Jean Roy\u00e8re, galerie Jacques Lacoste \/ galerie Patrick Seguin :\u00a0gouache n\u00b0 11.310 du bureau du Pr\u00e9sident du Conseil G\u00e9n\u00e9ral, Pr\u00e9fecture d\u2019Oran<\/p>\n<p style=\"text-align: justify;\">9. Archives Jean Roy\u00e8re, galerie Jacques Lacoste \/ galerie Patrick Seguin :\u00a0gouache n\u00b0 11.293 de l\u2019appartement de Monsieur le Pr\u00e9fet, Pr\u00e9fecture d\u2019Oran<\/p>\n<p style=\"text-align: justify;\">10. Archives Jean Roy\u00e8re, galerie Jacques Lacoste \/ galerie Patrick Seguin :\u00a0gouache n\u00b0 11.316 d\u2019un grand salon, Pr\u00e9fecture d\u2019Oran<\/p>\n<p style=\"text-align: justify;\">11. Archives Jean Roy\u00e8re, galerie Jacques Lacoste\/ galerie Patrick Seguin :\u00a0dessin d\u2019une chambre au crayon pour Madame C.<\/p>\n<p style=\"text-align: justify;\">12. Archives Jean Roy\u00e8re, galerie Jacques Lacoste \/ galerie Patrick Seguin :\u00a0gouache d\u2019un int\u00e9rieur avec du mobilier \u00ab Ruban \u00bb<\/p>\n<p style=\"text-align: justify;\">13. Archives Jean Roy\u00e8re, galerie Jacques Lacoste \/ galerie Patrick Seguin :\u00a0dessin d\u2019un int\u00e9rieur au crayon pour Madame C.<\/p>\n<p style=\"text-align: justify;\">14. Archives Jean Roy\u00e8re, galerie Jacques Lacoste \/ galerie Patrick Seguin :\u00a0album 6, clich\u00e9 n\u00b0 1770, cin\u00e9ma du Shah d\u2019Iran<\/p>\n<p style=\"text-align: justify;\">15. Archives Jean Roy\u00e8re, galerie Jacques Lacoste \/ galerie Patrick Seguin :\u00a0album 7, clich\u00e9 n\u00b0 1686, IRSID<\/p>\n<p style=\"text-align: justify;\">16. Archives Jean Roy\u00e8re, galerie Jacques Lacoste \/ galerie Patrick Seguin :\u00a0album 1, clich\u00e9 n\u00b0 1282, Salon des Artistes D\u00e9corateurs 1956<\/p>\n<p style=\"text-align: justify;\">17. Archives Jean Roy\u00e8re, galerie Jacques Lacoste \/ galerie Patrick Seguin :\u00a0album 1, clich\u00e9 n\u00b0 1546, Salon des Artistes D\u00e9corateurs 1956<\/p>\n<p style=\"text-align: justify;\">18. Archives Jean Roy\u00e8re, galerie Jacques Lacoste \/ galerie Patrick Seguin :\u00a0album 1, clich\u00e9 n\u00b0 451, Salon des Artistes D\u00e9corateurs 1939<\/p>\n<p style=\"text-align: justify;\">19. Archives Jean Roy\u00e8re, galerie Jacques Lacoste \/ galerie Patrick Seguin :\u00a0plan d\u2019ex\u00e9cution n\u00b0 2.339 bis d\u2019un canap\u00e9 Ours Polaire<\/p>\n<p>[\/vc_column_text][vc_btn title=&#8221;RETOUR&#8221; style=&#8221;classic&#8221; link=&#8221;url:https%3A%2F%2Fwww.jacqueslacoste.com%2F%3Flang%3Den|||&#8221;][\/vc_column][\/vc_row]<\/p>\n","protected":false},"excerpt":{"rendered":"<p>[vc_row el_id=&#8221;arianne&#8221;][vc_column][vc_column_text][\/vc_column_text][\/vc_column][\/vc_row][vc_row el_id=&#8221;single-prod&#8221;][vc_column width=&#8221;1\/2&#8243;][vc_gallery type=&#8221;image_grid&#8221; images=&#8221;28904,9758,9760,9762,9764,9766,9768,9770,9772,9774,9776,9778,9780,9782,9784,9786,9788,9790,9792,9794&#8243; img_size=&#8221;full&#8221;][\/vc_column][vc_column width=&#8221;1\/2&#8243; css=&#8221;.vc_custom_1544269525209{padding-left: 20px !important;}&#8221; el_class=&#8221;product-details&#8221;][vc_column_text] Our archives [\/vc_column_text][vc_column_text] Galerie Jacques Lacoste boasts an archive comprising of over 10,000 documents relating to Jean Roy\u00e8re. Constant research is undertaken, with a view to extending and rationalising public knowledge on Roy\u00e8re, the designer who embodied a new era in the 20th [&#8230;]<\/p>\n<p><a class=\"btn btn-secondary understrap-read-more-link\" href=\"https:\/\/www.jacqueslacoste.com\/en\/our-archives\/\">Read More&#8230;<\/a><\/p>\n","protected":false},"author":1,"featured_media":0,"parent":0,"menu_order":0,"comment_status":"closed","ping_status":"closed","template":"","meta":{"inline_featured_image":false,"footnotes":""},"class_list":["post-5661","page","type-page","status-publish","hentry"],"_links":{"self":[{"href":"https:\/\/www.jacqueslacoste.com\/en\/wp-json\/wp\/v2\/pages\/5661","targetHints":{"allow":["GET"]}}],"collection":[{"href":"https:\/\/www.jacqueslacoste.com\/en\/wp-json\/wp\/v2\/pages"}],"about":[{"href":"https:\/\/www.jacqueslacoste.com\/en\/wp-json\/wp\/v2\/types\/page"}],"author":[{"embeddable":true,"href":"https:\/\/www.jacqueslacoste.com\/en\/wp-json\/wp\/v2\/users\/1"}],"replies":[{"embeddable":true,"href":"https:\/\/www.jacqueslacoste.com\/en\/wp-json\/wp\/v2\/comments?post=5661"}],"version-history":[{"count":3,"href":"https:\/\/www.jacqueslacoste.com\/en\/wp-json\/wp\/v2\/pages\/5661\/revisions"}],"predecessor-version":[{"id":28907,"href":"https:\/\/www.jacqueslacoste.com\/en\/wp-json\/wp\/v2\/pages\/5661\/revisions\/28907"}],"wp:attachment":[{"href":"https:\/\/www.jacqueslacoste.com\/en\/wp-json\/wp\/v2\/media?parent=5661"}],"curies":[{"name":"wp","href":"https:\/\/api.w.org\/{rel}","templated":true}]}}