{"id":56905,"date":"2024-07-16T11:38:32","date_gmt":"2024-07-16T09:38:32","guid":{"rendered":"https:\/\/www.jacqueslacoste.com\/?page_id=56905"},"modified":"2025-02-06T10:37:30","modified_gmt":"2025-02-06T09:37:30","slug":"jean-royere-table-de-salle-a-manger-circa-1954","status":"publish","type":"page","link":"https:\/\/www.jacqueslacoste.com\/en\/jean-royere\/jean-royere-table-de-salle-a-manger-circa-1954\/","title":{"rendered":"Jean Roy\u00e8re, Table de Salle \u00e0 manger, circa 1954"},"content":{"rendered":"<p>[vc_row el_id=&#8221;arianne&#8221;][vc_column][vc_column_text]<nav aria-label=\"breadcrumbs\">\n            <div class=\"breadcrumb-container theme1\">\n                <ol>\n                                    <\/ol>\n            <\/div>\n        <\/nav>    <script type=\"application\/ld+json\">\n        {\n            \"@context\": \"http:\/\/schema.org\",\n            \"@type\": \"BreadcrumbList\",\n            \"itemListElement\": [\n                            ]\n        }\n    <\/script>\n   \n    <script>\n            <\/script>\n[\/vc_column_text][\/vc_column][\/vc_row][vc_row el_id=&#8221;single-prod&#8221;][vc_column width=&#8221;1\/2&#8243;][vc_gallery type=&#8221;image_grid&#8221; images=&#8221;56893,56897,63535&#8243; img_size=&#8221;full&#8221;][\/vc_column][vc_column width=&#8221;1\/2&#8243; css=&#8221;.vc_custom_1532640885006{padding-left: 20px !important;}&#8221; el_class=&#8221;product-details&#8221;][vc_column_text]<\/p>\n<h2>JEAN ROY\u00c8RE (1902-1981)<\/h2>\n<h3>Dining table, circa 1954<\/h3>\n<div class=\"page\" title=\"Page 1\">\n<div class=\"layoutArea\">\n<div class=\"column\">\n<p style=\"font-weight: 400;\">In Makassar ebony and brass<\/p>\n<\/div>\n<\/div>\n<\/div>\n<p>&nbsp;<\/p>\n<p><strong>Dimensions<\/strong> :<br \/>\nH 74,5 x L 200 x P 100 cm<br \/>\nH 29.3 x W 78.7 x D 39.4 in<\/p>\n<p>&nbsp;<\/p>\n<p style=\"font-weight: 400;\"><strong>Provenance:<\/strong><br \/>\nBought to the family of the first owner, M. D., Lausanne<\/p>\n<p>&nbsp;<\/p>\n<p style=\"font-weight: 400;\"><strong>Documentation\u00a0:<\/strong><br \/>\nArchives Jean Roy\u00e8re, Mad Paris, plan d\u2019ex\u00e9cution N\u00b04.328 et calque du projet de salle \u00e0 manger pour M. D. Lausanne, circa 1954.<\/p>\n<p>&nbsp;<\/p>\n<p style=\"font-weight: 400;\"><em>R\u00e9f\u00a0: JR457<\/em><\/p>\n<p>[\/vc_column_text][vc_column_text]<\/p>\n<ul class=\"list-inline prod-list\">\n<li><a href=\"\/\/www.jacqueslacoste.com\/jean-royere\/biographie-de-jean-royere\/\" target=\"_blank\" rel=\"noopener noreferrer\">Biographie<\/a><\/li>\n<li><a href=\"\/\/www.jacqueslacoste.com\/jean-royere\/nos-archives-2\/\" target=\"_blank\" rel=\"noopener noreferrer\">Archives<\/a><\/li>\n<li><a href=\"mailto:contact@jacqueslacoste.com?subject= Price upon request : Jean Roy\u00e8re - Jean Roy\u00e8re, Table de Salle \u00e0 manger, circa 1954 &body=https:www.jacqueslacoste.com\/en\/jean-royere\/jean-royere-table-de-salle-a-manger-circa-1954\/\">Price upon request<\/a><\/li>\n<li><a href=\"mailto:?subject=Jean Roy\u00e8re - Jean Roy\u00e8re, Table de Salle \u00e0 manger, circa 1954 &body=https:\/\/www.jacqueslacoste.com\/en\/jean-royere\/jean-royere-table-de-salle-a-manger-circa-1954\/\">SHARE<\/a><\/li>\n<\/ul>\n<p>[\/vc_column_text][vc_btn title=&#8221;BACK&#8221; style=&#8221;classic&#8221; link=&#8221;url:https%3A%2F%2Fwww.jacqueslacoste.com%2Fen%2Fjean-royere%2F|||&#8221;][\/vc_column][\/vc_row]<\/p>\n","protected":false},"excerpt":{"rendered":"<p>[vc_row el_id=&#8221;arianne&#8221;][vc_column][vc_column_text][\/vc_column_text][\/vc_column][\/vc_row][vc_row el_id=&#8221;single-prod&#8221;][vc_column width=&#8221;1\/2&#8243;][vc_gallery type=&#8221;image_grid&#8221; images=&#8221;56893,56897,63535&#8243; img_size=&#8221;full&#8221;][\/vc_column][vc_column width=&#8221;1\/2&#8243; css=&#8221;.vc_custom_1532640885006{padding-left: 20px !important;}&#8221; el_class=&#8221;product-details&#8221;][vc_column_text] JEAN ROY\u00c8RE (1902-1981) Dining table, circa 1954 In Makassar ebony and brass &nbsp; Dimensions : H 74,5 x L 200 x P 100 cm H 29.3 x W 78.7 x D 39.4 in &nbsp; Provenance: Bought to the family of the first owner, [&#8230;]<\/p>\n<p><a class=\"btn btn-secondary understrap-read-more-link\" href=\"https:\/\/www.jacqueslacoste.com\/en\/jean-royere\/jean-royere-table-de-salle-a-manger-circa-1954\/\">Read More&#8230;<\/a><\/p>\n","protected":false},"author":2,"featured_media":56886,"parent":3616,"menu_order":0,"comment_status":"closed","ping_status":"closed","template":"","meta":{"inline_featured_image":false,"footnotes":""},"class_list":["post-56905","page","type-page","status-publish","has-post-thumbnail","hentry"],"_links":{"self":[{"href":"https:\/\/www.jacqueslacoste.com\/en\/wp-json\/wp\/v2\/pages\/56905","targetHints":{"allow":["GET"]}}],"collection":[{"href":"https:\/\/www.jacqueslacoste.com\/en\/wp-json\/wp\/v2\/pages"}],"about":[{"href":"https:\/\/www.jacqueslacoste.com\/en\/wp-json\/wp\/v2\/types\/page"}],"author":[{"embeddable":true,"href":"https:\/\/www.jacqueslacoste.com\/en\/wp-json\/wp\/v2\/users\/2"}],"replies":[{"embeddable":true,"href":"https:\/\/www.jacqueslacoste.com\/en\/wp-json\/wp\/v2\/comments?post=56905"}],"version-history":[{"count":2,"href":"https:\/\/www.jacqueslacoste.com\/en\/wp-json\/wp\/v2\/pages\/56905\/revisions"}],"predecessor-version":[{"id":63537,"href":"https:\/\/www.jacqueslacoste.com\/en\/wp-json\/wp\/v2\/pages\/56905\/revisions\/63537"}],"up":[{"embeddable":true,"href":"https:\/\/www.jacqueslacoste.com\/en\/wp-json\/wp\/v2\/pages\/3616"}],"wp:featuredmedia":[{"embeddable":true,"href":"https:\/\/www.jacqueslacoste.com\/en\/wp-json\/wp\/v2\/media\/56886"}],"wp:attachment":[{"href":"https:\/\/www.jacqueslacoste.com\/en\/wp-json\/wp\/v2\/media?parent=56905"}],"curies":[{"name":"wp","href":"https:\/\/api.w.org\/{rel}","templated":true}]}}