{"id":5695,"date":"2018-07-02T23:52:34","date_gmt":"2018-07-02T21:52:34","guid":{"rendered":"http:\/\/dev.jacqueslacoste.com\/galerie\/"},"modified":"2021-07-20T11:49:15","modified_gmt":"2021-07-20T09:49:15","slug":"gallery","status":"publish","type":"page","link":"https:\/\/www.jacqueslacoste.com\/en\/gallery\/","title":{"rendered":"Gallery"},"content":{"rendered":"<p>[vc_row el_id=&#8221;arianne&#8221;][vc_column][vc_column_text]<nav aria-label=\"breadcrumbs\">\n            <div class=\"breadcrumb-container theme1\">\n                <ol>\n                                    <\/ol>\n            <\/div>\n        <\/nav>    <script type=\"application\/ld+json\">\n        {\n            \"@context\": \"http:\/\/schema.org\",\n            \"@type\": \"BreadcrumbList\",\n            \"itemListElement\": [\n                            ]\n        }\n    <\/script>\n   \n    <script>\n            <\/script>\n[\/vc_column_text][\/vc_column][\/vc_row][vc_row el_id=&#8221;single-prod&#8221;][vc_column width=&#8221;1\/2&#8243;][vc_gallery type=&#8221;image_grid&#8221; images=&#8221;27927,3558,3559,3557&#8243; img_size=&#8221;full&#8221;][\/vc_column][vc_column width=&#8221;1\/2&#8243; css=&#8221;.vc_custom_1532640885006{padding-left: 20px !important;}&#8221; el_class=&#8221;product-details&#8221;][vc_column_text]<\/p>\n<h2>LA GALERIE JACQUES LACOSTE<\/h2>\n<p>[\/vc_column_text][vc_column_text css=&#8221;.vc_custom_1561388578109{padding-bottom: 16px !important;}&#8221;]<a href=\"0x35bb49864170ace!8m2!3d48.8566347!4d2.3364906\" target=\"_blank\" rel=\"noopener\">12, rue de Seine, 75006 PARIS<\/a><br \/>\n+ 33 1 40 20 41 82<br \/>\nOpen from Monday to Saturday,<br \/>\nfrom 11am to 1pm and from 2pm to 7pm<\/p>\n<p>&nbsp;<\/p>\n<p><a href=\"0x6f98a5396b3e6bd!8m2!3d48.8707467!4d2.3129415\" target=\"_blank\" rel=\"noopener\">19, avenue Matignon 75008 PARIS<\/a><br \/>\n+ 33 1 42 89 11 11<br \/>\nOpen from Monday to Saturday,<br \/>\nfrom 11am to 1pm and from 2pm to 7pm[\/vc_column_text][vc_column_text css=&#8221;.vc_custom_1549316492182{padding-bottom: 9px !important;}&#8221;]<\/p>\n<ul class=\"list-inline prod-list\">\n<li><a href=\"mailto:contact@jacqueslacoste.com?subject= Information request &amp;body=First name : %0D%0A Last name : %0D%0A Your message\">Contact<\/a><\/li>\n<\/ul>\n<p>[\/vc_column_text][vc_column_text]<\/p>\n<p style=\"text-align: justify;\">Jacques Lacoste has been involved in the dealing of 20th-century decorative arts since 1997, and is renowned for rediscovering and promoting French designs from the 1930s up until the 1950s.<\/p>\n<p>&nbsp;<\/p>\n<p style=\"text-align: justify;\">Galerie Jacques Lacoste boasts <a href=\"\/\/www.jacqueslacoste.com\/en\/our-archives\/\">a considerable archive<\/a> and is therefore the go-to place for information on the works of Jean Roy\u00e8re. This archive comprises over 10,000 documents, including numerous plans, drawings and original photographs, which bear witness to the decorator\u2019s tireless activity. The gallery has contributed extensively to revealing Jean Roy\u00e8re\u2019s innovative spirit and decorative fantasy through constant research, brought to the public eye through regular exhibitions and publications.<\/p>\n<p>&nbsp;<\/p>\n<p style=\"text-align: justify;\">In 1999 the gallery dedicated its first exhibition to Jean Roy\u00e8re, before contributing to the publication of a monograph in 2003. In 2008, following many years of patient acquisitions, Jacques Lacoste was invited by the Sonnabend Gallery in New York to present a selection of 80 exceptional pieces by the decorator\u00a0, alongside Galerie Patrick Seguin. Then, in 2012, Jacques Lacoste published a two-volume-set book on Jean Roy\u00e8re in collaboration with Patrick Seguin.<\/p>\n<p>&nbsp;<\/p>\n<p style=\"text-align: justify;\">Galerie Jacques Lacoste is also keen to explore other (artistic) areas. Notably, it has showcased the work of Max Ingrand, one of the great glass masters of his time. The gallery has been displaying Ingrand\u2019s lights and mirrors on a regular basis, curating an exhibition in 2009, while simultaneously releasing the first monograph of his career.<\/p>\n<p>&nbsp;<\/p>\n<p style=\"text-align: justify;\">Jacques Lacoste\u2019s taste for the 1950s coincides with a strong interest in the modernist designers of the interwar period, who were influential predecessors. Thus, the gallery offers works\/pieces by Robert Mallet-Stevens, Pierre Chareau and Ren\u00e9 Herbst while the 1930s are equally represented by the designs of Jacques-\u00c9mile Ruhlmann, Paul Dupr\u00e9-Lafon, Jean Dunand and Jean-Michel Frank.<\/p>\n<p>&nbsp;<\/p>\n<p style=\"text-align: justify;\">Besides this, the gallery\u00a0has a particular interest in furniture designed by sculptors, regularly offering works by Alberto and Diego Giacometti. During the 2016 edition of Design Miami\/Basel, Galerie Jacques Lacoste unveiled an exceptional bronze <em>Chambres \u00e0 livres <\/em>(<em>Book Chamber<\/em>), commissioned by publisher Marc Barbezat in the 1960s. A unique figure in the postwar period, Alexandre Noll\u2019s powerfully expressive wooden pieces also display the perfect balance of sculpture and decorative art.<\/p>\n<p>&nbsp;<\/p>\n<p style=\"text-align: justify;\">A member of the Compagnie Nationale des Experts, Jacques Lacoste offers works by <a href=\"\/\/www.jacqueslacoste.com\/en\/jean-royere\/\">Jean Roy\u00e8re<\/a>, <a href=\"\/\/www.jacqueslacoste.com\/en\/max-ingrand\/\">Max Ingrand<\/a>, <a href=\"\/\/www.jacqueslacoste.com\/en\/alexandre-noll\/\">Alexandre Noll<\/a>, <a href=\"\/\/www.jacqueslacoste.com\/en\/georges-jouve\/\">Georges Jouve<\/a>, <a href=\"\/\/www.jacqueslacoste.com\/en\/serge-mouille\/\">Serge Mouille<\/a>, <a href=\"\/\/www.jacqueslacoste.com\/en\/charlotte-perriand\/\">Charlotte Perriand,<\/a> <a href=\"\/\/www.jacqueslacoste.com\/en\/jean-prouve\/\">Jean Prouv\u00e9<\/a>, <a href=\"\/\/www.jacqueslacoste.com\/en\/giacometti\/\">Diego and Alberto Giacometti<\/a>, <a href=\"\/\/www.jacqueslacoste.com\/en\/pablo-picasso\/\">Pablo Picasso<\/a>, Valentine Schlegel, Jean-Michel Frank, <a href=\"\/\/www.jacqueslacoste.com\/en\/pierre-chareau\/\">Pierre Chareau<\/a>, <a href=\"\/\/www.jacqueslacoste.com\/en\/paul-dupre-lafon\/\">Paul Dupr\u00e9-Lafon<\/a>, <a href=\"\/\/www.jacqueslacoste.com\/en\/jacques-emile-ruhlmann\/\">Jacques-\u00c9mile Ruhlmann<\/a>, <a href=\"\/\/www.jacqueslacoste.com\/en\/jean-dunand\/\">Jean Dunand<\/a>\u2026<\/p>\n<p>[\/vc_column_text][vc_btn title=&#8221;BACK&#8221; style=&#8221;classic&#8221; link=&#8221;url:https%3A%2F%2Fwww.jacqueslacoste.com%2Fen%2F|||&#8221;][\/vc_column][\/vc_row]<\/p>\n","protected":false},"excerpt":{"rendered":"<p>[vc_row el_id=&#8221;arianne&#8221;][vc_column][vc_column_text][\/vc_column_text][\/vc_column][\/vc_row][vc_row el_id=&#8221;single-prod&#8221;][vc_column width=&#8221;1\/2&#8243;][vc_gallery type=&#8221;image_grid&#8221; images=&#8221;27927,3558,3559,3557&#8243; img_size=&#8221;full&#8221;][\/vc_column][vc_column width=&#8221;1\/2&#8243; css=&#8221;.vc_custom_1532640885006{padding-left: 20px !important;}&#8221; el_class=&#8221;product-details&#8221;][vc_column_text] LA GALERIE JACQUES LACOSTE [\/vc_column_text][vc_column_text css=&#8221;.vc_custom_1561388578109{padding-bottom: 16px !important;}&#8221;]12, rue de Seine, 75006 PARIS + 33 1 40 20 41 82 Open from Monday to Saturday, from 11am to 1pm and from 2pm to 7pm &nbsp; 19, avenue Matignon 75008 PARIS + 33 1 [&#8230;]<\/p>\n<p><a class=\"btn btn-secondary understrap-read-more-link\" href=\"https:\/\/www.jacqueslacoste.com\/en\/gallery\/\">Read More&#8230;<\/a><\/p>\n","protected":false},"author":1,"featured_media":0,"parent":0,"menu_order":0,"comment_status":"closed","ping_status":"closed","template":"page-templates\/fullwidthpage.php","meta":{"inline_featured_image":false,"footnotes":""},"class_list":["post-5695","page","type-page","status-publish","hentry"],"_links":{"self":[{"href":"https:\/\/www.jacqueslacoste.com\/en\/wp-json\/wp\/v2\/pages\/5695","targetHints":{"allow":["GET"]}}],"collection":[{"href":"https:\/\/www.jacqueslacoste.com\/en\/wp-json\/wp\/v2\/pages"}],"about":[{"href":"https:\/\/www.jacqueslacoste.com\/en\/wp-json\/wp\/v2\/types\/page"}],"author":[{"embeddable":true,"href":"https:\/\/www.jacqueslacoste.com\/en\/wp-json\/wp\/v2\/users\/1"}],"replies":[{"embeddable":true,"href":"https:\/\/www.jacqueslacoste.com\/en\/wp-json\/wp\/v2\/comments?post=5695"}],"version-history":[{"count":4,"href":"https:\/\/www.jacqueslacoste.com\/en\/wp-json\/wp\/v2\/pages\/5695\/revisions"}],"predecessor-version":[{"id":27929,"href":"https:\/\/www.jacqueslacoste.com\/en\/wp-json\/wp\/v2\/pages\/5695\/revisions\/27929"}],"wp:attachment":[{"href":"https:\/\/www.jacqueslacoste.com\/en\/wp-json\/wp\/v2\/media?parent=5695"}],"curies":[{"name":"wp","href":"https:\/\/api.w.org\/{rel}","templated":true}]}}