{"id":56985,"date":"2024-07-17T16:35:44","date_gmt":"2024-07-17T14:35:44","guid":{"rendered":"https:\/\/www.jacqueslacoste.com\/?page_id=56985"},"modified":"2024-07-24T11:08:58","modified_gmt":"2024-07-24T09:08:58","slug":"jean-royere-table-de-salle-a-manger-1949","status":"publish","type":"page","link":"https:\/\/www.jacqueslacoste.com\/en\/jean-royere\/jean-royere-table-de-salle-a-manger-1949\/","title":{"rendered":"Jean Roy\u00e8re, table de salle \u00e0 manger, 1949"},"content":{"rendered":"<p>[vc_row el_id=&#8221;arianne&#8221;][vc_column][vc_column_text]<nav aria-label=\"breadcrumbs\">\n            <div class=\"breadcrumb-container theme1\">\n                <ol>\n                                    <\/ol>\n            <\/div>\n        <\/nav>    <script type=\"application\/ld+json\">\n        {\n            \"@context\": \"http:\/\/schema.org\",\n            \"@type\": \"BreadcrumbList\",\n            \"itemListElement\": [\n                            ]\n        }\n    <\/script>\n   \n    <script>\n            <\/script>\n[\/vc_column_text][\/vc_column][\/vc_row][vc_row el_id=&#8221;single-prod&#8221;][vc_column width=&#8221;1\/2&#8243;][vc_gallery type=&#8221;image_grid&#8221; images=&#8221;56974,56978&#8243; img_size=&#8221;full&#8221;][\/vc_column][vc_column width=&#8221;1\/2&#8243; css=&#8221;.vc_custom_1532640885006{padding-left: 20px !important;}&#8221; el_class=&#8221;product-details&#8221;][vc_column_text]<\/p>\n<h2>JEAN ROY\u00c8RE (1902-1981)<\/h2>\n<h3>Dining table, 1949<\/h3>\n<div class=\"page\" title=\"Page 1\">\n<div class=\"layoutArea\">\n<div class=\"column\">\n<p>In oak<\/p>\n<\/div>\n<\/div>\n<\/div>\n<p>&nbsp;<\/p>\n<p><strong>Dimensions<\/strong> :<br \/>\nH 75 x L 230 (310 max) x P 114,5 cm<br \/>\nH 29.5 x W 90.6 (122 max) x D 45.1 in.<\/p>\n<p>&nbsp;<\/p>\n<p style=\"font-weight: 400;\"><strong>Provenance:<\/strong><br \/>\nBought to the family of the first owner, Mme. T., Egypte<\/p>\n<p>&nbsp;<\/p>\n<p style=\"font-weight: 400;\"><strong>Documentation\u00a0:<\/strong><br \/>\nArchives Jean Roy\u00e8re, MAD Paris, plan pour notre table, pour Mme T. Egypte, 1949.<\/p>\n<p>&nbsp;<\/p>\n<p style=\"font-weight: 400;\"><em>R\u00e9f\u00a0: JR474<\/em><\/p>\n<p>[\/vc_column_text][vc_column_text]<\/p>\n<ul class=\"list-inline prod-list\">\n<li><a href=\"\/\/www.jacqueslacoste.com\/jean-royere\/biographie-de-jean-royere\/\" target=\"_blank\" rel=\"noopener noreferrer\">Biographie<\/a><\/li>\n<li><a href=\"\/\/www.jacqueslacoste.com\/jean-royere\/nos-archives-2\/\" target=\"_blank\" rel=\"noopener noreferrer\">Archives<\/a><\/li>\n<li><a href=\"mailto:contact@jacqueslacoste.com?subject= Price upon request : Jean Roy\u00e8re - Jean Roy\u00e8re, table de salle \u00e0 manger, 1949 &body=https:www.jacqueslacoste.com\/en\/jean-royere\/jean-royere-table-de-salle-a-manger-1949\/\">Price upon request<\/a><\/li>\n<li><a href=\"mailto:?subject=Jean Roy\u00e8re - Jean Roy\u00e8re, table de salle \u00e0 manger, 1949 &body=https:\/\/www.jacqueslacoste.com\/en\/jean-royere\/jean-royere-table-de-salle-a-manger-1949\/\">SHARE<\/a><\/li>\n<\/ul>\n<p>[\/vc_column_text][vc_btn title=&#8221;BACK&#8221; style=&#8221;classic&#8221; link=&#8221;url:https%3A%2F%2Fwww.jacqueslacoste.com%2Fen%2Fjean-royere%2F|||&#8221;][\/vc_column][\/vc_row]<\/p>\n","protected":false},"excerpt":{"rendered":"<p>[vc_row el_id=&#8221;arianne&#8221;][vc_column][vc_column_text][\/vc_column_text][\/vc_column][\/vc_row][vc_row el_id=&#8221;single-prod&#8221;][vc_column width=&#8221;1\/2&#8243;][vc_gallery type=&#8221;image_grid&#8221; images=&#8221;56974,56978&#8243; img_size=&#8221;full&#8221;][\/vc_column][vc_column width=&#8221;1\/2&#8243; css=&#8221;.vc_custom_1532640885006{padding-left: 20px !important;}&#8221; el_class=&#8221;product-details&#8221;][vc_column_text] JEAN ROY\u00c8RE (1902-1981) Dining table, 1949 In oak &nbsp; Dimensions : H 75 x L 230 (310 max) x P 114,5 cm H 29.5 x W 90.6 (122 max) x D 45.1 in. &nbsp; Provenance: Bought to the family of the first owner, [&#8230;]<\/p>\n<p><a class=\"btn btn-secondary understrap-read-more-link\" href=\"https:\/\/www.jacqueslacoste.com\/en\/jean-royere\/jean-royere-table-de-salle-a-manger-1949\/\">Read More&#8230;<\/a><\/p>\n","protected":false},"author":2,"featured_media":57706,"parent":3616,"menu_order":0,"comment_status":"closed","ping_status":"closed","template":"","meta":{"inline_featured_image":false,"footnotes":""},"class_list":["post-56985","page","type-page","status-publish","has-post-thumbnail","hentry"],"_links":{"self":[{"href":"https:\/\/www.jacqueslacoste.com\/en\/wp-json\/wp\/v2\/pages\/56985","targetHints":{"allow":["GET"]}}],"collection":[{"href":"https:\/\/www.jacqueslacoste.com\/en\/wp-json\/wp\/v2\/pages"}],"about":[{"href":"https:\/\/www.jacqueslacoste.com\/en\/wp-json\/wp\/v2\/types\/page"}],"author":[{"embeddable":true,"href":"https:\/\/www.jacqueslacoste.com\/en\/wp-json\/wp\/v2\/users\/2"}],"replies":[{"embeddable":true,"href":"https:\/\/www.jacqueslacoste.com\/en\/wp-json\/wp\/v2\/comments?post=56985"}],"version-history":[{"count":2,"href":"https:\/\/www.jacqueslacoste.com\/en\/wp-json\/wp\/v2\/pages\/56985\/revisions"}],"predecessor-version":[{"id":57012,"href":"https:\/\/www.jacqueslacoste.com\/en\/wp-json\/wp\/v2\/pages\/56985\/revisions\/57012"}],"up":[{"embeddable":true,"href":"https:\/\/www.jacqueslacoste.com\/en\/wp-json\/wp\/v2\/pages\/3616"}],"wp:featuredmedia":[{"embeddable":true,"href":"https:\/\/www.jacqueslacoste.com\/en\/wp-json\/wp\/v2\/media\/57706"}],"wp:attachment":[{"href":"https:\/\/www.jacqueslacoste.com\/en\/wp-json\/wp\/v2\/media?parent=56985"}],"curies":[{"name":"wp","href":"https:\/\/api.w.org\/{rel}","templated":true}]}}