{"id":64357,"date":"2025-03-04T15:32:35","date_gmt":"2025-03-04T14:32:35","guid":{"rendered":"https:\/\/www.jacqueslacoste.com\/?page_id=64357"},"modified":"2025-03-04T15:32:35","modified_gmt":"2025-03-04T14:32:35","slug":"andre-arbus-pair-of-armchairs-circa-1950","status":"publish","type":"page","link":"https:\/\/www.jacqueslacoste.com\/en\/other-creators-1900-1950\/andre-arbus-pair-of-armchairs-circa-1950\/","title":{"rendered":"Andr\u00e9 Arbus, Pair of armchairs, circa 1950"},"content":{"rendered":"<p>[vc_row el_id=&#8221;arianne&#8221;][vc_column][vc_column_text]<nav aria-label=\"breadcrumbs\">\n            <div class=\"breadcrumb-container theme1\">\n                <ol>\n                                    <\/ol>\n            <\/div>\n        <\/nav>    <script type=\"application\/ld+json\">\n        {\n            \"@context\": \"http:\/\/schema.org\",\n            \"@type\": \"BreadcrumbList\",\n            \"itemListElement\": [\n                            ]\n        }\n    <\/script>\n   \n    <script>\n            <\/script>\n[\/vc_column_text][\/vc_column][\/vc_row][vc_row el_id=&#8221;single-prod&#8221;][vc_column width=&#8221;1\/2&#8243;][vc_gallery type=&#8221;image_grid&#8221; images=&#8221;64339,64345&#8243; img_size=&#8221;full&#8221;][\/vc_column][vc_column width=&#8221;1\/2&#8243; css=&#8221;.vc_custom_1532640885006{padding-left: 20px !important;}&#8221; el_class=&#8221;product-details&#8221;][vc_column_text]<\/p>\n<h2>ANDRE ARBUS (1903-1969)<\/h2>\n<h3>Pair of armchairs, circa 1950<\/h3>\n<p>In sycamore maple, caning and brass<\/p>\n<p>&nbsp;<\/p>\n<p><strong>Dimensions<\/strong> :<br \/>\nH 102 x L 73 x P 74 cm<br \/>\nH 40.2 x W 28.7 x D 29.1 in.<\/p>\n<p>Seating height : 34 cm \/ 13.4 in.<\/p>\n<p>&nbsp;<\/p>\n<p><strong>Provenance\u00a0:<\/strong><br \/>\nCollection Bessard, Paris,<br \/>\nFondation de France, Paris.<\/p>\n<p>&nbsp;<\/p>\n<p><strong>Note\u00a0:<\/strong><br \/>\nSimilar model in the collection of the Ch\u00e2teau de Rambouillet<\/p>\n<p>&nbsp;<\/p>\n<p><strong>Literature\u00a0:<\/strong><br \/>\nR.Moutard-Uldry<em>, Paule Marrot et ses amis, au Mus\u00e9e des Arts D\u00e9coratifs<\/em>, Mobilier et D\u00e9coration, D\u00e9cembre 1953, N\u00b09, mod\u00e8le identique reproduit p. 7<br \/>\n<em>R.B., Le ch\u00e2teau de Rambouillet rajeuni pour ses h\u00f4tes d\u2019honneur<\/em>, Plaisir de France, mars 1954, mod\u00e8les identiques reproduits p. 26.<br \/>\nY. Brunhammer, <em>Andr\u00e9 Arbus, Architecte-D\u00e9corateur des ann\u00e9es 40<\/em>, Norma, Paris, 1996, mod\u00e8les identiques reproduits p. 313.<\/p>\n<p>&nbsp;<\/p>\n<p><em>R\u00e9f\u00a0: AA014<\/em>[\/vc_column_text][vc_column_text]<\/p>\n<ul class=\"list-inline prod-list\">\n<li><a href=\"mailto:contact@jacqueslacoste.com?subject= Price upon request : Other creators, 1900-1950 - Andr\u00e9 Arbus, Pair of armchairs, circa 1950 &body=https:www.jacqueslacoste.com\/en\/other-creators-1900-1950\/andre-arbus-pair-of-armchairs-circa-1950\/\">Price upon request<\/a><\/li>\n<li><a href=\"mailto:?subject=Other creators, 1900-1950 - Andr\u00e9 Arbus, Pair of armchairs, circa 1950 &body=https:\/\/www.jacqueslacoste.com\/en\/other-creators-1900-1950\/andre-arbus-pair-of-armchairs-circa-1950\/\">SHARE<\/a><\/li>\n<\/ul>\n<p>[\/vc_column_text][vc_btn title=&#8221;BACK&#8221; style=&#8221;classic&#8221; link=&#8221;url:%2F%2Fjacqueslacoste.com%2Fen%2Fautres-createurs-1900-1950%2F|||&#8221;][\/vc_column][\/vc_row]<\/p>\n","protected":false},"excerpt":{"rendered":"<p>[vc_row el_id=&#8221;arianne&#8221;][vc_column][vc_column_text][\/vc_column_text][\/vc_column][\/vc_row][vc_row el_id=&#8221;single-prod&#8221;][vc_column width=&#8221;1\/2&#8243;][vc_gallery type=&#8221;image_grid&#8221; images=&#8221;64339,64345&#8243; img_size=&#8221;full&#8221;][\/vc_column][vc_column width=&#8221;1\/2&#8243; css=&#8221;.vc_custom_1532640885006{padding-left: 20px !important;}&#8221; el_class=&#8221;product-details&#8221;][vc_column_text] ANDRE ARBUS (1903-1969) Pair of armchairs, circa 1950 In sycamore maple, caning and brass &nbsp; Dimensions : H 102 x L 73 x P 74 cm H 40.2 x W 28.7 x D 29.1 in. Seating height : 34 cm \/ 13.4 in. [&#8230;]<\/p>\n<p><a class=\"btn btn-secondary understrap-read-more-link\" href=\"https:\/\/www.jacqueslacoste.com\/en\/other-creators-1900-1950\/andre-arbus-pair-of-armchairs-circa-1950\/\">Read More&#8230;<\/a><\/p>\n","protected":false},"author":2,"featured_media":64342,"parent":3587,"menu_order":0,"comment_status":"closed","ping_status":"closed","template":"","meta":{"inline_featured_image":false,"footnotes":""},"class_list":["post-64357","page","type-page","status-publish","has-post-thumbnail","hentry"],"_links":{"self":[{"href":"https:\/\/www.jacqueslacoste.com\/en\/wp-json\/wp\/v2\/pages\/64357","targetHints":{"allow":["GET"]}}],"collection":[{"href":"https:\/\/www.jacqueslacoste.com\/en\/wp-json\/wp\/v2\/pages"}],"about":[{"href":"https:\/\/www.jacqueslacoste.com\/en\/wp-json\/wp\/v2\/types\/page"}],"author":[{"embeddable":true,"href":"https:\/\/www.jacqueslacoste.com\/en\/wp-json\/wp\/v2\/users\/2"}],"replies":[{"embeddable":true,"href":"https:\/\/www.jacqueslacoste.com\/en\/wp-json\/wp\/v2\/comments?post=64357"}],"version-history":[{"count":1,"href":"https:\/\/www.jacqueslacoste.com\/en\/wp-json\/wp\/v2\/pages\/64357\/revisions"}],"predecessor-version":[{"id":64360,"href":"https:\/\/www.jacqueslacoste.com\/en\/wp-json\/wp\/v2\/pages\/64357\/revisions\/64360"}],"up":[{"embeddable":true,"href":"https:\/\/www.jacqueslacoste.com\/en\/wp-json\/wp\/v2\/pages\/3587"}],"wp:featuredmedia":[{"embeddable":true,"href":"https:\/\/www.jacqueslacoste.com\/en\/wp-json\/wp\/v2\/media\/64342"}],"wp:attachment":[{"href":"https:\/\/www.jacqueslacoste.com\/en\/wp-json\/wp\/v2\/media?parent=64357"}],"curies":[{"name":"wp","href":"https:\/\/api.w.org\/{rel}","templated":true}]}}