{"id":64813,"date":"2025-03-17T12:33:49","date_gmt":"2025-03-17T11:33:49","guid":{"rendered":"https:\/\/www.jacqueslacoste.com\/?page_id=64813"},"modified":"2025-03-17T12:33:49","modified_gmt":"2025-03-17T11:33:49","slug":"hans-wassili-luckhardt-st-14-model-chair-circa-1931","status":"publish","type":"page","link":"https:\/\/www.jacqueslacoste.com\/en\/other-creators-1900-1950\/hans-wassili-luckhardt-st-14-model-chair-circa-1931\/","title":{"rendered":"Hans &#038; Wassili Luckhardt, ST 14 model chair, circa 1931"},"content":{"rendered":"<p>[vc_row el_id=&#8221;arianne&#8221;][vc_column][vc_column_text]<nav aria-label=\"breadcrumbs\">\n            <div class=\"breadcrumb-container theme1\">\n                <ol>\n                                    <\/ol>\n            <\/div>\n        <\/nav>    <script type=\"application\/ld+json\">\n        {\n            \"@context\": \"http:\/\/schema.org\",\n            \"@type\": \"BreadcrumbList\",\n            \"itemListElement\": [\n                            ]\n        }\n    <\/script>\n   \n    <script>\n            <\/script>\n[\/vc_column_text][\/vc_column][\/vc_row][vc_row el_id=&#8221;single-prod&#8221;][vc_column width=&#8221;1\/2&#8243;][vc_gallery type=&#8221;image_grid&#8221; images=&#8221;64808&#8243; img_size=&#8221;full&#8221;][\/vc_column][vc_column width=&#8221;1\/2&#8243; css=&#8221;.vc_custom_1532640885006{padding-left: 20px !important;}&#8221; el_class=&#8221;product-details&#8221;][vc_column_text]<\/p>\n<h2>HANS (1890-1954)&amp;<br \/>\nWASSILI LUCKHARDT (1889-1972)<br \/>\nEdition Desta Stahlm\u00f6bel<\/h2>\n<h3>&#8221; ST 14 &#8221; model chair, circa 1931<\/h3>\n<p>In chromed tubular steel and stained thermoformed beech<\/p>\n<p>&nbsp;<\/p>\n<p><strong>Dimensions<\/strong> :<br \/>\nH 87,5 x L 53 x P 67 cm<br \/>\nH 34.4 x W 20.9 x D 26.4 in.<\/p>\n<p>Seating height\u00a0: 45 cm \/ 17.7 in.<\/p>\n<p>&nbsp;<\/p>\n<p><strong>Exhibition :<\/strong><br \/>\n<em>Moderne Maharajah, un m\u00e9c\u00e8ne des ann\u00e9es 1930<\/em>, Mus\u00e9e des Arts D\u00e9coratifs, Paris, 2019.<\/p>\n<p>&nbsp;<\/p>\n<p><em>R\u00e9f\u00a0: HWL01<\/em>[\/vc_column_text][vc_column_text]<\/p>\n<ul class=\"list-inline prod-list\">\n<li><a href=\"mailto:contact@jacqueslacoste.com?subject= Price upon request : Other creators, 1900-1950 - Hans &#038; Wassili Luckhardt, ST 14 model chair, circa 1931 &body=https:www.jacqueslacoste.com\/en\/other-creators-1900-1950\/hans-wassili-luckhardt-st-14-model-chair-circa-1931\/\">Price upon request<\/a><\/li>\n<li><a href=\"mailto:?subject=Other creators, 1900-1950 - Hans &#038; Wassili Luckhardt, ST 14 model chair, circa 1931 &body=https:\/\/www.jacqueslacoste.com\/en\/other-creators-1900-1950\/hans-wassili-luckhardt-st-14-model-chair-circa-1931\/\">SHARE<\/a><\/li>\n<\/ul>\n<p>[\/vc_column_text][vc_btn title=&#8221;BACK&#8221; style=&#8221;classic&#8221; link=&#8221;url:%2F%2Fjacqueslacoste.com%2Fen%2Fautres-createurs-1900-1950%2F|||&#8221;][\/vc_column][\/vc_row]<\/p>\n","protected":false},"excerpt":{"rendered":"<p>[vc_row el_id=&#8221;arianne&#8221;][vc_column][vc_column_text][\/vc_column_text][\/vc_column][\/vc_row][vc_row el_id=&#8221;single-prod&#8221;][vc_column width=&#8221;1\/2&#8243;][vc_gallery type=&#8221;image_grid&#8221; images=&#8221;64808&#8243; img_size=&#8221;full&#8221;][\/vc_column][vc_column width=&#8221;1\/2&#8243; css=&#8221;.vc_custom_1532640885006{padding-left: 20px !important;}&#8221; el_class=&#8221;product-details&#8221;][vc_column_text] HANS (1890-1954)&amp; WASSILI LUCKHARDT (1889-1972) Edition Desta Stahlm\u00f6bel &#8221; ST 14 &#8221; model chair, circa 1931 In chromed tubular steel and stained thermoformed beech &nbsp; Dimensions : H 87,5 x L 53 x P 67 cm H 34.4 x W 20.9 x D [&#8230;]<\/p>\n<p><a class=\"btn btn-secondary understrap-read-more-link\" href=\"https:\/\/www.jacqueslacoste.com\/en\/other-creators-1900-1950\/hans-wassili-luckhardt-st-14-model-chair-circa-1931\/\">Read More&#8230;<\/a><\/p>\n","protected":false},"author":2,"featured_media":64807,"parent":3587,"menu_order":0,"comment_status":"closed","ping_status":"closed","template":"","meta":{"inline_featured_image":false,"footnotes":""},"class_list":["post-64813","page","type-page","status-publish","has-post-thumbnail","hentry"],"_links":{"self":[{"href":"https:\/\/www.jacqueslacoste.com\/en\/wp-json\/wp\/v2\/pages\/64813","targetHints":{"allow":["GET"]}}],"collection":[{"href":"https:\/\/www.jacqueslacoste.com\/en\/wp-json\/wp\/v2\/pages"}],"about":[{"href":"https:\/\/www.jacqueslacoste.com\/en\/wp-json\/wp\/v2\/types\/page"}],"author":[{"embeddable":true,"href":"https:\/\/www.jacqueslacoste.com\/en\/wp-json\/wp\/v2\/users\/2"}],"replies":[{"embeddable":true,"href":"https:\/\/www.jacqueslacoste.com\/en\/wp-json\/wp\/v2\/comments?post=64813"}],"version-history":[{"count":1,"href":"https:\/\/www.jacqueslacoste.com\/en\/wp-json\/wp\/v2\/pages\/64813\/revisions"}],"predecessor-version":[{"id":64814,"href":"https:\/\/www.jacqueslacoste.com\/en\/wp-json\/wp\/v2\/pages\/64813\/revisions\/64814"}],"up":[{"embeddable":true,"href":"https:\/\/www.jacqueslacoste.com\/en\/wp-json\/wp\/v2\/pages\/3587"}],"wp:featuredmedia":[{"embeddable":true,"href":"https:\/\/www.jacqueslacoste.com\/en\/wp-json\/wp\/v2\/media\/64807"}],"wp:attachment":[{"href":"https:\/\/www.jacqueslacoste.com\/en\/wp-json\/wp\/v2\/media?parent=64813"}],"curies":[{"name":"wp","href":"https:\/\/api.w.org\/{rel}","templated":true}]}}