{"id":66089,"date":"2025-04-08T15:15:19","date_gmt":"2025-04-08T13:15:19","guid":{"rendered":"https:\/\/www.jacqueslacoste.com\/?page_id=66089"},"modified":"2025-04-08T15:15:19","modified_gmt":"2025-04-08T13:15:19","slug":"yonel-lebovici-sorciere-mirror-circa-1982","status":"publish","type":"page","link":"https:\/\/www.jacqueslacoste.com\/en\/autres-createurs-apres-1950\/yonel-lebovici-sorciere-mirror-circa-1982\/","title":{"rendered":"Yonel Lebovici, Sorci\u00e8re mirror, circa 1982"},"content":{"rendered":"<p>[vc_row el_id=&#8221;arianne&#8221;][vc_column][vc_column_text]<nav aria-label=\"breadcrumbs\">\n            <div class=\"breadcrumb-container theme1\">\n                <ol>\n                                    <\/ol>\n            <\/div>\n        <\/nav>    <script type=\"application\/ld+json\">\n        {\n            \"@context\": \"http:\/\/schema.org\",\n            \"@type\": \"BreadcrumbList\",\n            \"itemListElement\": [\n                            ]\n        }\n    <\/script>\n   \n    <script>\n            <\/script>\n[\/vc_column_text][\/vc_column][\/vc_row][vc_row el_id=&#8221;single-prod&#8221;][vc_column width=&#8221;1\/2&#8243;][vc_gallery type=&#8221;image_grid&#8221; images=&#8221;66082&#8243; img_size=&#8221;full&#8221;][\/vc_column][vc_column width=&#8221;1\/2&#8243; css=&#8221;.vc_custom_1532640885006{padding-left: 20px !important;}&#8221; el_class=&#8221;product-details&#8221;][vc_column_text]<\/p>\n<h2>YONEL LEBOVICI (1937-1998)<\/h2>\n<h3>Sorci\u00e8re mirror, circa 1982<\/h3>\n<div class=\"page\" title=\"Page 1\">\n<div class=\"layoutArea\">\n<div class=\"column\">\n<p>Convex mirror in tinted glass<\/p>\n<\/div>\n<\/div>\n<\/div>\n<p>&nbsp;<\/p>\n<p><strong>Dimensions<\/strong> :<br \/>\n\u00f8 140 x P 6 cm<br \/>\n\u00f8 55.1 x D 2.4 in.<\/p>\n<p>&nbsp;<\/p>\n<div class=\"page\" title=\"Page 1\">\n<div class=\"layoutArea\">\n<div class=\"column\">\n<p><strong>Provenance :<\/strong><br \/>\nSpecial commission, only known copy<\/p>\n<p>&nbsp;<\/p>\n<p><strong>Literature :<\/strong><br \/>\nAnne Bony, <em>Yonel Lebovici<\/em>, e\u0301ditions du regard, Paris, 2022, notre miroir reproduit p. 263.<\/p>\n<p>&nbsp;<\/p>\n<p><em>Re\u0301f : LEB004<\/em><\/p>\n<\/div>\n<\/div>\n<\/div>\n<p>[\/vc_column_text][vc_column_text]<\/p>\n<ul class=\"list-inline prod-list\">\n<li><a href=\"mailto:contact@jacqueslacoste.com?subject= Price upon request : Other creators, after 1950 - Yonel Lebovici, Sorci\u00e8re mirror, circa 1982 &body=https:www.jacqueslacoste.com\/en\/autres-createurs-apres-1950\/yonel-lebovici-sorciere-mirror-circa-1982\/\">Price upon request<\/a><\/li>\n<li><a href=\"mailto:?subject=Other creators, after 1950 - Yonel Lebovici, Sorci\u00e8re mirror, circa 1982 &body=https:\/\/www.jacqueslacoste.com\/en\/autres-createurs-apres-1950\/yonel-lebovici-sorciere-mirror-circa-1982\/\">SHARE<\/a><\/li>\n<\/ul>\n<p>[\/vc_column_text][vc_btn title=&#8221;BACK&#8221; style=&#8221;classic&#8221; link=&#8221;url:https%3A%2F%2Fwww.jacqueslacoste.com%2Fen%2Fautres-createurs-apres-1950%2F|||&#8221;][\/vc_column][\/vc_row]<\/p>\n","protected":false},"excerpt":{"rendered":"<p>[vc_row el_id=&#8221;arianne&#8221;][vc_column][vc_column_text][\/vc_column_text][\/vc_column][\/vc_row][vc_row el_id=&#8221;single-prod&#8221;][vc_column width=&#8221;1\/2&#8243;][vc_gallery type=&#8221;image_grid&#8221; images=&#8221;66082&#8243; img_size=&#8221;full&#8221;][\/vc_column][vc_column width=&#8221;1\/2&#8243; css=&#8221;.vc_custom_1532640885006{padding-left: 20px !important;}&#8221; el_class=&#8221;product-details&#8221;][vc_column_text] YONEL LEBOVICI (1937-1998) Sorci\u00e8re mirror, circa 1982 Convex mirror in tinted glass &nbsp; Dimensions : \u00f8 140 x P 6 cm \u00f8 55.1 x D 2.4 in. &nbsp; Provenance : Special commission, only known copy &nbsp; Literature : Anne Bony, Yonel Lebovici, e\u0301ditions [&#8230;]<\/p>\n<p><a class=\"btn btn-secondary understrap-read-more-link\" href=\"https:\/\/www.jacqueslacoste.com\/en\/autres-createurs-apres-1950\/yonel-lebovici-sorciere-mirror-circa-1982\/\">Read More&#8230;<\/a><\/p>\n","protected":false},"author":2,"featured_media":66079,"parent":3589,"menu_order":0,"comment_status":"closed","ping_status":"closed","template":"","meta":{"inline_featured_image":false,"footnotes":""},"class_list":["post-66089","page","type-page","status-publish","has-post-thumbnail","hentry"],"_links":{"self":[{"href":"https:\/\/www.jacqueslacoste.com\/en\/wp-json\/wp\/v2\/pages\/66089","targetHints":{"allow":["GET"]}}],"collection":[{"href":"https:\/\/www.jacqueslacoste.com\/en\/wp-json\/wp\/v2\/pages"}],"about":[{"href":"https:\/\/www.jacqueslacoste.com\/en\/wp-json\/wp\/v2\/types\/page"}],"author":[{"embeddable":true,"href":"https:\/\/www.jacqueslacoste.com\/en\/wp-json\/wp\/v2\/users\/2"}],"replies":[{"embeddable":true,"href":"https:\/\/www.jacqueslacoste.com\/en\/wp-json\/wp\/v2\/comments?post=66089"}],"version-history":[{"count":1,"href":"https:\/\/www.jacqueslacoste.com\/en\/wp-json\/wp\/v2\/pages\/66089\/revisions"}],"predecessor-version":[{"id":66092,"href":"https:\/\/www.jacqueslacoste.com\/en\/wp-json\/wp\/v2\/pages\/66089\/revisions\/66092"}],"up":[{"embeddable":true,"href":"https:\/\/www.jacqueslacoste.com\/en\/wp-json\/wp\/v2\/pages\/3589"}],"wp:featuredmedia":[{"embeddable":true,"href":"https:\/\/www.jacqueslacoste.com\/en\/wp-json\/wp\/v2\/media\/66079"}],"wp:attachment":[{"href":"https:\/\/www.jacqueslacoste.com\/en\/wp-json\/wp\/v2\/media?parent=66089"}],"curies":[{"name":"wp","href":"https:\/\/api.w.org\/{rel}","templated":true}]}}