{"id":68490,"date":"2025-06-09T12:09:31","date_gmt":"2025-06-09T10:09:31","guid":{"rendered":"https:\/\/www.jacqueslacoste.com\/?page_id=68490"},"modified":"2025-11-27T12:04:06","modified_gmt":"2025-11-27T11:04:06","slug":"jean-royere-coffee-table-1936","status":"publish","type":"page","link":"https:\/\/www.jacqueslacoste.com\/en\/jean-royere\/jean-royere-coffee-table-1936\/","title":{"rendered":"Jean Roy\u00e8re, Coffee table, 1936"},"content":{"rendered":"<p>[vc_row el_id=&#8221;arianne&#8221;][vc_column][vc_column_text]<nav aria-label=\"breadcrumbs\">\n            <div class=\"breadcrumb-container theme1\">\n                <ol>\n                                    <\/ol>\n            <\/div>\n        <\/nav>    <script type=\"application\/ld+json\">\n        {\n            \"@context\": \"http:\/\/schema.org\",\n            \"@type\": \"BreadcrumbList\",\n            \"itemListElement\": [\n                            ]\n        }\n    <\/script>\n   \n    <script>\n            <\/script>\n[\/vc_column_text][\/vc_column][\/vc_row][vc_row el_id=&#8221;single-prod&#8221;][vc_column width=&#8221;1\/2&#8243;][vc_gallery type=&#8221;image_grid&#8221; images=&#8221;68479,75378&#8243; img_size=&#8221;full&#8221;][\/vc_column][vc_column width=&#8221;1\/2&#8243; css=&#8221;.vc_custom_1532640885006{padding-left: 20px !important;}&#8221; el_class=&#8221;product-details&#8221;][vc_column_text]<\/p>\n<h2>JEAN ROY\u00c8RE (1902-1981)<\/h2>\n<h3>Round coffee table, 1936<\/h3>\n<div class=\"page\" title=\"Page 1\">\n<div class=\"layoutArea\">\n<div class=\"column\">\n<p>In oak<\/p>\n<p>&nbsp;<\/p>\n<\/div>\n<\/div>\n<\/div>\n<p><strong>Dimensions<\/strong> :<br \/>\nH 36 x \u00f8 85 cm<br \/>\nH 14,2 x \u00f8 33,4 in<\/p>\n<p>&nbsp;<\/p>\n<p><strong>Provenance :<br \/>\n<\/strong>Purchased from the family of the first owner Mr E.<\/p>\n<p><strong>\u00a0<\/strong><\/p>\n<div class=\"page\" title=\"Page 1\">\n<div class=\"layoutArea\">\n<div class=\"column\">\n<p><strong>Documentation :<\/strong><br \/>\nArchives Jean Roye\u0300re, Muse\u0301e des Arts De\u0301coratifs, plan d\u2019exe\u0301cution N\u00b0 1.446 pour notre table, 1936<\/p>\n<p>&nbsp;<\/p>\n<p><em>Re\u0301f : JR497<\/em><\/p>\n<\/div>\n<\/div>\n<\/div>\n<p>[\/vc_column_text][vc_column_text]<\/p>\n<ul class=\"list-inline prod-list\">\n<li><a href=\"\/\/www.jacqueslacoste.com\/jean-royere\/biographie-de-jean-royere\/\" target=\"_blank\" rel=\"noopener noreferrer\">Biographie<\/a><\/li>\n<li><a href=\"\/\/www.jacqueslacoste.com\/jean-royere\/nos-archives-2\/\" target=\"_blank\" rel=\"noopener noreferrer\">Archives<\/a><\/li>\n<li><a href=\"mailto:contact@jacqueslacoste.com?subject= Price upon request : Jean Roy\u00e8re - Jean Roy\u00e8re, Coffee table, 1936 &body=https:www.jacqueslacoste.com\/en\/jean-royere\/jean-royere-coffee-table-1936\/\">Price upon request<\/a><\/li>\n<li><a href=\"mailto:?subject=Jean Roy\u00e8re - Jean Roy\u00e8re, Coffee table, 1936 &body=https:\/\/www.jacqueslacoste.com\/en\/jean-royere\/jean-royere-coffee-table-1936\/\">SHARE<\/a><\/li>\n<\/ul>\n<p>[\/vc_column_text][vc_btn title=&#8221;BACK&#8221; style=&#8221;classic&#8221; link=&#8221;url:https%3A%2F%2Fwww.jacqueslacoste.com%2Fen%2Fjean-royere%2F|||&#8221;][\/vc_column][\/vc_row]<\/p>\n","protected":false},"excerpt":{"rendered":"<p>[vc_row el_id=&#8221;arianne&#8221;][vc_column][vc_column_text][\/vc_column_text][\/vc_column][\/vc_row][vc_row el_id=&#8221;single-prod&#8221;][vc_column width=&#8221;1\/2&#8243;][vc_gallery type=&#8221;image_grid&#8221; images=&#8221;68479,75378&#8243; img_size=&#8221;full&#8221;][\/vc_column][vc_column width=&#8221;1\/2&#8243; css=&#8221;.vc_custom_1532640885006{padding-left: 20px !important;}&#8221; el_class=&#8221;product-details&#8221;][vc_column_text] JEAN ROY\u00c8RE (1902-1981) Round coffee table, 1936 In oak &nbsp; Dimensions : H 36 x \u00f8 85 cm H 14,2 x \u00f8 33,4 in &nbsp; Provenance : Purchased from the family of the first owner Mr E. \u00a0 Documentation : Archives Jean Roye\u0300re, [&#8230;]<\/p>\n<p><a class=\"btn btn-secondary understrap-read-more-link\" href=\"https:\/\/www.jacqueslacoste.com\/en\/jean-royere\/jean-royere-coffee-table-1936\/\">Read More&#8230;<\/a><\/p>\n","protected":false},"author":2,"featured_media":68482,"parent":3616,"menu_order":0,"comment_status":"closed","ping_status":"closed","template":"","meta":{"inline_featured_image":false,"footnotes":""},"class_list":["post-68490","page","type-page","status-publish","has-post-thumbnail","hentry"],"_links":{"self":[{"href":"https:\/\/www.jacqueslacoste.com\/en\/wp-json\/wp\/v2\/pages\/68490","targetHints":{"allow":["GET"]}}],"collection":[{"href":"https:\/\/www.jacqueslacoste.com\/en\/wp-json\/wp\/v2\/pages"}],"about":[{"href":"https:\/\/www.jacqueslacoste.com\/en\/wp-json\/wp\/v2\/types\/page"}],"author":[{"embeddable":true,"href":"https:\/\/www.jacqueslacoste.com\/en\/wp-json\/wp\/v2\/users\/2"}],"replies":[{"embeddable":true,"href":"https:\/\/www.jacqueslacoste.com\/en\/wp-json\/wp\/v2\/comments?post=68490"}],"version-history":[{"count":3,"href":"https:\/\/www.jacqueslacoste.com\/en\/wp-json\/wp\/v2\/pages\/68490\/revisions"}],"predecessor-version":[{"id":75380,"href":"https:\/\/www.jacqueslacoste.com\/en\/wp-json\/wp\/v2\/pages\/68490\/revisions\/75380"}],"up":[{"embeddable":true,"href":"https:\/\/www.jacqueslacoste.com\/en\/wp-json\/wp\/v2\/pages\/3616"}],"wp:featuredmedia":[{"embeddable":true,"href":"https:\/\/www.jacqueslacoste.com\/en\/wp-json\/wp\/v2\/media\/68482"}],"wp:attachment":[{"href":"https:\/\/www.jacqueslacoste.com\/en\/wp-json\/wp\/v2\/media?parent=68490"}],"curies":[{"name":"wp","href":"https:\/\/api.w.org\/{rel}","templated":true}]}}