{"id":68943,"date":"2025-06-12T15:01:05","date_gmt":"2025-06-12T13:01:05","guid":{"rendered":"https:\/\/www.jacqueslacoste.com\/?page_id=68943"},"modified":"2025-06-12T15:01:05","modified_gmt":"2025-06-12T13:01:05","slug":"jean-royere-set-of-4-chairs-circa-1955","status":"publish","type":"page","link":"https:\/\/www.jacqueslacoste.com\/en\/jean-royere\/jean-royere-set-of-4-chairs-circa-1955\/","title":{"rendered":"Jean Roy\u00e8re, Set of 4 chairs, circa 1955"},"content":{"rendered":"<p>[vc_row el_id=&#8221;arianne&#8221;][vc_column][vc_column_text]<nav aria-label=\"breadcrumbs\">\n            <div class=\"breadcrumb-container theme1\">\n                <ol>\n                                    <\/ol>\n            <\/div>\n        <\/nav>    <script type=\"application\/ld+json\">\n        {\n            \"@context\": \"http:\/\/schema.org\",\n            \"@type\": \"BreadcrumbList\",\n            \"itemListElement\": [\n                            ]\n        }\n    <\/script>\n   \n    <script>\n            <\/script>\n[\/vc_column_text][\/vc_column][\/vc_row][vc_row el_id=&#8221;single-prod&#8221;][vc_column width=&#8221;1\/2&#8243;][vc_gallery type=&#8221;image_grid&#8221; images=&#8221;68936,68930,68907&#8243; img_size=&#8221;full&#8221;][\/vc_column][vc_column width=&#8221;1\/2&#8243; css=&#8221;.vc_custom_1532640885006{padding-left: 20px !important;}&#8221; el_class=&#8221;product-details&#8221;][vc_column_text]<\/p>\n<h2>JEAN ROY\u00c8RE (1902-1981)<\/h2>\n<h3>Set of 4 chairs, circa 1955<\/h3>\n<div class=\"page\" title=\"Page 1\">\n<div class=\"layoutArea\">\n<div class=\"column\">\n<p>In beechwood and velvet<\/p>\n<\/div>\n<\/div>\n<\/div>\n<p>&nbsp;<\/p>\n<p><strong>Dimensions<\/strong> :<br \/>\nH 91 x L 47 x P 50,5 cm<br \/>\nH 35.8 x W 18.5 x D 19.9 in.<\/p>\n<p>Seating height\u00a0: 45 cm \/ 17.7 in.<\/p>\n<p>&nbsp;<\/p>\n<p><strong>Provenance :<\/strong><br \/>\nPurchase from the family of the first owner Mr M..<\/p>\n<p>&nbsp;<\/p>\n<p><strong>Documentation :<\/strong><br \/>\nArchives Jean Roy\u00e8re, Mus\u00e9e des Arts D\u00e9coratifs, plan d\u2019ex\u00e9cution N\u00b0 5.507 et croquis pr\u00e9paratoire pour notre mod\u00e8le, 1955<\/p>\n<p>&nbsp;<\/p>\n<p><em>R\u00e9f\u00a0: JR503<\/em>[\/vc_column_text][vc_column_text]<\/p>\n<ul class=\"list-inline prod-list\">\n<li><a href=\"\/\/www.jacqueslacoste.com\/jean-royere\/biographie-de-jean-royere\/\" target=\"_blank\" rel=\"noopener noreferrer\">Biographie<\/a><\/li>\n<li><a href=\"\/\/www.jacqueslacoste.com\/jean-royere\/nos-archives-2\/\" target=\"_blank\" rel=\"noopener noreferrer\">Archives<\/a><\/li>\n<li><a href=\"mailto:contact@jacqueslacoste.com?subject= Price upon request : Jean Roy\u00e8re - Jean Roy\u00e8re, Set of 4 chairs, circa 1955 &body=https:www.jacqueslacoste.com\/en\/jean-royere\/jean-royere-set-of-4-chairs-circa-1955\/\">Price upon request<\/a><\/li>\n<li><a href=\"mailto:?subject=Jean Roy\u00e8re - Jean Roy\u00e8re, Set of 4 chairs, circa 1955 &body=https:\/\/www.jacqueslacoste.com\/en\/jean-royere\/jean-royere-set-of-4-chairs-circa-1955\/\">SHARE<\/a><\/li>\n<\/ul>\n<p>[\/vc_column_text][vc_btn title=&#8221;BACK&#8221; style=&#8221;classic&#8221; link=&#8221;url:https%3A%2F%2Fwww.jacqueslacoste.com%2Fen%2Fjean-royere%2F|||&#8221;][\/vc_column][\/vc_row]<\/p>\n","protected":false},"excerpt":{"rendered":"<p>[vc_row el_id=&#8221;arianne&#8221;][vc_column][vc_column_text][\/vc_column_text][\/vc_column][\/vc_row][vc_row el_id=&#8221;single-prod&#8221;][vc_column width=&#8221;1\/2&#8243;][vc_gallery type=&#8221;image_grid&#8221; images=&#8221;68936,68930,68907&#8243; img_size=&#8221;full&#8221;][\/vc_column][vc_column width=&#8221;1\/2&#8243; css=&#8221;.vc_custom_1532640885006{padding-left: 20px !important;}&#8221; el_class=&#8221;product-details&#8221;][vc_column_text] JEAN ROY\u00c8RE (1902-1981) Set of 4 chairs, circa 1955 In beechwood and velvet &nbsp; Dimensions : H 91 x L 47 x P 50,5 cm H 35.8 x W 18.5 x D 19.9 in. Seating height\u00a0: 45 cm \/ 17.7 in. &nbsp; Provenance [&#8230;]<\/p>\n<p><a class=\"btn btn-secondary understrap-read-more-link\" href=\"https:\/\/www.jacqueslacoste.com\/en\/jean-royere\/jean-royere-set-of-4-chairs-circa-1955\/\">Read More&#8230;<\/a><\/p>\n","protected":false},"author":2,"featured_media":68933,"parent":3616,"menu_order":0,"comment_status":"closed","ping_status":"closed","template":"","meta":{"inline_featured_image":false,"footnotes":""},"class_list":["post-68943","page","type-page","status-publish","has-post-thumbnail","hentry"],"_links":{"self":[{"href":"https:\/\/www.jacqueslacoste.com\/en\/wp-json\/wp\/v2\/pages\/68943","targetHints":{"allow":["GET"]}}],"collection":[{"href":"https:\/\/www.jacqueslacoste.com\/en\/wp-json\/wp\/v2\/pages"}],"about":[{"href":"https:\/\/www.jacqueslacoste.com\/en\/wp-json\/wp\/v2\/types\/page"}],"author":[{"embeddable":true,"href":"https:\/\/www.jacqueslacoste.com\/en\/wp-json\/wp\/v2\/users\/2"}],"replies":[{"embeddable":true,"href":"https:\/\/www.jacqueslacoste.com\/en\/wp-json\/wp\/v2\/comments?post=68943"}],"version-history":[{"count":1,"href":"https:\/\/www.jacqueslacoste.com\/en\/wp-json\/wp\/v2\/pages\/68943\/revisions"}],"predecessor-version":[{"id":68946,"href":"https:\/\/www.jacqueslacoste.com\/en\/wp-json\/wp\/v2\/pages\/68943\/revisions\/68946"}],"up":[{"embeddable":true,"href":"https:\/\/www.jacqueslacoste.com\/en\/wp-json\/wp\/v2\/pages\/3616"}],"wp:featuredmedia":[{"embeddable":true,"href":"https:\/\/www.jacqueslacoste.com\/en\/wp-json\/wp\/v2\/media\/68933"}],"wp:attachment":[{"href":"https:\/\/www.jacqueslacoste.com\/en\/wp-json\/wp\/v2\/media?parent=68943"}],"curies":[{"name":"wp","href":"https:\/\/api.w.org\/{rel}","templated":true}]}}