{"id":74498,"date":"2025-11-17T13:11:37","date_gmt":"2025-11-17T12:11:37","guid":{"rendered":"https:\/\/www.jacqueslacoste.com\/?page_id=74498"},"modified":"2025-11-17T13:11:37","modified_gmt":"2025-11-17T12:11:37","slug":"louis-sue-et-andre-mare-coffee-table-circa-1920-2","status":"publish","type":"page","link":"https:\/\/www.jacqueslacoste.com\/en\/louis-sue-et-andre-mare\/louis-sue-et-andre-mare-coffee-table-circa-1920-2\/","title":{"rendered":"Louis Sue et Andr\u00e9 Mare, Coffee table, circa 1920"},"content":{"rendered":"<p>[vc_row el_id=&#8221;arianne&#8221;][vc_column][vc_column_text]<nav aria-label=\"breadcrumbs\">\n            <div class=\"breadcrumb-container theme1\">\n                <ol>\n                                    <\/ol>\n            <\/div>\n        <\/nav>    <script type=\"application\/ld+json\">\n        {\n            \"@context\": \"http:\/\/schema.org\",\n            \"@type\": \"BreadcrumbList\",\n            \"itemListElement\": [\n                            ]\n        }\n    <\/script>\n   \n    <script>\n            <\/script>\n[\/vc_column_text][\/vc_column][\/vc_row][vc_row el_id=&#8221;single-prod&#8221;][vc_column width=&#8221;1\/2&#8243;][vc_gallery type=&#8221;image_grid&#8221; images=&#8221;74487&#8243; img_size=&#8221;full&#8221;][\/vc_column][vc_column width=&#8221;1\/2&#8243; css=&#8221;.vc_custom_1532640885006{padding-left: 20px !important;}&#8221; el_class=&#8221;product-details&#8221;][vc_column_text]<\/p>\n<h2>LOUIS S\u00dcE (1975-1932)<br \/>\n&amp; ANDR\u00c9 MARE (1885-1932)<\/h2>\n<h3>Coffee table, circa 1920<\/h3>\n<p>In Grey painted oak<\/p>\n<p>&nbsp;<\/p>\n<p><strong>Dimensions<\/strong> :<br \/>\nH 51,5 x \u00f8 102 cm<br \/>\nH 20,3 x \u00f8 40,2 in.<\/p>\n<p>&nbsp;<\/p>\n<p><strong>Literature :<\/strong><br \/>\nFlorence Camard, <em>Su\u0308e et Mare et la compagnie des Arts Franc\u0327ais<\/em>, les e\u0301ditions de l&#8217;amateur, Paris, 1993, p.122<\/p>\n<p>&nbsp;<\/p>\n<p><em>R\u00e9f\u00a0: SEM058<\/em>[\/vc_column_text][vc_column_text]<\/p>\n<ul class=\"list-inline prod-list\">\n<li><a href=\"mailto:contact@jacqueslacoste.com?subject= Price upon request : Louis S\u00fce et Andr\u00e9 Mare - Louis Sue et Andr\u00e9 Mare, Coffee table, circa 1920 &body=https:www.jacqueslacoste.com\/en\/louis-sue-et-andre-mare\/louis-sue-et-andre-mare-coffee-table-circa-1920-2\/\">Price upon request<\/a><\/li>\n<li><a href=\"mailto:?subject=Louis S\u00fce et Andr\u00e9 Mare - Louis Sue et Andr\u00e9 Mare, Coffee table, circa 1920 &body=https:\/\/www.jacqueslacoste.com\/en\/louis-sue-et-andre-mare\/louis-sue-et-andre-mare-coffee-table-circa-1920-2\/\">SHARE<\/a><\/li>\n<\/ul>\n<p>[\/vc_column_text][vc_btn title=&#8221;BACK&#8221; style=&#8221;classic&#8221; link=&#8221;url:https%3A%2F%2Fwww.jacqueslacoste.com%2Fen%2Flouis-sue-et-andre-mare%2F|||&#8221;][\/vc_column][\/vc_row]<\/p>\n","protected":false},"excerpt":{"rendered":"<p>[vc_row el_id=&#8221;arianne&#8221;][vc_column][vc_column_text][\/vc_column_text][\/vc_column][\/vc_row][vc_row el_id=&#8221;single-prod&#8221;][vc_column width=&#8221;1\/2&#8243;][vc_gallery type=&#8221;image_grid&#8221; images=&#8221;74487&#8243; img_size=&#8221;full&#8221;][\/vc_column][vc_column width=&#8221;1\/2&#8243; css=&#8221;.vc_custom_1532640885006{padding-left: 20px !important;}&#8221; el_class=&#8221;product-details&#8221;][vc_column_text] LOUIS S\u00dcE (1975-1932) &amp; ANDR\u00c9 MARE (1885-1932) Coffee table, circa 1920 In Grey painted oak &nbsp; Dimensions : H 51,5 x \u00f8 102 cm H 20,3 x \u00f8 40,2 in. &nbsp; Literature : Florence Camard, Su\u0308e et Mare et la compagnie des Arts [&#8230;]<\/p>\n<p><a class=\"btn btn-secondary understrap-read-more-link\" href=\"https:\/\/www.jacqueslacoste.com\/en\/louis-sue-et-andre-mare\/louis-sue-et-andre-mare-coffee-table-circa-1920-2\/\">Read More&#8230;<\/a><\/p>\n","protected":false},"author":2,"featured_media":74490,"parent":74415,"menu_order":0,"comment_status":"closed","ping_status":"closed","template":"","meta":{"inline_featured_image":false,"footnotes":""},"class_list":["post-74498","page","type-page","status-publish","has-post-thumbnail","hentry"],"_links":{"self":[{"href":"https:\/\/www.jacqueslacoste.com\/en\/wp-json\/wp\/v2\/pages\/74498","targetHints":{"allow":["GET"]}}],"collection":[{"href":"https:\/\/www.jacqueslacoste.com\/en\/wp-json\/wp\/v2\/pages"}],"about":[{"href":"https:\/\/www.jacqueslacoste.com\/en\/wp-json\/wp\/v2\/types\/page"}],"author":[{"embeddable":true,"href":"https:\/\/www.jacqueslacoste.com\/en\/wp-json\/wp\/v2\/users\/2"}],"replies":[{"embeddable":true,"href":"https:\/\/www.jacqueslacoste.com\/en\/wp-json\/wp\/v2\/comments?post=74498"}],"version-history":[{"count":1,"href":"https:\/\/www.jacqueslacoste.com\/en\/wp-json\/wp\/v2\/pages\/74498\/revisions"}],"predecessor-version":[{"id":74501,"href":"https:\/\/www.jacqueslacoste.com\/en\/wp-json\/wp\/v2\/pages\/74498\/revisions\/74501"}],"up":[{"embeddable":true,"href":"https:\/\/www.jacqueslacoste.com\/en\/wp-json\/wp\/v2\/pages\/74415"}],"wp:featuredmedia":[{"embeddable":true,"href":"https:\/\/www.jacqueslacoste.com\/en\/wp-json\/wp\/v2\/media\/74490"}],"wp:attachment":[{"href":"https:\/\/www.jacqueslacoste.com\/en\/wp-json\/wp\/v2\/media?parent=74498"}],"curies":[{"name":"wp","href":"https:\/\/api.w.org\/{rel}","templated":true}]}}