{"id":75214,"date":"2025-11-20T14:34:23","date_gmt":"2025-11-20T13:34:23","guid":{"rendered":"https:\/\/www.jacqueslacoste.com\/?page_id=75214"},"modified":"2025-11-20T14:34:23","modified_gmt":"2025-11-20T13:34:23","slug":"louis-sue-et-andre-mare-n4001-baluster-covered-pot-circa-1920","status":"publish","type":"page","link":"https:\/\/www.jacqueslacoste.com\/en\/louis-sue-et-andre-mare\/louis-sue-et-andre-mare-n4001-baluster-covered-pot-circa-1920\/","title":{"rendered":"Louis Sue et Andr\u00e9 Mare, n\u00b04001 baluster covered pot, circa 1920"},"content":{"rendered":"<p>[vc_row el_id=&#8221;arianne&#8221;][vc_column][vc_column_text]<nav aria-label=\"breadcrumbs\">\n            <div class=\"breadcrumb-container theme1\">\n                <ol>\n                                    <\/ol>\n            <\/div>\n        <\/nav>    <script type=\"application\/ld+json\">\n        {\n            \"@context\": \"http:\/\/schema.org\",\n            \"@type\": \"BreadcrumbList\",\n            \"itemListElement\": [\n                            ]\n        }\n    <\/script>\n   \n    <script>\n            <\/script>\n[\/vc_column_text][\/vc_column][\/vc_row][vc_row el_id=&#8221;single-prod&#8221;][vc_column width=&#8221;1\/2&#8243;][vc_gallery type=&#8221;image_grid&#8221; images=&#8221;75206&#8243; img_size=&#8221;full&#8221;][\/vc_column][vc_column width=&#8221;1\/2&#8243; css=&#8221;.vc_custom_1532640885006{padding-left: 20px !important;}&#8221; el_class=&#8221;product-details&#8221;][vc_column_text]<\/p>\n<h2>LOUIS S\u00dcE (1875-1968)<br \/>\n&amp; ANDR\u00c9 MARE (1885-1932)<\/h2>\n<h3>N\u00b0 4001 baluster covered pot, circa 1920<\/h3>\n<div class=\"page\" title=\"Page 1\">\n<div class=\"layoutArea\">\n<div class=\"column\">\n<div class=\"page\" title=\"Page 1\">\n<div class=\"layoutArea\">\n<div class=\"column\">\n<p>In black glazed ceramic with flower basket design on lid<\/p>\n<\/div>\n<\/div>\n<\/div>\n<\/div>\n<\/div>\n<\/div>\n<p>&nbsp;<\/p>\n<p><strong>Dimensions<\/strong> :<br \/>\nH 28,5 x \u00f8 22 cm<br \/>\nH 11.2 x \u00f8 8.7 in.<\/p>\n<p>&nbsp;<\/p>\n<div class=\"page\" title=\"Page 1\">\n<div class=\"layoutArea\">\n<div class=\"column\">\n<p><strong>Exhibitions :<\/strong><br \/>\nXe Salon des Artistes De\u0301corateurs, Muse\u0301e des Arts De\u0301coratifs, Pavillon de Marsan, Palais du Louvre, Paris, du 18 mars au 30 avril 1919, mode\u0300le similaireexpose\u0301 lors de cette manifestation au sein de la pre\u0301sentation des<br \/>\n\u00ab Meubles en se\u0301rie \u00bb de Sue et Mare (nume\u0301ro 167 du catalogue d\u2019exposition.<\/p>\n<p>&nbsp;<\/p>\n<p><strong>Literature :<\/strong><br \/>\nFlorence Camard, <em>Su\u0308e et Mare et la compagnie des Arts Franc\u0327ais<\/em>, les e\u0301ditions de l&#8217;amateur, Paris, 1993, mode\u0300les similaires reproduits p. 86, 104, 259 et 283.<\/p>\n<div class=\"page\" title=\"Page 1\">\n<div class=\"layoutArea\">\n<div class=\"column\">\n<p>&nbsp;<\/p>\n<p><em>Re\u0301f : SEM053<\/em><\/p>\n<\/div>\n<\/div>\n<\/div>\n<\/div>\n<\/div>\n<\/div>\n<p>[\/vc_column_text][vc_column_text]<\/p>\n<ul class=\"list-inline prod-list\">\n<li><a href=\"mailto:contact@jacqueslacoste.com?subject= Price upon request : Louis S\u00fce et Andr\u00e9 Mare - Louis Sue et Andr\u00e9 Mare, n\u00b04001 baluster covered pot, circa 1920 &body=https:www.jacqueslacoste.com\/en\/louis-sue-et-andre-mare\/louis-sue-et-andre-mare-n4001-baluster-covered-pot-circa-1920\/\">Price upon request<\/a><\/li>\n<li><a href=\"mailto:?subject=Louis S\u00fce et Andr\u00e9 Mare - Louis Sue et Andr\u00e9 Mare, n\u00b04001 baluster covered pot, circa 1920 &body=https:\/\/www.jacqueslacoste.com\/en\/louis-sue-et-andre-mare\/louis-sue-et-andre-mare-n4001-baluster-covered-pot-circa-1920\/\">SHARE<\/a><\/li>\n<\/ul>\n<p>[\/vc_column_text][vc_btn title=&#8221;BACK&#8221; style=&#8221;classic&#8221; link=&#8221;url:https%3A%2F%2Fwww.jacqueslacoste.com%2Fen%2Flouis-sue-et-andre-mare%2F|||&#8221;][\/vc_column][\/vc_row]<\/p>\n","protected":false},"excerpt":{"rendered":"<p>[vc_row el_id=&#8221;arianne&#8221;][vc_column][vc_column_text][\/vc_column_text][\/vc_column][\/vc_row][vc_row el_id=&#8221;single-prod&#8221;][vc_column width=&#8221;1\/2&#8243;][vc_gallery type=&#8221;image_grid&#8221; images=&#8221;75206&#8243; img_size=&#8221;full&#8221;][\/vc_column][vc_column width=&#8221;1\/2&#8243; css=&#8221;.vc_custom_1532640885006{padding-left: 20px !important;}&#8221; el_class=&#8221;product-details&#8221;][vc_column_text] LOUIS S\u00dcE (1875-1968) &amp; ANDR\u00c9 MARE (1885-1932) N\u00b0 4001 baluster covered pot, circa 1920 In black glazed ceramic with flower basket design on lid &nbsp; Dimensions : H 28,5 x \u00f8 22 cm H 11.2 x \u00f8 8.7 in. &nbsp; Exhibitions : Xe [&#8230;]<\/p>\n<p><a class=\"btn btn-secondary understrap-read-more-link\" href=\"https:\/\/www.jacqueslacoste.com\/en\/louis-sue-et-andre-mare\/louis-sue-et-andre-mare-n4001-baluster-covered-pot-circa-1920\/\">Read More&#8230;<\/a><\/p>\n","protected":false},"author":2,"featured_media":75209,"parent":74415,"menu_order":0,"comment_status":"closed","ping_status":"closed","template":"","meta":{"inline_featured_image":false,"footnotes":""},"class_list":["post-75214","page","type-page","status-publish","has-post-thumbnail","hentry"],"_links":{"self":[{"href":"https:\/\/www.jacqueslacoste.com\/en\/wp-json\/wp\/v2\/pages\/75214","targetHints":{"allow":["GET"]}}],"collection":[{"href":"https:\/\/www.jacqueslacoste.com\/en\/wp-json\/wp\/v2\/pages"}],"about":[{"href":"https:\/\/www.jacqueslacoste.com\/en\/wp-json\/wp\/v2\/types\/page"}],"author":[{"embeddable":true,"href":"https:\/\/www.jacqueslacoste.com\/en\/wp-json\/wp\/v2\/users\/2"}],"replies":[{"embeddable":true,"href":"https:\/\/www.jacqueslacoste.com\/en\/wp-json\/wp\/v2\/comments?post=75214"}],"version-history":[{"count":1,"href":"https:\/\/www.jacqueslacoste.com\/en\/wp-json\/wp\/v2\/pages\/75214\/revisions"}],"predecessor-version":[{"id":75215,"href":"https:\/\/www.jacqueslacoste.com\/en\/wp-json\/wp\/v2\/pages\/75214\/revisions\/75215"}],"up":[{"embeddable":true,"href":"https:\/\/www.jacqueslacoste.com\/en\/wp-json\/wp\/v2\/pages\/74415"}],"wp:featuredmedia":[{"embeddable":true,"href":"https:\/\/www.jacqueslacoste.com\/en\/wp-json\/wp\/v2\/media\/75209"}],"wp:attachment":[{"href":"https:\/\/www.jacqueslacoste.com\/en\/wp-json\/wp\/v2\/media?parent=75214"}],"curies":[{"name":"wp","href":"https:\/\/api.w.org\/{rel}","templated":true}]}}