{"id":75531,"date":"2025-12-01T15:48:02","date_gmt":"2025-12-01T14:48:02","guid":{"rendered":"https:\/\/www.jacqueslacoste.com\/?page_id=75531"},"modified":"2025-12-01T15:48:02","modified_gmt":"2025-12-01T14:48:02","slug":"louis-sue-et-andre-mare-pair-of-panier-fleuri-chairs-circa-1910-1920","status":"publish","type":"page","link":"https:\/\/www.jacqueslacoste.com\/en\/louis-sue-et-andre-mare\/louis-sue-et-andre-mare-pair-of-panier-fleuri-chairs-circa-1910-1920\/","title":{"rendered":"Louis Sue et Andr\u00e9 Mare, Pair of &#8220;panier fleuri&#8221; chairs, circa 1910-1920"},"content":{"rendered":"<p>[vc_row el_id=&#8221;arianne&#8221;][vc_column][vc_column_text]<nav aria-label=\"breadcrumbs\">\n            <div class=\"breadcrumb-container theme1\">\n                <ol>\n                                    <\/ol>\n            <\/div>\n        <\/nav>    <script type=\"application\/ld+json\">\n        {\n            \"@context\": \"http:\/\/schema.org\",\n            \"@type\": \"BreadcrumbList\",\n            \"itemListElement\": [\n                            ]\n        }\n    <\/script>\n   \n    <script>\n            <\/script>\n[\/vc_column_text][\/vc_column][\/vc_row][vc_row el_id=&#8221;single-prod&#8221;][vc_column width=&#8221;1\/2&#8243;][vc_gallery type=&#8221;image_grid&#8221; images=&#8221;75526&#8243; img_size=&#8221;full&#8221;][\/vc_column][vc_column width=&#8221;1\/2&#8243; css=&#8221;.vc_custom_1532640885006{padding-left: 20px !important;}&#8221; el_class=&#8221;product-details&#8221;][vc_column_text]<\/p>\n<h2>LOUIS S\u00dcE (1875-1968)<br \/>\n&amp; ANDR\u00c9 MARE (1885-1932)<\/h2>\n<h3>Pair of &#8221; Panier fleuri &#8221; chairs, circa 1910-1920<\/h3>\n<div class=\"page\" title=\"Page 1\">\n<div class=\"layoutArea\">\n<div class=\"column\">\n<p>In sculpted mahogany<\/p>\n<\/div>\n<\/div>\n<\/div>\n<p>&nbsp;<\/p>\n<p><strong>Dimensions<\/strong> :<br \/>\nH 92 cm x L 43,5 x P 44 cm<br \/>\nH 36 x W 17 x D 17 in.<\/p>\n<p>Seating height : 49 cm \/ 19 in.<\/p>\n<p>&nbsp;<\/p>\n<div class=\"page\" title=\"Page 1\">\n<div class=\"layoutArea\">\n<div class=\"column\">\n<p><strong>Exhibitions :<\/strong><br \/>\nSalon d\u2019Automne, Paris, 1912.<br \/>\nMetropolitan Museum, New York, Collection permanente. Muse\u0301e des Arts De\u0301coratifs, Paris, Collection permanente.<\/p>\n<p>&nbsp;<\/p>\n<\/div>\n<\/div>\n<div class=\"layoutArea\">\n<div class=\"column\">\n<p><strong>Literature :<\/strong><br \/>\nFlorence Camard, <em>Su\u0308e et Mare et la compagnie des Arts Franc\u0327ai<\/em>s, les e\u0301ditions de l&#8217;amateur, Paris, 1993, mode\u0300les variants reproduits p. 58, 64, 65, 90 et 271.<\/p>\n<p>&nbsp;<\/p>\n<\/div>\n<\/div>\n<div class=\"layoutArea\">\n<div class=\"column\">\n<p><em>Re\u0301f : SEM046<\/em><\/p>\n<\/div>\n<\/div>\n<\/div>\n<p>[\/vc_column_text][vc_column_text]<\/p>\n<ul class=\"list-inline prod-list\">\n<li><a href=\"mailto:contact@jacqueslacoste.com?subject= Price upon request : Louis S\u00fce et Andr\u00e9 Mare - Louis Sue et Andr\u00e9 Mare, Pair of &#8220;panier fleuri&#8221; chairs, circa 1910-1920 &body=https:www.jacqueslacoste.com\/en\/louis-sue-et-andre-mare\/louis-sue-et-andre-mare-pair-of-panier-fleuri-chairs-circa-1910-1920\/\">Price upon request<\/a><\/li>\n<li><a href=\"mailto:?subject=Louis S\u00fce et Andr\u00e9 Mare - Louis Sue et Andr\u00e9 Mare, Pair of &#8220;panier fleuri&#8221; chairs, circa 1910-1920 &body=https:\/\/www.jacqueslacoste.com\/en\/louis-sue-et-andre-mare\/louis-sue-et-andre-mare-pair-of-panier-fleuri-chairs-circa-1910-1920\/\">SHARE<\/a><\/li>\n<\/ul>\n<p>[\/vc_column_text][vc_btn title=&#8221;BACK&#8221; style=&#8221;classic&#8221; link=&#8221;url:https%3A%2F%2Fwww.jacqueslacoste.com%2Fen%2Flouis-sue-et-andre-mare%2F|||&#8221;][\/vc_column][\/vc_row]<\/p>\n","protected":false},"excerpt":{"rendered":"<p>[vc_row el_id=&#8221;arianne&#8221;][vc_column][vc_column_text][\/vc_column_text][\/vc_column][\/vc_row][vc_row el_id=&#8221;single-prod&#8221;][vc_column width=&#8221;1\/2&#8243;][vc_gallery type=&#8221;image_grid&#8221; images=&#8221;75526&#8243; img_size=&#8221;full&#8221;][\/vc_column][vc_column width=&#8221;1\/2&#8243; css=&#8221;.vc_custom_1532640885006{padding-left: 20px !important;}&#8221; el_class=&#8221;product-details&#8221;][vc_column_text] LOUIS S\u00dcE (1875-1968) &amp; ANDR\u00c9 MARE (1885-1932) Pair of &#8221; Panier fleuri &#8221; chairs, circa 1910-1920 In sculpted mahogany &nbsp; Dimensions : H 92 cm x L 43,5 x P 44 cm H 36 x W 17 x D 17 in. Seating height [&#8230;]<\/p>\n<p><a class=\"btn btn-secondary understrap-read-more-link\" href=\"https:\/\/www.jacqueslacoste.com\/en\/louis-sue-et-andre-mare\/louis-sue-et-andre-mare-pair-of-panier-fleuri-chairs-circa-1910-1920\/\">Read More&#8230;<\/a><\/p>\n","protected":false},"author":2,"featured_media":75523,"parent":74415,"menu_order":0,"comment_status":"closed","ping_status":"closed","template":"","meta":{"inline_featured_image":false,"footnotes":""},"class_list":["post-75531","page","type-page","status-publish","has-post-thumbnail","hentry"],"_links":{"self":[{"href":"https:\/\/www.jacqueslacoste.com\/en\/wp-json\/wp\/v2\/pages\/75531","targetHints":{"allow":["GET"]}}],"collection":[{"href":"https:\/\/www.jacqueslacoste.com\/en\/wp-json\/wp\/v2\/pages"}],"about":[{"href":"https:\/\/www.jacqueslacoste.com\/en\/wp-json\/wp\/v2\/types\/page"}],"author":[{"embeddable":true,"href":"https:\/\/www.jacqueslacoste.com\/en\/wp-json\/wp\/v2\/users\/2"}],"replies":[{"embeddable":true,"href":"https:\/\/www.jacqueslacoste.com\/en\/wp-json\/wp\/v2\/comments?post=75531"}],"version-history":[{"count":1,"href":"https:\/\/www.jacqueslacoste.com\/en\/wp-json\/wp\/v2\/pages\/75531\/revisions"}],"predecessor-version":[{"id":75534,"href":"https:\/\/www.jacqueslacoste.com\/en\/wp-json\/wp\/v2\/pages\/75531\/revisions\/75534"}],"up":[{"embeddable":true,"href":"https:\/\/www.jacqueslacoste.com\/en\/wp-json\/wp\/v2\/pages\/74415"}],"wp:featuredmedia":[{"embeddable":true,"href":"https:\/\/www.jacqueslacoste.com\/en\/wp-json\/wp\/v2\/media\/75523"}],"wp:attachment":[{"href":"https:\/\/www.jacqueslacoste.com\/en\/wp-json\/wp\/v2\/media?parent=75531"}],"curies":[{"name":"wp","href":"https:\/\/api.w.org\/{rel}","templated":true}]}}