{"id":82227,"date":"2026-04-22T15:47:09","date_gmt":"2026-04-22T13:47:09","guid":{"rendered":"https:\/\/www.jacqueslacoste.com\/?page_id=82227"},"modified":"2026-04-22T15:47:09","modified_gmt":"2026-04-22T13:47:09","slug":"louis-sue-et-andre-mare-coffee-table-circa-1925","status":"publish","type":"page","link":"https:\/\/www.jacqueslacoste.com\/en\/louis-sue-et-andre-mare\/louis-sue-et-andre-mare-coffee-table-circa-1925\/","title":{"rendered":"Louis Sue et Andr\u00e9 Mare, Coffee table, circa 1925"},"content":{"rendered":"<p>[vc_row el_id=&#8221;arianne&#8221;][vc_column][vc_column_text]<nav aria-label=\"breadcrumbs\">\n            <div class=\"breadcrumb-container theme1\">\n                <ol>\n                                    <\/ol>\n            <\/div>\n        <\/nav>    <script type=\"application\/ld+json\">\n        {\n            \"@context\": \"http:\/\/schema.org\",\n            \"@type\": \"BreadcrumbList\",\n            \"itemListElement\": [\n                            ]\n        }\n    <\/script>\n   \n    <script>\n            <\/script>\n[\/vc_column_text][\/vc_column][\/vc_row][vc_row el_id=&#8221;single-prod&#8221;][vc_column width=&#8221;1\/2&#8243;][vc_gallery type=&#8221;image_grid&#8221; images=&#8221;82213,82217&#8243; img_size=&#8221;full&#8221;][\/vc_column][vc_column width=&#8221;1\/2&#8243; css=&#8221;.vc_custom_1532640885006{padding-left: 20px !important;}&#8221; el_class=&#8221;product-details&#8221;][vc_column_text]<\/p>\n<h2>LOUIS S\u00dcE (1875-1968) &amp;<br \/>\nANDR\u00c9 MARE (1885-1932)<\/h2>\n<h3>Patou coffee table, circa 1925<\/h3>\n<p>In walnut<\/p>\n<p>&nbsp;<\/p>\n<p><strong>Dimensions<\/strong> :<br \/>\nH 24 x L 137 x P 68 cm<br \/>\nH 9.4 x W 53.9 x D 26.8 in.<\/p>\n<div class=\"page\" title=\"Page 1\">\n<div class=\"layoutArea\">\n<div class=\"column\">\n<p>Note : Table presented in the Louis Sue et Andre\u0301 Mare pavillon at the 1925 Exhibition<\/p>\n<p>&nbsp;<\/p>\n<p><strong>Provenance :<\/strong><br \/>\nNoailles family<\/p>\n<p>&nbsp;<\/p>\n<p><strong>Documentation :<\/strong><br \/>\nMobilier et De\u0301coration d&#8217;Inte\u0301rieur, janvier 1926, notre table reproduite p.16<\/p>\n<p>&nbsp;<\/p>\n<p><strong>Literature :<\/strong><\/p>\n<p>Florence Camard, <em>Su\u0308e et Mare et la compagnie des Arts Franc\u0327ais<\/em>, les e\u0301ditions de l&#8217;amateur, Paris, 1993, p.116, et notre table p 135 et 281<\/p>\n<p>&nbsp;<\/p>\n<p><em>Re\u0301f : SEM065<\/em><\/p>\n<\/div>\n<\/div>\n<\/div>\n<p>[\/vc_column_text][vc_column_text]<\/p>\n<ul class=\"list-inline prod-list\">\n<li><a href=\"mailto:contact@jacqueslacoste.com?subject= Price upon request : Louis S\u00fce et Andr\u00e9 Mare - Louis Sue et Andr\u00e9 Mare, Coffee table, circa 1925 &body=https:www.jacqueslacoste.com\/en\/louis-sue-et-andre-mare\/louis-sue-et-andre-mare-coffee-table-circa-1925\/\">Price upon request<\/a><\/li>\n<li><a href=\"mailto:?subject=Louis S\u00fce et Andr\u00e9 Mare - Louis Sue et Andr\u00e9 Mare, Coffee table, circa 1925 &body=https:\/\/www.jacqueslacoste.com\/en\/louis-sue-et-andre-mare\/louis-sue-et-andre-mare-coffee-table-circa-1925\/\">SHARE<\/a><\/li>\n<\/ul>\n<p>[\/vc_column_text][vc_btn title=&#8221;BACK&#8221; style=&#8221;classic&#8221; link=&#8221;url:https%3A%2F%2Fwww.jacqueslacoste.com%2Fen%2Flouis-sue-et-andre-mare%2F|||&#8221;][\/vc_column][\/vc_row]<\/p>\n","protected":false},"excerpt":{"rendered":"<p>[vc_row el_id=&#8221;arianne&#8221;][vc_column][vc_column_text][\/vc_column_text][\/vc_column][\/vc_row][vc_row el_id=&#8221;single-prod&#8221;][vc_column width=&#8221;1\/2&#8243;][vc_gallery type=&#8221;image_grid&#8221; images=&#8221;82213,82217&#8243; img_size=&#8221;full&#8221;][\/vc_column][vc_column width=&#8221;1\/2&#8243; css=&#8221;.vc_custom_1532640885006{padding-left: 20px !important;}&#8221; el_class=&#8221;product-details&#8221;][vc_column_text] LOUIS S\u00dcE (1875-1968) &amp; ANDR\u00c9 MARE (1885-1932) Patou coffee table, circa 1925 In walnut &nbsp; Dimensions : H 24 x L 137 x P 68 cm H 9.4 x W 53.9 x D 26.8 in. Note : Table presented in the Louis Sue [&#8230;]<\/p>\n<p><a class=\"btn btn-secondary understrap-read-more-link\" href=\"https:\/\/www.jacqueslacoste.com\/en\/louis-sue-et-andre-mare\/louis-sue-et-andre-mare-coffee-table-circa-1925\/\">Read More&#8230;<\/a><\/p>\n","protected":false},"author":2,"featured_media":82220,"parent":74415,"menu_order":0,"comment_status":"closed","ping_status":"closed","template":"","meta":{"inline_featured_image":false,"footnotes":""},"class_list":["post-82227","page","type-page","status-publish","has-post-thumbnail","hentry"],"_links":{"self":[{"href":"https:\/\/www.jacqueslacoste.com\/en\/wp-json\/wp\/v2\/pages\/82227","targetHints":{"allow":["GET"]}}],"collection":[{"href":"https:\/\/www.jacqueslacoste.com\/en\/wp-json\/wp\/v2\/pages"}],"about":[{"href":"https:\/\/www.jacqueslacoste.com\/en\/wp-json\/wp\/v2\/types\/page"}],"author":[{"embeddable":true,"href":"https:\/\/www.jacqueslacoste.com\/en\/wp-json\/wp\/v2\/users\/2"}],"replies":[{"embeddable":true,"href":"https:\/\/www.jacqueslacoste.com\/en\/wp-json\/wp\/v2\/comments?post=82227"}],"version-history":[{"count":1,"href":"https:\/\/www.jacqueslacoste.com\/en\/wp-json\/wp\/v2\/pages\/82227\/revisions"}],"predecessor-version":[{"id":82230,"href":"https:\/\/www.jacqueslacoste.com\/en\/wp-json\/wp\/v2\/pages\/82227\/revisions\/82230"}],"up":[{"embeddable":true,"href":"https:\/\/www.jacqueslacoste.com\/en\/wp-json\/wp\/v2\/pages\/74415"}],"wp:featuredmedia":[{"embeddable":true,"href":"https:\/\/www.jacqueslacoste.com\/en\/wp-json\/wp\/v2\/media\/82220"}],"wp:attachment":[{"href":"https:\/\/www.jacqueslacoste.com\/en\/wp-json\/wp\/v2\/media?parent=82227"}],"curies":[{"name":"wp","href":"https:\/\/api.w.org\/{rel}","templated":true}]}}