{"id":8646,"date":"2019-05-28T11:39:41","date_gmt":"2019-05-28T09:39:41","guid":{"rendered":"http:\/\/dev.jacqueslacoste.com\/?page_id=8646"},"modified":"2019-06-24T17:03:08","modified_gmt":"2019-06-24T15:03:08","slug":"12-rue-de-seine","status":"publish","type":"page","link":"https:\/\/www.jacqueslacoste.com\/en\/gallery\/12-rue-de-seine\/","title":{"rendered":"12, rue de Seine"},"content":{"rendered":"<p>[vc_row el_id=&#8221;arianne&#8221;][vc_column][vc_column_text]<nav aria-label=\"breadcrumbs\">\n            <div class=\"breadcrumb-container theme1\">\n                <ol>\n                                    <\/ol>\n            <\/div>\n        <\/nav>    <script type=\"application\/ld+json\">\n        {\n            \"@context\": \"http:\/\/schema.org\",\n            \"@type\": \"BreadcrumbList\",\n            \"itemListElement\": [\n                            ]\n        }\n    <\/script>\n   \n    <script>\n            <\/script>\n[\/vc_column_text][\/vc_column][\/vc_row][vc_row el_id=&#8221;single-prod&#8221;][vc_column width=&#8221;1\/2&#8243;][vc_gallery type=&#8221;image_grid&#8221; images=&#8221;7326,7336,7338,7334,7332,7330,7328,7324,7322&#8243; img_size=&#8221;full&#8221;][\/vc_column][vc_column width=&#8221;1\/2&#8243; el_class=&#8221;product-details&#8221;][vc_column_text]<\/p>\n<h2 style=\"text-align: justify;\">12, RUE DE SEINE<\/h2>\n<p>&nbsp;<\/p>\n<p style=\"text-align: justify;\"><a href=\"https:\/\/www.google.com\/maps\/place\/12+Rue+de+Seine,+75006+Paris\/@48.8566347,2.3343019,17z\/data=!3m1!4b1!4m8!1m2!2m1!1s12+rue+de+Seine!3m4!1s0x47e66e2781f6d1d7:0x35bb49864170ace!8m2!3d48.8566347!4d2.3364906\" target=\"_blank\" rel=\"noopener\">12, rue de Seine, 75006 PARIS<\/a><\/p>\n<p style=\"text-align: justify;\">+ 33 1 40 20 41 82<br \/>\nOpen from Monday to Saturday,<br \/>\nfrom 11am to 1 pm and from 2pm to 7pm<\/p>\n<p>[\/vc_column_text][vc_column_text]<\/p>\n<ul class=\"list-inline prod-list\">\n<li><a href=\"mailto:contact@jacqueslacoste.com?subject= Information request &amp;body=First name : %0D%0A Last name : %0D%0A Your message\">Contact<\/a><\/li>\n<\/ul>\n<p>[\/vc_column_text][vc_column_text]<\/p>\n<p style=\"text-align: justify;\">Jacques Lacoste has been dealing in 20th-century decorative arts since 1997, and is renowned for rediscovering and promoting French designs from the 1930s and 1950s.<\/p>\n<p>&nbsp;<\/p>\n<p style=\"text-align: justify;\">The Jacques Lacoste Gallery boasts <a href=\"https:\/\/www.jacqueslacoste.com\/en\/our-archives\/\">a considerable archive<\/a> and is therefore the go-to place for information on the works of Jean Roy\u00e8re. This archive comprises over 10,000 documents, including numerous plans, drawings and original photographs, which bear witness to the decorator\u2019s tireless activity. The gallery has extensively contributed to revealing Jean Roy\u00e8re\u2019s innovative spirit and decorative fantasy through constant research, brought to the public through regular exhibitions and publications.<span class=\"Apple-converted-space\">\u00a0<\/span><\/p>\n<p>&nbsp;<\/p>\n<p style=\"text-align: justify;\">In 1999 the gallery dedicated its first exhibition to Jean Roy\u00e8re, before contributing to the publication of a monograph in 2003. After many years of patient acquisitions, in 2008 Jacques Lacoste was invited by Sonnabend Gallery in New York, to present a selection of 80<span class=\"Apple-converted-space\">\u00a0 <\/span>exceptional pieces by the decorator, alongside the Patrick Seguin Gallery. In 2012 Jacques Lacoste published, also in collaboration with Patrick Seguin, a two-volume book on Jean Roy\u00e8re.<\/p>\n<p>&nbsp;<\/p>\n<p style=\"text-align: justify;\">The Jacques Lacoste Gallery is keen to explore other areas. It has notably showcased the work of Max Ingrand, one of the greatest glass masters of his time. The gallery has been offering his lights and mirrors on a regular basis and gave him a show in 2009, while releasing the first monograph on his career.<span class=\"Apple-converted-space\">\u00a0<\/span><\/p>\n<p>&nbsp;<\/p>\n<p style=\"text-align: justify;\">Jacques Lacoste\u2019s taste for the 1950s doubles with a strong interest in the modernist designers of the interwar period, who were influential predecessors. Thus the gallery offers furniture by Robert Mallet-Stevens, Pierre Chareau and Ren\u00e9 Herbst. Equally the 1930s are represented with designs by Jacques-\u00c9mile Ruhlmann, Paul Dupr\u00e9-Lafon, Jean Dunand and Jean-Michel Frank.<\/p>\n<p>&nbsp;<\/p>\n<p style=\"text-align: justify;\">Besides the gallery has a particular interest in furniture designed by sculptors. It regularly offers works by Alberto and Diego Giacometti. During the 2016 edition of Design Miami\/Basel the Jacques Lacoste Gallery unveiled to the public an exceptional bronze <i>Books Chamber<\/i> commissioned by publisher Marc Barbezat in the 1960s. Also at the intersection between sculpture and the decorative arts, are the powerfully expressive wooden pieces by Alexandre Noll, a unique figure in the postwar period.<\/p>\n<p>&nbsp;<\/p>\n<p style=\"text-align: justify;\">A member of the Compagnie Nationale des Experts, Jacques Lacoste offers works by <a href=\"https:\/\/www.jacqueslacoste.com\/en\/jean-royere\/\">Jean Roy\u00e8re<\/a>, <a href=\"https:\/\/www.jacqueslacoste.com\/en\/max-ingrand\/\">Max Ingrand<\/a>, <a href=\"https:\/\/www.jacqueslacoste.com\/en\/alexandre-noll\/\">Alexandre Noll<\/a>, <a href=\"https:\/\/www.jacqueslacoste.com\/en\/georges-jouve\/\">Georges Jouve<\/a>, <a href=\"https:\/\/www.jacqueslacoste.com\/en\/serge-mouille\/\">Serge Mouille<\/a>, <a href=\"https:\/\/www.jacqueslacoste.com\/en\/charlotte-perriand\/\">Charlotte Perriand,<\/a> <a href=\"https:\/\/www.jacqueslacoste.com\/en\/jean-prouve\/\">Jean Prouv\u00e9<\/a>, <a href=\"https:\/\/www.jacqueslacoste.com\/en\/giacometti\/\">Diego and Alberto Giacometti<\/a>, <a href=\"https:\/\/www.jacqueslacoste.com\/en\/pablo-picasso\/\">Pablo Picasso<\/a>, Valentine Schlegel, Jean-Michel Frank, <a href=\"https:\/\/www.jacqueslacoste.com\/en\/pierre-chareau\/\">Pierre Chareau<\/a>, <a href=\"https:\/\/www.jacqueslacoste.com\/en\/paul-dupre-lafon\/\">Paul Dupr\u00e9-Lafon<\/a>, <a href=\"https:\/\/www.jacqueslacoste.com\/en\/jacques-emile-ruhlmann\/\">Jacques-\u00c9mile Ruhlmann<\/a>, <a href=\"https:\/\/www.jacqueslacoste.com\/en\/jean-dunand\/\">Jean Dunand<\/a>\u2026<span class=\"Apple-converted-space\">\u00a0<\/span><\/p>\n<p>[\/vc_column_text][vc_btn title=&#8221;BACK&#8221; style=&#8221;classic&#8221; link=&#8221;url:https%3A%2F%2Fwww.jacqueslacoste.com%2Fen%2Fgallery%2F|||&#8221;][\/vc_column][\/vc_row]<\/p>\n","protected":false},"excerpt":{"rendered":"<p>[vc_row el_id=&#8221;arianne&#8221;][vc_column][vc_column_text][\/vc_column_text][\/vc_column][\/vc_row][vc_row el_id=&#8221;single-prod&#8221;][vc_column width=&#8221;1\/2&#8243;][vc_gallery type=&#8221;image_grid&#8221; images=&#8221;7326,7336,7338,7334,7332,7330,7328,7324,7322&#8243; img_size=&#8221;full&#8221;][\/vc_column][vc_column width=&#8221;1\/2&#8243; el_class=&#8221;product-details&#8221;][vc_column_text] 12, RUE DE SEINE &nbsp; 12, rue de Seine, 75006 PARIS + 33 1 40 20 41 82 Open from Monday to Saturday, from 11am to 1 pm and from 2pm to 7pm [\/vc_column_text][vc_column_text] [\/vc_column_text][vc_column_text] Jacques Lacoste has been dealing in 20th-century decorative arts since 1997, [&#8230;]<\/p>\n<p><a class=\"btn btn-secondary understrap-read-more-link\" href=\"https:\/\/www.jacqueslacoste.com\/en\/gallery\/12-rue-de-seine\/\">Read More&#8230;<\/a><\/p>\n","protected":false},"author":1,"featured_media":0,"parent":5695,"menu_order":0,"comment_status":"closed","ping_status":"closed","template":"","meta":{"inline_featured_image":false,"footnotes":""},"class_list":["post-8646","page","type-page","status-publish","hentry"],"_links":{"self":[{"href":"https:\/\/www.jacqueslacoste.com\/en\/wp-json\/wp\/v2\/pages\/8646","targetHints":{"allow":["GET"]}}],"collection":[{"href":"https:\/\/www.jacqueslacoste.com\/en\/wp-json\/wp\/v2\/pages"}],"about":[{"href":"https:\/\/www.jacqueslacoste.com\/en\/wp-json\/wp\/v2\/types\/page"}],"author":[{"embeddable":true,"href":"https:\/\/www.jacqueslacoste.com\/en\/wp-json\/wp\/v2\/users\/1"}],"replies":[{"embeddable":true,"href":"https:\/\/www.jacqueslacoste.com\/en\/wp-json\/wp\/v2\/comments?post=8646"}],"version-history":[{"count":0,"href":"https:\/\/www.jacqueslacoste.com\/en\/wp-json\/wp\/v2\/pages\/8646\/revisions"}],"up":[{"embeddable":true,"href":"https:\/\/www.jacqueslacoste.com\/en\/wp-json\/wp\/v2\/pages\/5695"}],"wp:attachment":[{"href":"https:\/\/www.jacqueslacoste.com\/en\/wp-json\/wp\/v2\/media?parent=8646"}],"curies":[{"name":"wp","href":"https:\/\/api.w.org\/{rel}","templated":true}]}}